{"id":15317,"date":"2024-05-22T15:23:19","date_gmt":"2024-05-22T13:23:19","guid":{"rendered":"https:\/\/easypicky.com\/libros-blancos\/"},"modified":"2025-03-18T10:30:50","modified_gmt":"2025-03-18T09:30:50","slug":"libros-blancos","status":"publish","type":"page","link":"https:\/\/easypicky.com\/es\/libros-blancos\/","title":{"rendered":"Libros blancos"},"content":{"rendered":"\t\t<div data-elementor-type=\"wp-page\" data-elementor-id=\"15317\" class=\"elementor elementor-15317 elementor-9972\">\n\t\t\t\t\t\t<section class=\"elementor-section elementor-top-section elementor-element elementor-element-1c006fa elementor-section-boxed elementor-section-height-default elementor-section-height-default exad-glass-effect-no exad-sticky-section-no\" data-id=\"1c006fa\" data-element_type=\"section\" data-e-type=\"section\" data-settings=\"{&quot;background_background&quot;:&quot;classic&quot;,&quot;shape_divider_bottom&quot;:&quot;triangle-asymmetrical&quot;,&quot;shape_divider_bottom_negative&quot;:&quot;yes&quot;}\">\n\t\t\t\t\t<div class=\"elementor-shape elementor-shape-bottom\" aria-hidden=\"true\" data-negative=\"true\">\n\t\t\t<svg xmlns=\"http:\/\/www.w3.org\/2000\/svg\" viewBox=\"0 0 1000 100\" preserveAspectRatio=\"none\">\n\t<path class=\"elementor-shape-fill\" d=\"M737.9,94.7L0,0v100h1000V0L737.9,94.7z\"\/>\n<\/svg>\t\t<\/div>\n\t\t\t\t\t<div class=\"elementor-container elementor-column-gap-default\">\n\t\t\t\t\t<div class=\"elementor-column elementor-col-50 elementor-top-column elementor-element elementor-element-d3aaf96 exad-glass-effect-no exad-sticky-section-no\" data-id=\"d3aaf96\" data-element_type=\"column\" data-e-type=\"column\">\n\t\t\t<div class=\"elementor-widget-wrap elementor-element-populated\">\n\t\t\t\t\t\t<div class=\"elementor-element elementor-element-187261a ui-e-a-animate exad-sticky-section-no exad-glass-effect-no elementor-widget elementor-widget-highlighted-text\" data-id=\"187261a\" data-element_type=\"widget\" data-e-type=\"widget\" data-widget_type=\"highlighted-text.default\">\n\t\t\t\t<div class=\"elementor-widget-container\">\n\t\t\t\t\t\t\t<h1 class=\"ui-e--highlighted-text\" >\r\n        <span class=\"ui-e-headline-text\">Descubra nuestros <\/span><span class=\"whitespace\"> <\/span><span class=\"ui-e-headline-text ui-e-headline-stroke1\">\r\n\t\t\t\t\t\t\t<span class=\"ui-e-headline-text ui-e-headline-highlighted\">libros blancos<\/span><span class=\"uicore-svg-wrapper\"><svg xmlns=\"http:\/\/www.w3.org\/2000\/svg\" viewBox=\"0 0 500 150\" preserveAspectRatio=\"none\"><path d='M15.2,133.3L15.2,133.3c121.9-7.6,244-9.9,366.1-6.8c34.6,0.9,69.1,2.3,103.7,4'\/><\/svg><\/span><\/span><span class=\"whitespace\"> <\/span>        <\/h1>\r\n        \t\t\t\t<\/div>\n\t\t\t\t<\/div>\n\t\t\t\t<div class=\"elementor-element elementor-element-bfa156e exad-sticky-section-no exad-glass-effect-no elementor-widget elementor-widget-text-editor\" data-id=\"bfa156e\" data-element_type=\"widget\" data-e-type=\"widget\" data-widget_type=\"text-editor.default\">\n\t\t\t\t<div class=\"elementor-widget-container\">\n\t\t\t\t\t\t\t\t\t<p>EasyPicky le ofrece libros blancos y comparte con usted informaci\u00f3n valiosa, an\u00e1lisis exhaustivos y consejos pr\u00e1cticos para navegar por el siempre cambiante panorama del comercio minorista.<\/p>\n\t\t\t\t\t\t\t\t<\/div>\n\t\t\t\t<\/div>\n\t\t\t\t\t<\/div>\n\t\t<\/div>\n\t\t\t\t<div class=\"elementor-column elementor-col-50 elementor-top-column elementor-element elementor-element-0ee4155 exad-glass-effect-no\" data-id=\"0ee4155\" data-element_type=\"column\" data-e-type=\"column\">\n\t\t\t<div class=\"elementor-widget-wrap elementor-element-populated\">\n\t\t\t\t\t\t<div class=\"elementor-element elementor-element-c59349d exad-sticky-section-no exad-glass-effect-no elementor-widget elementor-widget-image\" data-id=\"c59349d\" data-element_type=\"widget\" data-e-type=\"widget\" data-widget_type=\"image.default\">\n\t\t\t\t<div class=\"elementor-widget-container\">\n\t\t\t\t\t\t\t\t\t\t\t\t\t\t\t<img fetchpriority=\"high\" decoding=\"async\" width=\"300\" height=\"300\" src=\"https:\/\/easypicky.com\/wp-content\/uploads\/2024\/05\/Livre-blanc-2.svg?w=300&amp;h=300\" class=\"attachment-medium size-medium wp-image-15325\" alt=\"\" srcset=\"https:\/\/easypicky.com\/wp-content\/uploads\/2024\/05\/Livre-blanc-2.svg?w=150 150w, https:\/\/easypicky.com\/wp-content\/uploads\/2024\/05\/Livre-blanc-2.svg?w=300 300w, https:\/\/easypicky.com\/wp-content\/uploads\/2024\/05\/Livre-blanc-2.svg?w=1024 1024w\" sizes=\"(max-width: 300px) 100vw, 300px\" \/>\t\t\t\t\t\t\t\t\t\t\t\t\t\t\t<\/div>\n\t\t\t\t<\/div>\n\t\t\t\t\t<\/div>\n\t\t<\/div>\n\t\t\t\t\t<\/div>\n\t\t<\/section>\n\t\t\t\t<section class=\"elementor-section elementor-top-section elementor-element elementor-element-7755d73 elementor-section-boxed elementor-section-height-default elementor-section-height-default exad-glass-effect-no exad-sticky-section-no\" data-id=\"7755d73\" data-element_type=\"section\" data-e-type=\"section\">\n\t\t\t\t\t\t<div class=\"elementor-container elementor-column-gap-default\">\n\t\t\t\t\t<div class=\"elementor-column elementor-col-33 elementor-top-column elementor-element elementor-element-fb8e69a exad-glass-effect-no exad-sticky-section-no\" data-id=\"fb8e69a\" data-element_type=\"column\" data-e-type=\"column\">\n\t\t\t<div class=\"elementor-widget-wrap elementor-element-populated\">\n\t\t\t\t\t\t<div class=\"elementor-element elementor-element-6bb51af exad-sticky-section-no exad-glass-effect-no elementor-widget elementor-widget-image\" data-id=\"6bb51af\" data-element_type=\"widget\" data-e-type=\"widget\" data-widget_type=\"image.default\">\n\t\t\t\t<div class=\"elementor-widget-container\">\n\t\t\t\t\t\t\t\t\t\t\t\t\t\t\t<img decoding=\"async\" width=\"650\" height=\"650\" src=\"https:\/\/easypicky-555036211.imgix.net\/wp-content\/uploads\/2025\/03\/Webinaire-livre-blanc-12.png?auto=format%2Cenhance%2Ccompress&amp;w=650&amp;h=650\" class=\"attachment-uicore-medium size-uicore-medium wp-image-15236\" alt=\"\" srcset=\"https:\/\/easypicky-555036211.imgix.net\/wp-content\/uploads\/2025\/03\/Webinaire-livre-blanc-12.png?auto=format%2Cenhance%2Ccompress&amp;w=1200 1200w, https:\/\/easypicky-555036211.imgix.net\/wp-content\/uploads\/2025\/03\/Webinaire-livre-blanc-12.png?auto=format%2Cenhance%2Ccompress&amp;w=300 300w, https:\/\/easypicky-555036211.imgix.net\/wp-content\/uploads\/2025\/03\/Webinaire-livre-blanc-12.png?auto=format%2Cenhance%2Ccompress&amp;w=1024 1024w, https:\/\/easypicky-555036211.imgix.net\/wp-content\/uploads\/2025\/03\/Webinaire-livre-blanc-12.png?auto=format%2Cenhance%2Ccompress&amp;w=150 150w, https:\/\/easypicky-555036211.imgix.net\/wp-content\/uploads\/2025\/03\/Webinaire-livre-blanc-12.png?auto=format%2Cenhance%2Ccompress&amp;w=768 768w, https:\/\/easypicky-555036211.imgix.net\/wp-content\/uploads\/2025\/03\/Webinaire-livre-blanc-12.png?auto=format%2Cenhance%2Ccompress&amp;w=650 650w\" sizes=\"(max-width: 650px) 100vw, 650px\" \/>\t\t\t\t\t\t\t\t\t\t\t\t\t\t\t<\/div>\n\t\t\t\t<\/div>\n\t\t\t\t<div class=\"elementor-element elementor-element-0d80b33 exad-sticky-section-no exad-glass-effect-no elementor-widget elementor-widget-heading\" data-id=\"0d80b33\" data-element_type=\"widget\" data-e-type=\"widget\" data-widget_type=\"heading.default\">\n\t\t\t\t<div class=\"elementor-widget-container\">\n\t\t\t\t\t<h2 class=\"elementor-heading-title elementor-size-default\">\u00bfY si la Inteligencia Artificial reinventara el comercio minorista?<\/h2>\t\t\t\t<\/div>\n\t\t\t\t<\/div>\n\t\t\t\t<div class=\"elementor-element elementor-element-54b5586 exad-sticky-section-no exad-glass-effect-no elementor-widget elementor-widget-heading\" data-id=\"54b5586\" data-element_type=\"widget\" data-e-type=\"widget\" data-widget_type=\"heading.default\">\n\t\t\t\t<div class=\"elementor-widget-container\">\n\t\t\t\t\t<h3 class=\"elementor-heading-title elementor-size-default\">EasyPicky<\/h3>\t\t\t\t<\/div>\n\t\t\t\t<\/div>\n\t\t\t\t<div class=\"elementor-element elementor-element-6dd0126 exad-sticky-section-no exad-glass-effect-no elementor-widget elementor-widget-text-editor\" data-id=\"6dd0126\" data-element_type=\"widget\" data-e-type=\"widget\" data-widget_type=\"text-editor.default\">\n\t\t\t\t<div class=\"elementor-widget-container\">\n\t\t\t\t\t\t\t\t\t<p>La IA, un verdadero motor de rendimiento para el comercio minorista, no forma parte del futuro del comercio minorista, \u00a1ya est\u00e1 aqu\u00ed!<\/p>\n<p>Lea nuestro libro blanco :<\/p>\n\t\t\t\t\t\t\t\t<\/div>\n\t\t\t\t<\/div>\n\t\t\t\t<div class=\"elementor-element elementor-element-c339503 elementor-align-center exad-sticky-section-no exad-glass-effect-no elementor-widget elementor-widget-button\" data-id=\"c339503\" data-element_type=\"widget\" data-e-type=\"widget\" data-widget_type=\"button.default\">\n\t\t\t\t<div class=\"elementor-widget-container\">\n\t\t\t\t\t\t\t\t\t<div class=\"elementor-button-wrapper\">\n\t\t\t\t\t<a class=\"elementor-button elementor-button-link elementor-size-sm\" href=\"https:\/\/easypicky.com\/es\/libro-blanco-y-si-la-inteligencia-artificial-reinventara-el-comercio-minorista\/\">\n\t\t\t\t\t\t<span class=\"elementor-button-content-wrapper\">\n\t\t\t\t\t\t<span class=\"elementor-button-icon\">\n\t\t\t\t<i aria-hidden=\"true\" class=\"remixicon ri-folder-received-line\"><\/i>\t\t\t<\/span>\n\t\t\t\t\t\t\t\t\t<span class=\"elementor-button-text\">Leer el libro blanco<\/span>\n\t\t\t\t\t<\/span>\n\t\t\t\t\t<\/a>\n\t\t\t\t<\/div>\n\t\t\t\t\t\t\t\t<\/div>\n\t\t\t\t<\/div>\n\t\t\t\t\t<\/div>\n\t\t<\/div>\n\t\t\t\t<div class=\"elementor-column elementor-col-33 elementor-top-column elementor-element elementor-element-da2faa4 exad-glass-effect-no exad-sticky-section-no\" data-id=\"da2faa4\" data-element_type=\"column\" data-e-type=\"column\">\n\t\t\t<div class=\"elementor-widget-wrap elementor-element-populated\">\n\t\t\t\t\t\t<div class=\"elementor-element elementor-element-8943006 exad-sticky-section-no exad-glass-effect-no elementor-widget elementor-widget-image\" data-id=\"8943006\" data-element_type=\"widget\" data-e-type=\"widget\" data-widget_type=\"image.default\">\n\t\t\t\t<div class=\"elementor-widget-container\">\n\t\t\t\t\t\t\t\t\t\t\t\t\t\t\t<img decoding=\"async\" width=\"650\" height=\"650\" src=\"https:\/\/easypicky-555036211.imgix.net\/wp-content\/uploads\/2025\/03\/Webinaire-livre-blanc-11.png?auto=format%2Cenhance%2Ccompress&amp;w=650&amp;h=650\" class=\"attachment-uicore-medium size-uicore-medium wp-image-15232\" alt=\"\" srcset=\"https:\/\/easypicky-555036211.imgix.net\/wp-content\/uploads\/2025\/03\/Webinaire-livre-blanc-11.png?auto=format%2Cenhance%2Ccompress&amp;w=1200 1200w, https:\/\/easypicky-555036211.imgix.net\/wp-content\/uploads\/2025\/03\/Webinaire-livre-blanc-11.png?auto=format%2Cenhance%2Ccompress&amp;w=300 300w, https:\/\/easypicky-555036211.imgix.net\/wp-content\/uploads\/2025\/03\/Webinaire-livre-blanc-11.png?auto=format%2Cenhance%2Ccompress&amp;w=1024 1024w, https:\/\/easypicky-555036211.imgix.net\/wp-content\/uploads\/2025\/03\/Webinaire-livre-blanc-11.png?auto=format%2Cenhance%2Ccompress&amp;w=150 150w, https:\/\/easypicky-555036211.imgix.net\/wp-content\/uploads\/2025\/03\/Webinaire-livre-blanc-11.png?auto=format%2Cenhance%2Ccompress&amp;w=768 768w, https:\/\/easypicky-555036211.imgix.net\/wp-content\/uploads\/2025\/03\/Webinaire-livre-blanc-11.png?auto=format%2Cenhance%2Ccompress&amp;w=650 650w\" sizes=\"(max-width: 650px) 100vw, 650px\" \/>\t\t\t\t\t\t\t\t\t\t\t\t\t\t\t<\/div>\n\t\t\t\t<\/div>\n\t\t\t\t<div class=\"elementor-element elementor-element-ce894e4 exad-sticky-section-no exad-glass-effect-no elementor-widget elementor-widget-heading\" data-id=\"ce894e4\" data-element_type=\"widget\" data-e-type=\"widget\" data-widget_type=\"heading.default\">\n\t\t\t\t<div class=\"elementor-widget-container\">\n\t\t\t\t\t<h2 class=\"elementor-heading-title elementor-size-medium\">Principales tendencias del comercio minorista en 2025<\/h2>\t\t\t\t<\/div>\n\t\t\t\t<\/div>\n\t\t\t\t<div class=\"elementor-element elementor-element-d762a7a exad-sticky-section-no exad-glass-effect-no elementor-widget elementor-widget-heading\" data-id=\"d762a7a\" data-element_type=\"widget\" data-e-type=\"widget\" data-widget_type=\"heading.default\">\n\t\t\t\t<div class=\"elementor-widget-container\">\n\t\t\t\t\t<h3 class=\"elementor-heading-title elementor-size-default\">EasyPicky<\/h3>\t\t\t\t<\/div>\n\t\t\t\t<\/div>\n\t\t\t\t<div class=\"elementor-element elementor-element-81032f0 exad-sticky-section-no exad-glass-effect-no elementor-widget elementor-widget-text-editor\" data-id=\"81032f0\" data-element_type=\"widget\" data-e-type=\"widget\" data-widget_type=\"text-editor.default\">\n\t\t\t\t<div class=\"elementor-widget-container\">\n\t\t\t\t\t\t\t\t\t<p>Descubra las principales tendencias del comercio minorista que marcar\u00e1n el a\u00f1o 2025.<\/p>\n<p>Lea nuestro libro blanco :<\/p>\n\t\t\t\t\t\t\t\t<\/div>\n\t\t\t\t<\/div>\n\t\t\t\t<div class=\"elementor-element elementor-element-6a19480 elementor-align-center exad-sticky-section-no exad-glass-effect-no elementor-widget elementor-widget-button\" data-id=\"6a19480\" data-element_type=\"widget\" data-e-type=\"widget\" data-widget_type=\"button.default\">\n\t\t\t\t<div class=\"elementor-widget-container\">\n\t\t\t\t\t\t\t\t\t<div class=\"elementor-button-wrapper\">\n\t\t\t\t\t<a class=\"elementor-button elementor-button-link elementor-size-sm\" href=\"https:\/\/easypicky.com\/es\/libro-blanco-principales-tendencias-del-comercio-minorista-en-2025\/\">\n\t\t\t\t\t\t<span class=\"elementor-button-content-wrapper\">\n\t\t\t\t\t\t<span class=\"elementor-button-icon\">\n\t\t\t\t<i aria-hidden=\"true\" class=\"remixicon ri-folder-received-line\"><\/i>\t\t\t<\/span>\n\t\t\t\t\t\t\t\t\t<span class=\"elementor-button-text\">Leer el libro blanco<\/span>\n\t\t\t\t\t<\/span>\n\t\t\t\t\t<\/a>\n\t\t\t\t<\/div>\n\t\t\t\t\t\t\t\t<\/div>\n\t\t\t\t<\/div>\n\t\t\t\t\t<\/div>\n\t\t<\/div>\n\t\t\t\t<div class=\"elementor-column elementor-col-33 elementor-top-column elementor-element elementor-element-0cb68ad exad-glass-effect-no exad-sticky-section-no\" data-id=\"0cb68ad\" data-element_type=\"column\" data-e-type=\"column\">\n\t\t\t<div class=\"elementor-widget-wrap elementor-element-populated\">\n\t\t\t\t\t\t<div class=\"elementor-element elementor-element-bf02df5 exad-sticky-section-no exad-glass-effect-no elementor-widget elementor-widget-image\" data-id=\"bf02df5\" data-element_type=\"widget\" data-e-type=\"widget\" data-widget_type=\"image.default\">\n\t\t\t\t<div class=\"elementor-widget-container\">\n\t\t\t\t\t\t\t\t\t\t\t\t\t\t\t<img loading=\"lazy\" decoding=\"async\" width=\"650\" height=\"650\" src=\"https:\/\/easypicky-555036211.imgix.net\/wp-content\/uploads\/2025\/03\/Webinaire-livre-blanc-13.png?auto=format%2Cenhance%2Ccompress&amp;w=650&amp;h=650\" class=\"attachment-uicore-medium size-uicore-medium wp-image-15340\" alt=\"\" srcset=\"https:\/\/easypicky-555036211.imgix.net\/wp-content\/uploads\/2025\/03\/Webinaire-livre-blanc-13.png?auto=format%2Cenhance%2Ccompress&amp;w=1200 1200w, https:\/\/easypicky-555036211.imgix.net\/wp-content\/uploads\/2025\/03\/Webinaire-livre-blanc-13.png?auto=format%2Cenhance%2Ccompress&amp;w=300 300w, https:\/\/easypicky-555036211.imgix.net\/wp-content\/uploads\/2025\/03\/Webinaire-livre-blanc-13.png?auto=format%2Cenhance%2Ccompress&amp;w=1024 1024w, https:\/\/easypicky-555036211.imgix.net\/wp-content\/uploads\/2025\/03\/Webinaire-livre-blanc-13.png?auto=format%2Cenhance%2Ccompress&amp;w=150 150w, https:\/\/easypicky-555036211.imgix.net\/wp-content\/uploads\/2025\/03\/Webinaire-livre-blanc-13.png?auto=format%2Cenhance%2Ccompress&amp;w=768 768w, https:\/\/easypicky-555036211.imgix.net\/wp-content\/uploads\/2025\/03\/Webinaire-livre-blanc-13.png?auto=format%2Cenhance%2Ccompress&amp;w=650 650w\" sizes=\"(max-width: 650px) 100vw, 650px\" \/>\t\t\t\t\t\t\t\t\t\t\t\t\t\t\t<\/div>\n\t\t\t\t<\/div>\n\t\t\t\t<div class=\"elementor-element elementor-element-d74d6cc exad-sticky-section-no exad-glass-effect-no elementor-widget elementor-widget-heading\" data-id=\"d74d6cc\" data-element_type=\"widget\" data-e-type=\"widget\" data-widget_type=\"heading.default\">\n\t\t\t\t<div class=\"elementor-widget-container\">\n\t\t\t\t\t<h2 class=\"elementor-heading-title elementor-size-default\">Gesti\u00f3n de la transformaci\u00f3n digital en el comercio minorista<\/h2>\t\t\t\t<\/div>\n\t\t\t\t<\/div>\n\t\t\t\t<div class=\"elementor-element elementor-element-8a538bc exad-sticky-section-no exad-glass-effect-no elementor-widget elementor-widget-heading\" data-id=\"8a538bc\" data-element_type=\"widget\" data-e-type=\"widget\" data-widget_type=\"heading.default\">\n\t\t\t\t<div class=\"elementor-widget-container\">\n\t\t\t\t\t<h3 class=\"elementor-heading-title elementor-size-default\">EasyPicky<\/h3>\t\t\t\t<\/div>\n\t\t\t\t<\/div>\n\t\t\t\t<div class=\"elementor-element elementor-element-6439534 elementor-align-center exad-sticky-section-no exad-glass-effect-no elementor-widget elementor-widget-button\" data-id=\"6439534\" data-element_type=\"widget\" data-e-type=\"widget\" data-widget_type=\"button.default\">\n\t\t\t\t<div class=\"elementor-widget-container\">\n\t\t\t\t\t\t\t\t\t<div class=\"elementor-button-wrapper\">\n\t\t\t\t\t<a class=\"elementor-button elementor-button-link elementor-size-sm\" href=\"https:\/\/easypicky.com\/es\/boletin\/\">\n\t\t\t\t\t\t<span class=\"elementor-button-content-wrapper\">\n\t\t\t\t\t\t<span class=\"elementor-button-icon\">\n\t\t\t\t<i aria-hidden=\"true\" class=\"far fa-bell\"><\/i>\t\t\t<\/span>\n\t\t\t\t\t\t\t\t\t<span class=\"elementor-button-text\">Recibir notificaci\u00f3n de publicaci\u00f3n<\/span>\n\t\t\t\t\t<\/span>\n\t\t\t\t\t<\/a>\n\t\t\t\t<\/div>\n\t\t\t\t\t\t\t\t<\/div>\n\t\t\t\t<\/div>\n\t\t\t\t\t<\/div>\n\t\t<\/div>\n\t\t\t\t\t<\/div>\n\t\t<\/section>\n\t\t\t\t<section class=\"elementor-section elementor-top-section elementor-element elementor-element-1f112d3 elementor-section-boxed elementor-section-height-default elementor-section-height-default exad-glass-effect-no exad-sticky-section-no\" data-id=\"1f112d3\" data-element_type=\"section\" data-e-type=\"section\" data-settings=\"{&quot;background_background&quot;:&quot;classic&quot;}\">\n\t\t\t\t\t\t<div class=\"elementor-container elementor-column-gap-default\">\n\t\t\t\t\t<div class=\"elementor-column elementor-col-100 elementor-top-column elementor-element elementor-element-7680659 exad-glass-effect-no exad-sticky-section-no\" data-id=\"7680659\" data-element_type=\"column\" data-e-type=\"column\">\n\t\t\t<div class=\"elementor-widget-wrap elementor-element-populated\">\n\t\t\t\t\t\t<div class=\"elementor-element elementor-element-185f76e exad-sticky-section-no exad-glass-effect-no elementor-widget elementor-widget-heading\" data-id=\"185f76e\" data-element_type=\"widget\" data-e-type=\"widget\" data-widget_type=\"heading.default\">\n\t\t\t\t<div class=\"elementor-widget-container\">\n\t\t\t\t\t<h2 class=\"elementor-heading-title elementor-size-default\">\u00bfQuiere estar al d\u00eda de las \u00faltimas noticias del comercio minorista? <\/h2>\t\t\t\t<\/div>\n\t\t\t\t<\/div>\n\t\t\t\t<div class=\"elementor-element elementor-element-63f99c1 exad-sticky-section-no exad-glass-effect-no elementor-widget elementor-widget-text-editor\" data-id=\"63f99c1\" data-element_type=\"widget\" data-e-type=\"widget\" data-widget_type=\"text-editor.default\">\n\t\t\t\t<div class=\"elementor-widget-container\">\n\t\t\t\t\t\t\t\t\tReciba nuestro bolet\u00edn mensual con informaci\u00f3n sobre :\n<ul>\n \t<li>El mes que viene: contenidos exclusivos (seminarios web, libros blancos, etc.) y ferias ineludibles<\/li>\n \t<li>Nuestros temas favoritos: la evoluci\u00f3n del reconocimiento de im\u00e1genes, la IA, la tecnolog\u00eda para el comercio minorista<\/li>\n \t<li>Reflexiones sobre la optimizaci\u00f3n del tratamiento de datos de campo en el sector minorista<\/li>\n \t<li>EasyPicky entre bastidores: nuevas funciones, testimonios de clientes, etc.<\/li>\n<\/ul>\t\t\t\t\t\t\t\t<\/div>\n\t\t\t\t<\/div>\n\t\t\t\t<div class=\"elementor-element elementor-element-22dcdab elementor-align-center exad-sticky-section-no exad-glass-effect-no elementor-widget elementor-widget-button\" data-id=\"22dcdab\" data-element_type=\"widget\" data-e-type=\"widget\" data-widget_type=\"button.default\">\n\t\t\t\t<div class=\"elementor-widget-container\">\n\t\t\t\t\t\t\t\t\t<div class=\"elementor-button-wrapper\">\n\t\t\t\t\t<a class=\"elementor-button elementor-button-link elementor-size-sm\" href=\"https:\/\/easypicky.com\/es\/boletin\/\">\n\t\t\t\t\t\t<span class=\"elementor-button-content-wrapper\">\n\t\t\t\t\t\t\t\t\t<span class=\"elementor-button-text\">Me gustar\u00eda suscribirme al bolet\u00edn de EasyPicky<\/span>\n\t\t\t\t\t<\/span>\n\t\t\t\t\t<\/a>\n\t\t\t\t<\/div>\n\t\t\t\t\t\t\t\t<\/div>\n\t\t\t\t<\/div>\n\t\t\t\t\t<\/div>\n\t\t<\/div>\n\t\t\t\t\t<\/div>\n\t\t<\/section>\n\t\t\t\t<\/div>\n\t\t","protected":false},"excerpt":{"rendered":"<p>Descubra nuestros libros blancos EasyPicky le ofrece libros blancos y comparte con usted informaci\u00f3n valiosa, an\u00e1lisis exhaustivos y consejos pr\u00e1cticos para navegar [&hellip;]<\/p>\n","protected":false},"author":3,"featured_media":0,"parent":0,"menu_order":0,"comment_status":"closed","ping_status":"closed","template":"","meta":{"_seopress_robots_primary_cat":"","_seopress_titles_title":"EasyPicky - Libros blancos","_seopress_titles_desc":"Descubra informaci\u00f3n valiosa, an\u00e1lisis exhaustivos y consejos pr\u00e1cticos para navegar por el cambiante panorama del comercio minorista.","_seopress_robots_index":"","content-type":"","footnotes":""},"class_list":["post-15317","page","type-page","status-publish","hentry"],"_links":{"self":[{"href":"https:\/\/easypicky.com\/es\/wp-json\/wp\/v2\/pages\/15317","targetHints":{"allow":["GET"]}}],"collection":[{"href":"https:\/\/easypicky.com\/es\/wp-json\/wp\/v2\/pages"}],"about":[{"href":"https:\/\/easypicky.com\/es\/wp-json\/wp\/v2\/types\/page"}],"author":[{"embeddable":true,"href":"https:\/\/easypicky.com\/es\/wp-json\/wp\/v2\/users\/3"}],"replies":[{"embeddable":true,"href":"https:\/\/easypicky.com\/es\/wp-json\/wp\/v2\/comments?post=15317"}],"version-history":[{"count":6,"href":"https:\/\/easypicky.com\/es\/wp-json\/wp\/v2\/pages\/15317\/revisions"}],"predecessor-version":[{"id":15347,"href":"https:\/\/easypicky.com\/es\/wp-json\/wp\/v2\/pages\/15317\/revisions\/15347"}],"wp:attachment":[{"href":"https:\/\/easypicky.com\/es\/wp-json\/wp\/v2\/media?parent=15317"}],"curies":[{"name":"wp","href":"https:\/\/api.w.org\/{rel}","templated":true}]}}