{"id":14613,"date":"2023-07-05T12:49:17","date_gmt":"2023-07-05T10:49:17","guid":{"rendered":"https:\/\/easypicky.com\/video-emergente\/"},"modified":"2025-03-12T15:04:45","modified_gmt":"2025-03-12T14:04:45","slug":"video-emergente","status":"publish","type":"page","link":"https:\/\/easypicky.com\/es\/video-emergente\/","title":{"rendered":"V\u00eddeo emergente"},"content":{"rendered":"\t\t<div data-elementor-type=\"wp-page\" data-elementor-id=\"14613\" class=\"elementor elementor-14613 elementor-272\">\n\t\t\t\t\t\t<section class=\"elementor-section elementor-top-section elementor-element elementor-element-8728ffa elementor-section-boxed elementor-section-height-default elementor-section-height-default exad-glass-effect-no exad-sticky-section-no\" data-id=\"8728ffa\" data-element_type=\"section\" data-e-type=\"section\">\n\t\t\t\t\t\t<div class=\"elementor-container elementor-column-gap-default\">\n\t\t\t\t\t<div class=\"elementor-column elementor-col-100 elementor-top-column elementor-element elementor-element-7c0c875 exad-glass-effect-no exad-sticky-section-no\" data-id=\"7c0c875\" data-element_type=\"column\" data-e-type=\"column\">\n\t\t\t<div class=\"elementor-widget-wrap elementor-element-populated\">\n\t\t\t\t\t\t<div class=\"elementor-element elementor-element-b7f22a9 exad-sticky-section-no exad-glass-effect-no elementor-widget elementor-widget-heading\" data-id=\"b7f22a9\" data-element_type=\"widget\" data-e-type=\"widget\" data-widget_type=\"heading.default\">\n\t\t\t\t<div class=\"elementor-widget-container\">\n\t\t\t\t\t<h1 class=\"elementor-heading-title elementor-size-default\">Descubra Easypicky en v\u00eddeo<\/h1>\t\t\t\t<\/div>\n\t\t\t\t<\/div>\n\t\t\t\t<div class=\"elementor-element elementor-element-556a097 exad-sticky-section-no exad-glass-effect-no elementor-widget elementor-widget-html\" data-id=\"556a097\" data-element_type=\"widget\" data-e-type=\"widget\" data-widget_type=\"html.default\">\n\t\t\t\t<div class=\"elementor-widget-container\">\n\t\t\t\t\t<!-- The script tag should live in the head of your page if at all possible -->\n<script type=\"text\/javascript\" async=\"\" src=\"https:\/\/play.vidyard.com\/embed\/v4.js\"><\/script>\n\n<!-- Put this wherever you would like your player to appear -->\n<img decoding=\"async\" style=\"width: 100%; margin: auto; display: block;\" class=\"vidyard-player-embed\" src=\"https:\/\/play.vidyard.com\/LN1xJvFf4RsdeQprysY1tZ.jpg\" alt=\"V\u00eddeo de presentaci\u00f3n de la aplicaci\u00f3n EasyPicky utilizada en un supermercado\" data-v=\"4\" data-type=\"inline\">\t\t\t\t<\/div>\n\t\t\t\t<\/div>\n\t\t\t\t\t<\/div>\n\t\t<\/div>\n\t\t\t\t\t<\/div>\n\t\t<\/section>\n\t\t\t\t<\/div>\n\t\t","protected":false},"excerpt":{"rendered":"<p>Descubra Easypicky en v\u00eddeo<\/p>\n","protected":false},"author":3,"featured_media":0,"parent":0,"menu_order":0,"comment_status":"closed","ping_status":"closed","template":"","meta":{"_seopress_robots_primary_cat":"","_seopress_titles_title":"Vea el v\u00eddeo de EasyPicky","_seopress_titles_desc":"EasyPicky recopila y analiza todos sus datos de campo en s\u00f3lo unos segundos. Descubra la soluci\u00f3n en v\u00eddeo. ","_seopress_robots_index":"","content-type":"","footnotes":""},"class_list":["post-14613","page","type-page","status-publish","hentry"],"_links":{"self":[{"href":"https:\/\/easypicky.com\/es\/wp-json\/wp\/v2\/pages\/14613","targetHints":{"allow":["GET"]}}],"collection":[{"href":"https:\/\/easypicky.com\/es\/wp-json\/wp\/v2\/pages"}],"about":[{"href":"https:\/\/easypicky.com\/es\/wp-json\/wp\/v2\/types\/page"}],"author":[{"embeddable":true,"href":"https:\/\/easypicky.com\/es\/wp-json\/wp\/v2\/users\/3"}],"replies":[{"embeddable":true,"href":"https:\/\/easypicky.com\/es\/wp-json\/wp\/v2\/comments?post=14613"}],"version-history":[{"count":1,"href":"https:\/\/easypicky.com\/es\/wp-json\/wp\/v2\/pages\/14613\/revisions"}],"predecessor-version":[{"id":14614,"href":"https:\/\/easypicky.com\/es\/wp-json\/wp\/v2\/pages\/14613\/revisions\/14614"}],"wp:attachment":[{"href":"https:\/\/easypicky.com\/es\/wp-json\/wp\/v2\/media?parent=14613"}],"curies":[{"name":"wp","href":"https:\/\/api.w.org\/{rel}","templated":true}]}}