{"id":14605,"date":"2023-11-22T16:28:02","date_gmt":"2023-11-22T15:28:02","guid":{"rendered":"https:\/\/easypicky.com\/politica-de-cookies-ue\/"},"modified":"2023-11-22T16:28:02","modified_gmt":"2023-11-22T15:28:02","slug":"politica-de-cookies-ue","status":"publish","type":"page","link":"https:\/\/easypicky.com\/es\/politica-de-cookies-ue\/","title":{"rendered":"Pol\u00edtica de cookies (UE)"},"content":{"rendered":"La regi\u00f3n EU no est\u00e1 activada para cookie-statement.\n","protected":false},"excerpt":{"rendered":"","protected":false},"author":2,"featured_media":0,"parent":0,"menu_order":0,"comment_status":"closed","ping_status":"closed","template":"","meta":{"_seopress_robots_primary_cat":"","_seopress_titles_title":"Pol\u00edtica de cookies (UE) - EasyPicky","_seopress_titles_desc":"Pol\u00edtica de cookies (Uni\u00f3n Europea) para el sitio web EasyPicky.com","_seopress_robots_index":"","content-type":"","footnotes":""},"class_list":["post-14605","page","type-page","status-publish","hentry"],"_links":{"self":[{"href":"https:\/\/easypicky.com\/es\/wp-json\/wp\/v2\/pages\/14605","targetHints":{"allow":["GET"]}}],"collection":[{"href":"https:\/\/easypicky.com\/es\/wp-json\/wp\/v2\/pages"}],"about":[{"href":"https:\/\/easypicky.com\/es\/wp-json\/wp\/v2\/types\/page"}],"author":[{"embeddable":true,"href":"https:\/\/easypicky.com\/es\/wp-json\/wp\/v2\/users\/2"}],"replies":[{"embeddable":true,"href":"https:\/\/easypicky.com\/es\/wp-json\/wp\/v2\/comments?post=14605"}],"version-history":[{"count":0,"href":"https:\/\/easypicky.com\/es\/wp-json\/wp\/v2\/pages\/14605\/revisions"}],"wp:attachment":[{"href":"https:\/\/easypicky.com\/es\/wp-json\/wp\/v2\/media?parent=14605"}],"curies":[{"name":"wp","href":"https:\/\/api.w.org\/{rel}","templated":true}]}}