{"id":14601,"date":"2023-06-28T16:11:08","date_gmt":"2023-06-28T14:11:08","guid":{"rendered":"https:\/\/easypicky.com\/politica-de-privacidad\/"},"modified":"2025-03-12T11:37:17","modified_gmt":"2025-03-12T10:37:17","slug":"politica-de-privacidad","status":"publish","type":"page","link":"https:\/\/easypicky.com\/es\/politica-de-privacidad\/","title":{"rendered":"Pol\u00edtica de privacidad"},"content":{"rendered":"\t\t<div data-elementor-type=\"wp-page\" data-elementor-id=\"14601\" class=\"elementor elementor-14601 elementor-3\">\n\t\t\t\t\t\t<section class=\"elementor-section elementor-top-section elementor-element elementor-element-abc92e0 elementor-section-boxed elementor-section-height-default elementor-section-height-default exad-glass-effect-no exad-sticky-section-no\" data-id=\"abc92e0\" data-element_type=\"section\" data-e-type=\"section\">\n\t\t\t\t\t\t<div class=\"elementor-container elementor-column-gap-default\">\n\t\t\t\t\t<div class=\"elementor-column elementor-col-100 elementor-top-column elementor-element elementor-element-3a670ae exad-glass-effect-no exad-sticky-section-no\" data-id=\"3a670ae\" data-element_type=\"column\" data-e-type=\"column\">\n\t\t\t<div class=\"elementor-widget-wrap elementor-element-populated\">\n\t\t\t\t\t\t<div class=\"elementor-element elementor-element-b365df5 exad-sticky-section-no exad-glass-effect-no elementor-widget elementor-widget-heading\" data-id=\"b365df5\" data-element_type=\"widget\" data-e-type=\"widget\" data-widget_type=\"heading.default\">\n\t\t\t\t<div class=\"elementor-widget-container\">\n\t\t\t\t\t<h1 class=\"elementor-heading-title elementor-size-default\">Pol\u00edtica de privacidad<\/h1>\t\t\t\t<\/div>\n\t\t\t\t<\/div>\n\t\t\t\t<div class=\"elementor-element elementor-element-73c1d01 exad-sticky-section-no exad-glass-effect-no elementor-widget elementor-widget-heading\" data-id=\"73c1d01\" data-element_type=\"widget\" data-e-type=\"widget\" data-widget_type=\"heading.default\">\n\t\t\t\t<div class=\"elementor-widget-container\">\n\t\t\t\t\t<h2 class=\"elementor-heading-title elementor-size-default\">Pre\u00e1mbulo<\/h2>\t\t\t\t<\/div>\n\t\t\t\t<\/div>\n\t\t\t\t<div class=\"elementor-element elementor-element-6840c3c exad-sticky-section-no exad-glass-effect-no elementor-widget elementor-widget-text-editor\" data-id=\"6840c3c\" data-element_type=\"widget\" data-e-type=\"widget\" data-widget_type=\"text-editor.default\">\n\t\t\t\t<div class=\"elementor-widget-container\">\n\t\t\t\t\t\t\t\t\t<div>Gracias por visitar el sitio web de EasyPicky y leer su pol\u00edtica de privacidad. <\/div>\n<div> <\/div>\n<div>Al navegar por nuestro sitio web o utilizar nuestros servicios, usted reconoce haber le\u00eddo y comprendido esta pol\u00edtica y consiente el tratamiento de sus datos e informaci\u00f3n personales de conformidad con la misma, cuando proceda. <\/div>\n<div> <\/div>\n<div>Esta pol\u00edtica de privacidad consta de los siguientes elementos:<\/div>\n<div>\n<ul>\n<li>Objetivos de la pol\u00edtica de privacidad,<\/li>\n<li>Entrada en vigor,<\/li>\n<li>Procedimientos para obtener el consentimiento,<\/li>\n<li>Objetivos de la recogida de datos,<\/li>\n<li>Fines del tratamiento de datos,<\/li>\n<li>Datos recogidos,<\/li>\n<li>Conservaci\u00f3n de datos personales<\/li>\n<li>Derecho de oposici\u00f3n, retirada, acceso, rectificaci\u00f3n y supresi\u00f3n<\/li>\n<\/ul>\n<\/div>\n\t\t\t\t\t\t\t\t<\/div>\n\t\t\t\t<\/div>\n\t\t\t\t<div class=\"elementor-element elementor-element-b1c837b exad-sticky-section-no exad-glass-effect-no elementor-widget elementor-widget-heading\" data-id=\"b1c837b\" data-element_type=\"widget\" data-e-type=\"widget\" data-widget_type=\"heading.default\">\n\t\t\t\t<div class=\"elementor-widget-container\">\n\t\t\t\t\t<h2 class=\"elementor-heading-title elementor-size-default\">Objetivos de la pol\u00edtica de privacidad <\/h2>\t\t\t\t<\/div>\n\t\t\t\t<\/div>\n\t\t\t\t<div class=\"elementor-element elementor-element-0d04285 exad-sticky-section-no exad-glass-effect-no elementor-widget elementor-widget-text-editor\" data-id=\"0d04285\" data-element_type=\"widget\" data-e-type=\"widget\" data-widget_type=\"text-editor.default\">\n\t\t\t\t<div class=\"elementor-widget-container\">\n\t\t\t\t\t\t\t\t\t<div>El respeto de la privacidad y la protecci\u00f3n de los datos personales son esenciales para nosotros, y esta Pol\u00edtica tiene por objeto proteger dicha informaci\u00f3n de conformidad con la legislaci\u00f3n vigente.<\/div>\n<div>Para garantizar esta protecci\u00f3n, EasyPicky s\u00f3lo recopilar\u00e1, procesar\u00e1 y compartir\u00e1 informaci\u00f3n de identificaci\u00f3n personal con el consentimiento de la persona, a menos que lo permita o exija la ley, en cuyo caso no se requerir\u00e1 su consentimiento.<\/div>\n<div>El prop\u00f3sito de la Pol\u00edtica es informar a los usuarios de por qu\u00e9 y c\u00f3mo EasyPicky, o cualquiera que act\u00fae en su nombre, recopilar\u00e1 y utilizar\u00e1 su informaci\u00f3n personal. Est\u00e1 concebida en un lenguaje sencillo para garantizar el consentimiento informado de los usuarios. <\/div>\n<div>A efectos de la presente Pol\u00edtica, se entender\u00e1 por \u00abinformaci\u00f3n personal\u00bb cualquier informaci\u00f3n sobre una persona identificable o informaci\u00f3n que permita identificar a una persona.<\/div>\n\t\t\t\t\t\t\t\t<\/div>\n\t\t\t\t<\/div>\n\t\t\t\t<div class=\"elementor-element elementor-element-d63c7dd exad-sticky-section-no exad-glass-effect-no elementor-widget elementor-widget-heading\" data-id=\"d63c7dd\" data-element_type=\"widget\" data-e-type=\"widget\" data-widget_type=\"heading.default\">\n\t\t\t\t<div class=\"elementor-widget-container\">\n\t\t\t\t\t<h2 class=\"elementor-heading-title elementor-size-default\">Entrada en vigor <\/h2>\t\t\t\t<\/div>\n\t\t\t\t<\/div>\n\t\t\t\t<div class=\"elementor-element elementor-element-c2ee120 exad-sticky-section-no exad-glass-effect-no elementor-widget elementor-widget-text-editor\" data-id=\"c2ee120\" data-element_type=\"widget\" data-e-type=\"widget\" data-widget_type=\"text-editor.default\">\n\t\t\t\t<div class=\"elementor-widget-container\">\n\t\t\t\t\t\t\t\t\t<p>Esta pol\u00edtica se aplica a partir del 08\/08\/2023.<\/p>\n\t\t\t\t\t\t\t\t<\/div>\n\t\t\t\t<\/div>\n\t\t\t\t<div class=\"elementor-element elementor-element-c836bfa exad-sticky-section-no exad-glass-effect-no elementor-widget elementor-widget-heading\" data-id=\"c836bfa\" data-element_type=\"widget\" data-e-type=\"widget\" data-widget_type=\"heading.default\">\n\t\t\t\t<div class=\"elementor-widget-container\">\n\t\t\t\t\t<h2 class=\"elementor-heading-title elementor-size-default\">C\u00f3mo se obtiene el consentimiento <\/h2>\t\t\t\t<\/div>\n\t\t\t\t<\/div>\n\t\t\t\t<div class=\"elementor-element elementor-element-2750ba9 exad-sticky-section-no exad-glass-effect-no elementor-widget elementor-widget-text-editor\" data-id=\"2750ba9\" data-element_type=\"widget\" data-e-type=\"widget\" data-widget_type=\"text-editor.default\">\n\t\t\t\t<div class=\"elementor-widget-container\">\n\t\t\t\t\t\t\t\t\t<div>Nos comprometemos a obtener el consentimiento antes de recopilar informaci\u00f3n personal de una persona. El consentimiento puede ser expreso o t\u00e1cito y puede ser proporcionado directamente por la persona o por su representante autorizado. <\/div>\n<div>Preferimos obtener el consentimiento expreso, ya sea verbal, electr\u00f3nico o por escrito. Sin embargo, el consentimiento impl\u00edcito puede inferirse razonablemente de la acci\u00f3n o inacci\u00f3n de una persona. Por ejemplo, facilitar una direcci\u00f3n de correo electr\u00f3nico para recibir un bolet\u00edn o un apellido, nombre, direcci\u00f3n de correo electr\u00f3nico y n\u00famero de tel\u00e9fono para que nos pongamos en contacto con usted se considera un consentimiento impl\u00edcito a la recogida de informaci\u00f3n que contenga datos personales. Para determinar el tipo de consentimiento apropiado, tenemos en cuenta la sensibilidad de la informaci\u00f3n personal en cuesti\u00f3n, los fines para los que se recoge y las expectativas razonables de una persona en una situaci\u00f3n similar.   <\/div>\n<div>Si queremos utilizar sus datos personales para un nuevo fin, le describiremos el uso previsto y le volveremos a pedir su consentimiento.<\/div>\n\t\t\t\t\t\t\t\t<\/div>\n\t\t\t\t<\/div>\n\t\t\t\t<div class=\"elementor-element elementor-element-774de01 exad-sticky-section-no exad-glass-effect-no elementor-widget elementor-widget-heading\" data-id=\"774de01\" data-element_type=\"widget\" data-e-type=\"widget\" data-widget_type=\"heading.default\">\n\t\t\t\t<div class=\"elementor-widget-container\">\n\t\t\t\t\t<h2 class=\"elementor-heading-title elementor-size-default\">Objetivos de la recogida de datos<\/h2>\t\t\t\t<\/div>\n\t\t\t\t<\/div>\n\t\t\t\t<div class=\"elementor-element elementor-element-9b1c92d exad-sticky-section-no exad-glass-effect-no elementor-widget elementor-widget-text-editor\" data-id=\"9b1c92d\" data-element_type=\"widget\" data-e-type=\"widget\" data-widget_type=\"text-editor.default\">\n\t\t\t\t<div class=\"elementor-widget-container\">\n\t\t\t\t\t\t\t\t\t<div>La informaci\u00f3n se recoge de acuerdo con los fines y objetivos establecidos en esta pol\u00edtica de privacidad.<\/div>\n<div>Estas son algunas de las razones por las que recopilamos su informaci\u00f3n personal:<\/div>\n<ul>\n<li>Establecimiento y mantenimiento de la relaci\u00f3n comercial: Recogeremos y trataremos los datos y la informaci\u00f3n necesarios para ponernos en contacto con usted por correo electr\u00f3nico o tel\u00e9fono, como parte de un acercamiento comercial o para enviarle boletines informativos.<\/li>\n<li>Para evaluar el rendimiento de nuestro sitio web: para analizar el rendimiento de nuestro sitio web, utilizamos Google Analytics. Google Analytics es un servicio anal\u00edtico de web prestado por Google que rastrea e informa sobre el tr\u00e1fico del sitio web. Google utiliza los datos recopilados para rastrear y supervisar el uso de nuestro Servicio. Estos datos se comparten con otros servicios de Google. Google puede utilizar los datos que recopila para contextualizar y personalizar anuncios en su propia red de publicidad. Para obtener m\u00e1s informaci\u00f3n sobre <a href=\"https:\/\/policies.google.com\/privacy?hl=fr\" target=\"_blank\" rel=\"noreferrer noopener\" aria-label=\"la page web Protection de la vie priv\u00e9e et conditions de Google (opens in a new tab)\">las pr\u00e1cticas de privacidad de Google, consulte la Pol\u00edtica de privacidad y las Condiciones de Google.<\/a>     <\/li>\n<\/ul>\n<div> <\/div>\n\t\t\t\t\t\t\t\t<\/div>\n\t\t\t\t<\/div>\n\t\t\t\t<div class=\"elementor-element elementor-element-08f16be exad-sticky-section-no exad-glass-effect-no elementor-widget elementor-widget-heading\" data-id=\"08f16be\" data-element_type=\"widget\" data-e-type=\"widget\" data-widget_type=\"heading.default\">\n\t\t\t\t<div class=\"elementor-widget-container\">\n\t\t\t\t\t<h2 class=\"elementor-heading-title elementor-size-default\">Finalidad del tratamiento de datos<\/h2>\t\t\t\t<\/div>\n\t\t\t\t<\/div>\n\t\t\t\t<div class=\"elementor-element elementor-element-108d2c8 exad-sticky-section-no exad-glass-effect-no elementor-widget elementor-widget-text-editor\" data-id=\"108d2c8\" data-element_type=\"widget\" data-e-type=\"widget\" data-widget_type=\"text-editor.default\">\n\t\t\t\t<div class=\"elementor-widget-container\">\n\t\t\t\t\t\t\t\t\t<p class=\"\">En inter\u00e9s leg\u00edtimo de la empresa y de conformidad con las obligaciones legales vigentes en Francia, EasyPicky procesa sus datos en particular para los siguientes fines:<\/p>\n<ul>\n<li>gesti\u00f3n comercial ;<\/li>\n<li>prospecci\u00f3n y marketing. <\/li>\n<\/ul>\t\t\t\t\t\t\t\t<\/div>\n\t\t\t\t<\/div>\n\t\t\t\t<div class=\"elementor-element elementor-element-a9a6c00 exad-sticky-section-no exad-glass-effect-no elementor-widget elementor-widget-heading\" data-id=\"a9a6c00\" data-element_type=\"widget\" data-e-type=\"widget\" data-widget_type=\"heading.default\">\n\t\t\t\t<div class=\"elementor-widget-container\">\n\t\t\t\t\t<h2 class=\"elementor-heading-title elementor-size-default\">Datos recogidos<\/h2>\t\t\t\t<\/div>\n\t\t\t\t<\/div>\n\t\t\t\t<div class=\"elementor-element elementor-element-ae6e27f exad-sticky-section-no exad-glass-effect-no elementor-widget elementor-widget-heading\" data-id=\"ae6e27f\" data-element_type=\"widget\" data-e-type=\"widget\" data-widget_type=\"heading.default\">\n\t\t\t\t<div class=\"elementor-widget-container\">\n\t\t\t\t\t<h3 class=\"elementor-heading-title elementor-size-default\">Informaci\u00f3n que nos env\u00eda<\/h3>\t\t\t\t<\/div>\n\t\t\t\t<\/div>\n\t\t\t\t<div class=\"elementor-element elementor-element-fae6906 exad-sticky-section-no exad-glass-effect-no elementor-widget elementor-widget-text-editor\" data-id=\"fae6906\" data-element_type=\"widget\" data-e-type=\"widget\" data-widget_type=\"text-editor.default\">\n\t\t\t\t<div class=\"elementor-widget-container\">\n\t\t\t\t\t\t\t\t\t<p class=\"\">Dependiendo del formulario utilizado, Easypicky recoge los siguientes datos:<\/p>\n<ul>\n<li>nombre completo ;<\/li>\n<li>direcci\u00f3n de correo electr\u00f3nico ;<\/li>\n<li>tel\u00e9fono.<\/li>\n<\/ul>\t\t\t\t\t\t\t\t<\/div>\n\t\t\t\t<\/div>\n\t\t\t\t<div class=\"elementor-element elementor-element-8799b93 exad-sticky-section-no exad-glass-effect-no elementor-widget elementor-widget-heading\" data-id=\"8799b93\" data-element_type=\"widget\" data-e-type=\"widget\" data-widget_type=\"heading.default\">\n\t\t\t\t<div class=\"elementor-widget-container\">\n\t\t\t\t\t<h3 class=\"elementor-heading-title elementor-size-default\">Datos recogidos autom\u00e1ticamente<\/h3>\t\t\t\t<\/div>\n\t\t\t\t<\/div>\n\t\t\t\t<div class=\"elementor-element elementor-element-859897d exad-sticky-section-no exad-glass-effect-no elementor-widget elementor-widget-text-editor\" data-id=\"859897d\" data-element_type=\"widget\" data-e-type=\"widget\" data-widget_type=\"text-editor.default\">\n\t\t\t\t<div class=\"elementor-widget-container\">\n\t\t\t\t\t\t\t\t\t<p class=\"\">EasyPicky recopila cierta informaci\u00f3n a trav\u00e9s de archivos de registro y cookies. Esta informaci\u00f3n es principalmente la siguiente: <\/p>\n<ul>\n<li>Direcci\u00f3n IP ;<\/li>\n<li>sistema operativo, navegador ;<\/li>\n<li>p\u00e1ginas visitadas y consultas ;<\/li>\n<li>hora y d\u00eda de conexi\u00f3n ;<\/li>\n<li>palabras clave y consulta de b\u00fasqueda.<\/li>\n<\/ul>\n<p class=\"\">El uso de esta informaci\u00f3n nos permite mejorar el servicio y elaborar estad\u00edsticas.<\/p>\n\t\t\t\t\t\t\t\t<\/div>\n\t\t\t\t<\/div>\n\t\t\t\t<div class=\"elementor-element elementor-element-a371b3a exad-sticky-section-no exad-glass-effect-no elementor-widget elementor-widget-heading\" data-id=\"a371b3a\" data-element_type=\"widget\" data-e-type=\"widget\" data-widget_type=\"heading.default\">\n\t\t\t\t<div class=\"elementor-widget-container\">\n\t\t\t\t\t<h2 class=\"elementor-heading-title elementor-size-default\">Conservaci\u00f3n de datos personales <\/h2>\t\t\t\t<\/div>\n\t\t\t\t<\/div>\n\t\t\t\t<div class=\"elementor-element elementor-element-686e3dc exad-sticky-section-no exad-glass-effect-no elementor-widget elementor-widget-text-editor\" data-id=\"686e3dc\" data-element_type=\"widget\" data-e-type=\"widget\" data-widget_type=\"text-editor.default\">\n\t\t\t\t<div class=\"elementor-widget-container\">\n\t\t\t\t\t\t\t\t\t<p>Los datos no se conservan m\u00e1s tiempo del necesario para los fines para los que se recogieron.<br \/>Por lo que respecta espec\u00edficamente a la utilizaci\u00f3n de sus datos con fines de prospecci\u00f3n comercial, el punto de partida del periodo de utilizaci\u00f3n de los datos es el momento de su recogida o el \u00faltimo contacto del posible cliente (solicitud de documentaci\u00f3n o clic en un enlace de hipertexto).<br \/>En todos los casos, sus datos no se utilizar\u00e1n para enviar solicitudes comerciales m\u00e1s all\u00e1 de tres a\u00f1os a partir de la fecha de recogida o del \u00faltimo contacto del cliente potencial.<\/p>\n\t\t\t\t\t\t\t\t<\/div>\n\t\t\t\t<\/div>\n\t\t\t\t<div class=\"elementor-element elementor-element-6829dcd exad-sticky-section-no exad-glass-effect-no elementor-widget elementor-widget-heading\" data-id=\"6829dcd\" data-element_type=\"widget\" data-e-type=\"widget\" data-widget_type=\"heading.default\">\n\t\t\t\t<div class=\"elementor-widget-container\">\n\t\t\t\t\t<h2 class=\"elementor-heading-title elementor-size-default\">Derecho de oposici\u00f3n y retirada<\/h2>\t\t\t\t<\/div>\n\t\t\t\t<\/div>\n\t\t\t\t<div class=\"elementor-element elementor-element-2b944bb exad-sticky-section-no exad-glass-effect-no elementor-widget elementor-widget-text-editor\" data-id=\"2b944bb\" data-element_type=\"widget\" data-e-type=\"widget\" data-widget_type=\"text-editor.default\">\n\t\t\t\t<div class=\"elementor-widget-container\">\n\t\t\t\t\t\t\t\t\t<p class=\"\">Nos comprometemos a ofrecerle el derecho de oposici\u00f3n y retirada de sus datos personales.<br>Se entiende por derecho de oposici\u00f3n la posibilidad que se ofrece a los internautas de negarse a que sus datos personales se utilicen para determinados fines mencionados en el momento de su recogida.<br>Si nuestros servicios prev\u00e9n este derecho, le sugerimos que marque la casilla correspondiente al cumplimentar un formulario.<\/p>\n<p>Se entiende por derecho de retractaci\u00f3n la posibilidad que se ofrece a los internautas de solicitar que sus datos personales dejen de figurar, por ejemplo, en una lista de distribuci\u00f3n.<br>Para ejercer este derecho, puede ponerse en contacto con nosotros por correo electr\u00f3nico en la siguiente direcci\u00f3n: marketing@easypicky.com.<br>Puede darse de baja de nuestros env\u00edos por correo electr\u00f3nico haciendo clic en el enlace para darse de baja o en el enlace para gestionar las preferencias de suscripci\u00f3n que aparece al final de nuestros mensajes. Puede oponerse en cualquier momento a que sus datos sean utilizados con fines de prospecci\u00f3n comercial dirigi\u00e9ndose a : marketing@easypicky.com. <\/p>\t\t\t\t\t\t\t\t<\/div>\n\t\t\t\t<\/div>\n\t\t\t\t<div class=\"elementor-element elementor-element-7e8fa99 exad-sticky-section-no exad-glass-effect-no elementor-widget elementor-widget-heading\" data-id=\"7e8fa99\" data-element_type=\"widget\" data-e-type=\"widget\" data-widget_type=\"heading.default\">\n\t\t\t\t<div class=\"elementor-widget-container\">\n\t\t\t\t\t<h2 class=\"elementor-heading-title elementor-size-default\">Derecho de acceso, rectificaci\u00f3n y supresi\u00f3n<\/h2>\t\t\t\t<\/div>\n\t\t\t\t<\/div>\n\t\t\t\t<div class=\"elementor-element elementor-element-dd398b6 exad-sticky-section-no exad-glass-effect-no elementor-widget elementor-widget-text-editor\" data-id=\"dd398b6\" data-element_type=\"widget\" data-e-type=\"widget\" data-widget_type=\"text-editor.default\">\n\t\t\t\t<div class=\"elementor-widget-container\">\n\t\t\t\t\t\t\t\t\t<p class=\"\">Nos comprometemos a conceder un derecho de acceso y de rectificaci\u00f3n a las personas interesadas que deseen consultar, modificar o incluso suprimir las informaciones que les conciernen.<br \/>Este derecho podr\u00e1 ser ejercido por :<\/p>\n<ul>\n<li>escribi\u00e9ndonos a la siguiente direcci\u00f3n postal : Easypicky, 72 Boulevard P\u00e9n\u00e9lope, 34000 Montpellier<\/li>\n<li>electr\u00f3nicamente : <a title=\"mailto:privacy@easypicky.com\" href=\"mailto:privacy@easypicky.com\" data-outlook-id=\"f5bf17e9-3161-4117-8f3e-0649bdd10968\">privacy@easypicky.com <\/a> <\/li>\n<\/ul>\n<p class=\"\">Dependiendo de las circunstancias, EasyPicky puede no estar siempre obligado legalmente a responder favorablemente a las solicitudes relacionadas con estos derechos.<\/p>\n\t\t\t\t\t\t\t\t<\/div>\n\t\t\t\t<\/div>\n\t\t\t\t<div class=\"elementor-element elementor-element-6c7bc8f exad-sticky-section-no exad-glass-effect-no elementor-widget elementor-widget-heading\" data-id=\"6c7bc8f\" data-element_type=\"widget\" data-e-type=\"widget\" data-widget_type=\"heading.default\">\n\t\t\t\t<div class=\"elementor-widget-container\">\n\t\t\t\t\t<h2 class=\"elementor-heading-title elementor-size-default\">Legislaci\u00f3n<\/h2>\t\t\t\t<\/div>\n\t\t\t\t<\/div>\n\t\t\t\t<div class=\"elementor-element elementor-element-e763467 exad-sticky-section-no exad-glass-effect-no elementor-widget elementor-widget-text-editor\" data-id=\"e763467\" data-element_type=\"widget\" data-e-type=\"widget\" data-widget_type=\"text-editor.default\">\n\t\t\t\t<div class=\"elementor-widget-container\">\n\t\t\t\t\t\t\t\t\t<p>Nos comprometemos a cumplir las disposiciones legislativas establecidas en el Reglamento General de Protecci\u00f3n de Datos (RGPD) UE n.\u00ba 2016\/679 de 26 de abril de 2016, y la Ley de Protecci\u00f3n de Datos modificada de 6 de enero de 1978.<br \/>En caso de dificultad en relaci\u00f3n con la gesti\u00f3n de sus datos personales, puede presentar una reclamaci\u00f3n ante la CNIL.<br \/>Le informamos de la existencia de la lista telef\u00f3nica antisolicitud \u00abBloctel\u00bb, en la que puede inscribirse aqu\u00ed: <a href=\"http:\/\/www.bloctel.gouv.fr\/\" target=\"_blank\" rel=\"noopener\">http:\/\/www.bloctel.gouv.fr\/<\/a>.<\/p>\n\t\t\t\t\t\t\t\t<\/div>\n\t\t\t\t<\/div>\n\t\t\t\t\t<\/div>\n\t\t<\/div>\n\t\t\t\t\t<\/div>\n\t\t<\/section>\n\t\t\t\t<\/div>\n\t\t","protected":false},"excerpt":{"rendered":"<p>Pol\u00edtica de privacidad Pre\u00e1mbulo Gracias por visitar el sitio web de EasyPicky y leer su pol\u00edtica de privacidad. Al navegar por nuestro [&hellip;]<\/p>\n","protected":false},"author":1,"featured_media":0,"parent":0,"menu_order":0,"comment_status":"closed","ping_status":"open","template":"","meta":{"_seopress_robots_primary_cat":"","_seopress_titles_title":"Pol\u00edtica de privacidad - EasyPicky","_seopress_titles_desc":"Pol\u00edtica de privacidad - EasyPicky","_seopress_robots_index":"","content-type":"","footnotes":""},"class_list":["post-14601","page","type-page","status-publish","hentry"],"_links":{"self":[{"href":"https:\/\/easypicky.com\/es\/wp-json\/wp\/v2\/pages\/14601","targetHints":{"allow":["GET"]}}],"collection":[{"href":"https:\/\/easypicky.com\/es\/wp-json\/wp\/v2\/pages"}],"about":[{"href":"https:\/\/easypicky.com\/es\/wp-json\/wp\/v2\/types\/page"}],"author":[{"embeddable":true,"href":"https:\/\/easypicky.com\/es\/wp-json\/wp\/v2\/users\/1"}],"replies":[{"embeddable":true,"href":"https:\/\/easypicky.com\/es\/wp-json\/wp\/v2\/comments?post=14601"}],"version-history":[{"count":2,"href":"https:\/\/easypicky.com\/es\/wp-json\/wp\/v2\/pages\/14601\/revisions"}],"predecessor-version":[{"id":14602,"href":"https:\/\/easypicky.com\/es\/wp-json\/wp\/v2\/pages\/14601\/revisions\/14602"}],"wp:attachment":[{"href":"https:\/\/easypicky.com\/es\/wp-json\/wp\/v2\/media?parent=14601"}],"curies":[{"name":"wp","href":"https:\/\/api.w.org\/{rel}","templated":true}]}}