{"id":14564,"date":"2023-08-04T17:19:48","date_gmt":"2023-08-04T15:19:48","guid":{"rendered":"https:\/\/easypicky.com\/informacion-juridica\/"},"modified":"2025-03-11T17:04:27","modified_gmt":"2025-03-11T16:04:27","slug":"informacion-juridica","status":"publish","type":"page","link":"https:\/\/easypicky.com\/es\/informacion-juridica\/","title":{"rendered":"Informaci\u00f3n jur\u00eddica"},"content":{"rendered":"\t\t<div data-elementor-type=\"wp-page\" data-elementor-id=\"14564\" class=\"elementor elementor-14564 elementor-2663\">\n\t\t\t\t\t\t<section class=\"elementor-section elementor-top-section elementor-element elementor-element-dcc9dd6 elementor-section-boxed elementor-section-height-default elementor-section-height-default exad-glass-effect-no exad-sticky-section-no\" data-id=\"dcc9dd6\" data-element_type=\"section\" data-e-type=\"section\">\n\t\t\t\t\t\t<div class=\"elementor-container elementor-column-gap-default\">\n\t\t\t\t\t<div class=\"elementor-column elementor-col-100 elementor-top-column elementor-element elementor-element-eb9fdf9 exad-glass-effect-no exad-sticky-section-no\" data-id=\"eb9fdf9\" data-element_type=\"column\" data-e-type=\"column\">\n\t\t\t<div class=\"elementor-widget-wrap elementor-element-populated\">\n\t\t\t\t\t\t<div class=\"elementor-element elementor-element-895732c exad-sticky-section-no exad-glass-effect-no elementor-widget elementor-widget-heading\" data-id=\"895732c\" data-element_type=\"widget\" data-e-type=\"widget\" data-widget_type=\"heading.default\">\n\t\t\t\t<div class=\"elementor-widget-container\">\n\t\t\t\t\t<h1 class=\"elementor-heading-title elementor-size-default\">Informaci\u00f3n jur\u00eddica<\/h1>\t\t\t\t<\/div>\n\t\t\t\t<\/div>\n\t\t\t\t\t<\/div>\n\t\t<\/div>\n\t\t\t\t\t<\/div>\n\t\t<\/section>\n\t\t\t\t<section class=\"elementor-section elementor-top-section elementor-element elementor-element-b402b9c elementor-section-boxed elementor-section-height-default elementor-section-height-default exad-glass-effect-no exad-sticky-section-no\" data-id=\"b402b9c\" data-element_type=\"section\" data-e-type=\"section\">\n\t\t\t\t\t\t<div class=\"elementor-container elementor-column-gap-default\">\n\t\t\t\t\t<div class=\"elementor-column elementor-col-100 elementor-top-column elementor-element elementor-element-6292995 exad-glass-effect-no exad-sticky-section-no\" data-id=\"6292995\" data-element_type=\"column\" data-e-type=\"column\">\n\t\t\t<div class=\"elementor-widget-wrap elementor-element-populated\">\n\t\t\t\t\t\t<div class=\"elementor-element elementor-element-bf4efbc exad-sticky-section-no exad-glass-effect-no elementor-widget elementor-widget-text-editor\" data-id=\"bf4efbc\" data-element_type=\"widget\" data-e-type=\"widget\" data-widget_type=\"text-editor.default\">\n\t\t\t\t<div class=\"elementor-widget-container\">\n\t\t\t\t\t\t\t\t\t<p>Editorial :&nbsp;EasyPicky<br>N\u00famero de llamada :&nbsp;&nbsp;831 341 649 000 42<br>Sede central :&nbsp; EasyPicky<br>72 bld penelope<br>34 000 Montpellier<\/p>\n<p>Anfitri\u00f3n :&nbsp;SAS OVH &#8211; http:\/\/www.ovh.com &#8211;&nbsp;2 rue Kellermann BP 80157 59100 Roubaix<\/p>\n<h2>Informaci\u00f3n personal recopilada<\/h2>\n<p>En Francia, los datos personales est\u00e1n protegidos por la ley n\u00ba 78-87 de 6 de enero de 1978, la ley n\u00ba 2004-801 de 6 de agosto de 2004, el art\u00edculo L. 226-13 del C\u00f3digo Penal y la Directiva Europea de 24 de octubre de 1995.<\/p>\n<p>EasyPicky recoge informaci\u00f3n personal relativa al usuario (nombre, direcci\u00f3n de correo electr\u00f3nico, n\u00famero de tel\u00e9fono), mediante formularios en l\u00ednea o para el tratamiento estad\u00edstico de la consulta. En el marco de los formularios, el usuario proporciona esta informaci\u00f3n con pleno conocimiento de causa, en particular cuando la introduce \u00e9l mismo. A continuaci\u00f3n, se informa al usuario de si la informaci\u00f3n que facilita es obligatoria o no. Rectificaci\u00f3n &nbsp;informaci\u00f3n personal recopilada.   <\/p>\n<p>De conformidad con lo dispuesto en el art\u00edculo 34 de la ley n\u00famero 48-87 de 6 de enero de 1978, el usuario tiene derecho a modificar los datos personales recogidos que le conciernan. Para ello, el usuario deber\u00e1 enviar a EasyPicky &nbsp;:<br>Un correo electr\u00f3nico a la direcci\u00f3n que figura en el pie de p\u00e1gina del sitio web.<br>Una carta a la direcci\u00f3n de la sede social de la empresa (indicada anteriormente) indicando su nombre o raz\u00f3n social, datos de contacto f\u00edsicos y\/o electr\u00f3nicos. El cambio se efectuar\u00e1 en un plazo razonable a partir de la recepci\u00f3n de la solicitud del usuario.  <\/p>\t\t\t\t\t\t\t\t<\/div>\n\t\t\t\t<\/div>\n\t\t\t\t\t<\/div>\n\t\t<\/div>\n\t\t\t\t\t<\/div>\n\t\t<\/section>\n\t\t\t\t<\/div>\n\t\t","protected":false},"excerpt":{"rendered":"<p>Informaci\u00f3n jur\u00eddica Editorial :&nbsp;EasyPickyN\u00famero de llamada :&nbsp;&nbsp;831 341 649 000 42Sede central :&nbsp; EasyPicky72 bld penelope34 000 Montpellier Anfitri\u00f3n :&nbsp;SAS OVH &#8211; [&hellip;]<\/p>\n","protected":false},"author":3,"featured_media":0,"parent":0,"menu_order":0,"comment_status":"closed","ping_status":"closed","template":"","meta":{"_seopress_robots_primary_cat":"","_seopress_titles_title":"Informaci\u00f3n legal - EasyPicky","_seopress_titles_desc":"Informaci\u00f3n legal - EasyPicky website","_seopress_robots_index":"","content-type":"","footnotes":""},"class_list":["post-14564","page","type-page","status-publish","hentry"],"_links":{"self":[{"href":"https:\/\/easypicky.com\/es\/wp-json\/wp\/v2\/pages\/14564","targetHints":{"allow":["GET"]}}],"collection":[{"href":"https:\/\/easypicky.com\/es\/wp-json\/wp\/v2\/pages"}],"about":[{"href":"https:\/\/easypicky.com\/es\/wp-json\/wp\/v2\/types\/page"}],"author":[{"embeddable":true,"href":"https:\/\/easypicky.com\/es\/wp-json\/wp\/v2\/users\/3"}],"replies":[{"embeddable":true,"href":"https:\/\/easypicky.com\/es\/wp-json\/wp\/v2\/comments?post=14564"}],"version-history":[{"count":1,"href":"https:\/\/easypicky.com\/es\/wp-json\/wp\/v2\/pages\/14564\/revisions"}],"predecessor-version":[{"id":14565,"href":"https:\/\/easypicky.com\/es\/wp-json\/wp\/v2\/pages\/14564\/revisions\/14565"}],"wp:attachment":[{"href":"https:\/\/easypicky.com\/es\/wp-json\/wp\/v2\/media?parent=14564"}],"curies":[{"name":"wp","href":"https:\/\/api.w.org\/{rel}","templated":true}]}}