{"id":14560,"date":"2023-07-03T13:12:29","date_gmt":"2023-07-03T11:12:29","guid":{"rendered":"https:\/\/easypicky.com\/solicitar-una-demostracion\/"},"modified":"2025-03-18T11:45:50","modified_gmt":"2025-03-18T10:45:50","slug":"solicitar-una-demostracion","status":"publish","type":"page","link":"https:\/\/easypicky.com\/es\/solicitar-una-demostracion\/","title":{"rendered":"Solicitar una demostraci\u00f3n"},"content":{"rendered":"\t\t<div data-elementor-type=\"wp-page\" data-elementor-id=\"14560\" class=\"elementor elementor-14560 elementor-159\">\n\t\t\t\t\t\t<div class=\"elementor-section elementor-top-section elementor-element elementor-element-7e26f972 elementor-section-boxed elementor-section-height-default elementor-section-height-default exad-glass-effect-no exad-sticky-section-no\" data-id=\"7e26f972\" data-element_type=\"section\" data-e-type=\"section\" data-settings=\"{&quot;background_background&quot;:&quot;classic&quot;,&quot;shape_divider_bottom&quot;:&quot;triangle&quot;,&quot;shape_divider_bottom_negative&quot;:&quot;yes&quot;}\">\n\t\t\t\t\t<div class=\"elementor-shape elementor-shape-bottom\" aria-hidden=\"true\" data-negative=\"true\">\n\t\t\t<svg xmlns=\"http:\/\/www.w3.org\/2000\/svg\" viewBox=\"0 0 1000 100\" preserveAspectRatio=\"none\">\n\t<path class=\"elementor-shape-fill\" d=\"M500.2,94.7L0,0v100h1000V0L500.2,94.7z\"\/>\n<\/svg>\t\t<\/div>\n\t\t\t\t\t<div class=\"elementor-container elementor-column-gap-default\">\n\t\t\t\t\t<div class=\"elementor-column elementor-col-100 elementor-top-column elementor-element elementor-element-2d6019a3 exad-glass-effect-no exad-sticky-section-no\" data-id=\"2d6019a3\" data-element_type=\"column\" data-e-type=\"column\">\n\t\t\t<div class=\"elementor-widget-wrap elementor-element-populated\">\n\t\t\t\t\t\t<div class=\"elementor-element elementor-element-6510dec ui-e-a-animate exad-sticky-section-no exad-glass-effect-no elementor-widget elementor-widget-highlighted-text\" data-id=\"6510dec\" data-element_type=\"widget\" data-e-type=\"widget\" data-widget_type=\"highlighted-text.default\">\n\t\t\t\t<div class=\"elementor-widget-container\">\n\t\t\t\t\t\t\t<h1 class=\"ui-e--highlighted-text\" >\r\n        <span class=\"ui-e-headline-text\">Solicite una<\/span><span class=\"whitespace\"> <\/span><span class=\"ui-e-headline-text ui-e-headline-stroke1\">\r\n\t\t\t\t\t\t\t<span class=\"ui-e-headline-text ui-e-headline-highlighted\">demostraci\u00f3n<\/span><span class=\"uicore-svg-wrapper\"><svg xmlns=\"http:\/\/www.w3.org\/2000\/svg\" viewBox=\"0 0 500 150\" preserveAspectRatio=\"none\"><path d='M15.2,133.3L15.2,133.3c121.9-7.6,244-9.9,366.1-6.8c34.6,0.9,69.1,2.3,103.7,4'\/><\/svg><\/span><\/span><span class=\"whitespace\"> <\/span>        <\/h1>\r\n        \t\t\t\t<\/div>\n\t\t\t\t<\/div>\n\t\t\t\t<div class=\"elementor-element elementor-element-918c4c elementor-widget__width-initial elementor-widget-mobile__width-inherit exad-sticky-section-no exad-glass-effect-no elementor-invisible elementor-widget elementor-widget-text-editor\" data-id=\"918c4c\" data-element_type=\"widget\" data-e-type=\"widget\" data-settings=\"{&quot;_animation&quot;:&quot;fadeInUp&quot;,&quot;_animation_delay&quot;:600}\" data-widget_type=\"text-editor.default\">\n\t\t\t\t<div class=\"elementor-widget-container\">\n\t\t\t\t\t\t\t\t\t<p>Descubra por qu\u00e9 la soluci\u00f3n EasyPicky es el aliado perfecto para la ejecuci\u00f3n perfecta de su tienda.<\/p>\n\t\t\t\t\t\t\t\t<\/div>\n\t\t\t\t<\/div>\n\t\t\t\t\t<\/div>\n\t\t<\/div>\n\t\t\t\t\t<\/div>\n\t\t<\/div>\n\t\t\t\t<section class=\"elementor-section elementor-top-section elementor-element elementor-element-2c5f98d elementor-section-boxed elementor-section-height-default elementor-section-height-default exad-glass-effect-no exad-sticky-section-no\" data-id=\"2c5f98d\" data-element_type=\"section\" data-e-type=\"section\">\n\t\t\t\t\t\t<div class=\"elementor-container elementor-column-gap-default\">\n\t\t\t\t\t<div class=\"elementor-column elementor-col-50 elementor-top-column elementor-element elementor-element-9aeaf0d exad-glass-effect-no exad-sticky-section-no\" data-id=\"9aeaf0d\" data-element_type=\"column\" data-e-type=\"column\">\n\t\t\t<div class=\"elementor-widget-wrap elementor-element-populated\">\n\t\t\t\t\t\t<div class=\"elementor-element elementor-element-6601db8c elementor-widget__width-initial exad-sticky-section-no exad-glass-effect-no elementor-widget elementor-widget-image\" data-id=\"6601db8c\" data-element_type=\"widget\" data-e-type=\"widget\" data-widget_type=\"image.default\">\n\t\t\t\t<div class=\"elementor-widget-container\">\n\t\t\t\t\t\t\t\t\t\t\t\t\t\t\t<img fetchpriority=\"high\" decoding=\"async\" width=\"1600\" height=\"1003\" src=\"https:\/\/easypicky-555036211.imgix.net\/wp-content\/uploads\/2023\/08\/home-page-scaled.jpg?auto=format%2Cenhance%2Ccompress\" class=\"attachment-full size-full wp-image-2360\" alt=\"L&#039;\u00e9cran de l&#039;application EasyPicky lorsque les forces de ventes r\u00e9alise une reconnaissance de produits en vid\u00e9o pour un relev\u00e9 lin\u00e9aire.\" srcset=\"https:\/\/easypicky-555036211.imgix.net\/wp-content\/uploads\/2023\/08\/home-page-scaled.jpg?auto=format%2Cenhance%2Ccompress&amp;w=1600 1600w, https:\/\/easypicky-555036211.imgix.net\/wp-content\/uploads\/2023\/08\/home-page-scaled.jpg?auto=format%2Cenhance%2Ccompress&amp;w=300 300w, https:\/\/easypicky-555036211.imgix.net\/wp-content\/uploads\/2023\/08\/home-page-scaled.jpg?auto=format%2Cenhance%2Ccompress&amp;w=1024 1024w, https:\/\/easypicky-555036211.imgix.net\/wp-content\/uploads\/2023\/08\/home-page-scaled.jpg?auto=format%2Cenhance%2Ccompress&amp;w=768 768w, https:\/\/easypicky-555036211.imgix.net\/wp-content\/uploads\/2023\/08\/home-page-scaled.jpg?auto=format%2Cenhance%2Ccompress&amp;w=1536 1536w, https:\/\/easypicky-555036211.imgix.net\/wp-content\/uploads\/2023\/08\/home-page-scaled.jpg?auto=format%2Cenhance%2Ccompress&amp;w=2048 2048w, https:\/\/easypicky-555036211.imgix.net\/wp-content\/uploads\/2023\/08\/home-page-scaled.jpg?auto=format%2Cenhance%2Ccompress&amp;w=650 650w\" sizes=\"(max-width: 1600px) 100vw, 1600px\" \/>\t\t\t\t\t\t\t\t\t\t\t\t\t\t\t<\/div>\n\t\t\t\t<\/div>\n\t\t\t\t\t<\/div>\n\t\t<\/div>\n\t\t\t\t<div class=\"elementor-column elementor-col-50 elementor-top-column elementor-element elementor-element-4fe596a exad-glass-effect-no exad-sticky-section-no\" data-id=\"4fe596a\" data-element_type=\"column\" data-e-type=\"column\">\n\t\t\t<div class=\"elementor-widget-wrap elementor-element-populated\">\n\t\t\t\t\t\t<div class=\"elementor-element elementor-element-23d4e42 exad-sticky-section-no exad-glass-effect-no elementor-widget elementor-widget-hubspot-form\" data-id=\"23d4e42\" data-element_type=\"widget\" data-e-type=\"widget\" data-widget_type=\"hubspot-form.default\">\n\t\t\t\t<div class=\"elementor-widget-container\">\n\t\t\t\t\t\n\t\t\t\t\t\t<script>\n\t\t\t\t\t\t\twindow.hsFormsOnReady = window.hsFormsOnReady || [];\n\t\t\t\t\t\t\twindow.hsFormsOnReady.push(()=>{\n\t\t\t\t\t\t\t\thbspt.forms.create({\n\t\t\t\t\t\t\t\t\tportalId: 25577102,\n\t\t\t\t\t\t\t\t\tformId: \"f98c713e-6dbf-499e-82cf-844a4e3378bf\",\n\t\t\t\t\t\t\t\t\ttarget: \"#hbspt-form-1775445699000-8627377015\",\n\t\t\t\t\t\t\t\t\tregion: \"eu1\",\n\t\t\t\t\t\t\t\t\t\n\t\t\t\t\t\t\t})});\n\t\t\t\t\t\t<\/script>\n\t\t\t\t\t\t<div class=\"hbspt-form\" id=\"hbspt-form-1775445699000-8627377015\"><\/div>\t\t\t\t<\/div>\n\t\t\t\t<\/div>\n\t\t\t\t\t<\/div>\n\t\t<\/div>\n\t\t\t\t\t<\/div>\n\t\t<\/section>\n\t\t\t\t<section class=\"elementor-section elementor-top-section elementor-element elementor-element-04f63a0 elementor-section-boxed elementor-section-height-default elementor-section-height-default exad-glass-effect-no exad-sticky-section-no\" data-id=\"04f63a0\" data-element_type=\"section\" data-e-type=\"section\">\n\t\t\t\t\t\t<div class=\"elementor-container elementor-column-gap-default\">\n\t\t\t\t\t<div class=\"elementor-column elementor-col-100 elementor-top-column elementor-element elementor-element-ee03be1 exad-glass-effect-no exad-sticky-section-no\" data-id=\"ee03be1\" data-element_type=\"column\" data-e-type=\"column\">\n\t\t\t<div class=\"elementor-widget-wrap elementor-element-populated\">\n\t\t\t\t\t\t<div class=\"elementor-element elementor-element-ded04eb exad-sticky-section-no exad-glass-effect-no elementor-widget elementor-widget-text-editor\" data-id=\"ded04eb\" data-element_type=\"widget\" data-e-type=\"widget\" data-widget_type=\"text-editor.default\">\n\t\t\t\t<div class=\"elementor-widget-container\">\n\t\t\t\t\t\t\t\t\t<p>En EasyPicky, sabemos que no hay nada como una demostraci\u00f3n en directo para mostrarle la excelencia de nuestra soluci\u00f3n. Por eso le ofrecemos una demostraci\u00f3n personalizada de c\u00f3mo funciona nuestra herramienta y c\u00f3mo puede adaptarse a sus necesidades y limitaciones sobre el terreno. &nbsp;<\/p>\n<p>Durante nuestra reuni\u00f3n, descubrir\u00e1 c\u00f3mo funciona nuestra soluci\u00f3n de v\u00eddeo, que le permite transformar sus datos en KPI al instante y sin conexi\u00f3n. Tambi\u00e9n podremos mostrarle c\u00f3mo EasyPicky se integra a la perfecci\u00f3n con herramientas como CRM, paquetes de software y BI. &nbsp;<\/p>\n<p><span style=\"font-size: inherit; color: var(--uicore-typography--p-c,\"#070707\"); font-style: var(--uicore-typography--p-st,\"normal\"); font-weight: var(--uicore-typography--p-w,\"600\"); letter-spacing: var(--uicore-typography--p-ls,\"-0.027em\"); text-transform: var(--uicore-typography--p-t,\"none\");\">S\u00f3lo tiene que rellenar el formulario anterior para solicitar una demostraci\u00f3n personalizada y dejar que le mostremos c\u00f3mo reforzar su estrategia de ejecuci\u00f3n en el comercio minorista.&nbsp;<\/span><\/p>\t\t\t\t\t\t\t\t<\/div>\n\t\t\t\t<\/div>\n\t\t\t\t\t<\/div>\n\t\t<\/div>\n\t\t\t\t\t<\/div>\n\t\t<\/section>\n\t\t\t\t<section class=\"elementor-section elementor-top-section elementor-element elementor-element-202bc517 elementor-section-boxed elementor-section-height-default elementor-section-height-default exad-glass-effect-no exad-sticky-section-no\" data-id=\"202bc517\" data-element_type=\"section\" data-e-type=\"section\" data-settings=\"{&quot;background_background&quot;:&quot;classic&quot;}\">\n\t\t\t\t\t\t<div class=\"elementor-container elementor-column-gap-default\">\n\t\t\t\t\t<div class=\"elementor-column elementor-col-100 elementor-top-column elementor-element elementor-element-1db1af5 exad-glass-effect-no exad-sticky-section-no\" data-id=\"1db1af5\" data-element_type=\"column\" data-e-type=\"column\">\n\t\t\t<div class=\"elementor-widget-wrap elementor-element-populated\">\n\t\t\t\t\t\t<section class=\"elementor-section elementor-inner-section elementor-element elementor-element-228401f elementor-section-boxed elementor-section-height-default elementor-section-height-default exad-glass-effect-no exad-sticky-section-no\" data-id=\"228401f\" data-element_type=\"section\" data-e-type=\"section\">\n\t\t\t\t\t\t<div class=\"elementor-container elementor-column-gap-default\">\n\t\t\t\t\t<div class=\"elementor-column elementor-col-100 elementor-inner-column elementor-element elementor-element-0d12da6 exad-glass-effect-no exad-sticky-section-no\" data-id=\"0d12da6\" data-element_type=\"column\" data-e-type=\"column\">\n\t\t\t<div class=\"elementor-widget-wrap elementor-element-populated\">\n\t\t\t\t\t\t<div class=\"elementor-element elementor-element-e79c1b5 exad-sticky-section-no exad-glass-effect-no elementor-widget elementor-widget-heading\" data-id=\"e79c1b5\" data-element_type=\"widget\" data-e-type=\"widget\" data-widget_type=\"heading.default\">\n\t\t\t\t<div class=\"elementor-widget-container\">\n\t\t\t\t\t<h2 class=\"elementor-heading-title elementor-size-default\">Las grandes marcas utilizan EasyPicky, \u00bfy t\u00fa? <\/h2>\t\t\t\t<\/div>\n\t\t\t\t<\/div>\n\t\t\t\t\t<\/div>\n\t\t<\/div>\n\t\t\t\t\t<\/div>\n\t\t<\/section>\n\t\t\t\t<div class=\"elementor-element elementor-element-eb2f297 exad-sticky-section-no exad-glass-effect-no elementor-widget elementor-widget-image-carousel\" data-id=\"eb2f297\" data-element_type=\"widget\" data-e-type=\"widget\" data-settings=\"{&quot;slides_to_show&quot;:&quot;7&quot;,&quot;navigation&quot;:&quot;none&quot;,&quot;slides_to_show_tablet&quot;:&quot;6&quot;,&quot;slides_to_show_mobile&quot;:&quot;4&quot;,&quot;autoplay&quot;:&quot;yes&quot;,&quot;pause_on_hover&quot;:&quot;yes&quot;,&quot;pause_on_interaction&quot;:&quot;yes&quot;,&quot;autoplay_speed&quot;:5000,&quot;infinite&quot;:&quot;yes&quot;,&quot;speed&quot;:500}\" data-widget_type=\"image-carousel.default\">\n\t\t\t\t<div class=\"elementor-widget-container\">\n\t\t\t\t\t\t\t<div class=\"elementor-image-carousel-wrapper swiper\" role=\"region\" aria-roledescription=\"carousel\" aria-label=\"Carrusel de im\u00e1genes\" dir=\"ltr\">\n\t\t\t<div class=\"elementor-image-carousel swiper-wrapper\" aria-live=\"off\">\n\t\t\t\t\t\t\t\t<div class=\"swiper-slide\" role=\"group\" aria-roledescription=\"slide\" aria-label=\"1 de 8\"><figure class=\"swiper-slide-inner\"><img decoding=\"async\" class=\"swiper-slide-image\" src=\"https:\/\/easypicky-555036211.imgix.net\/wp-content\/uploads\/2024\/05\/Logo-site-web.png?auto=format%2Cenhance%2Ccompress\" alt=\"Logo Havea\" \/><\/figure><\/div><div class=\"swiper-slide\" role=\"group\" aria-roledescription=\"slide\" aria-label=\"2 de 8\"><figure class=\"swiper-slide-inner\"><img decoding=\"async\" class=\"swiper-slide-image\" src=\"https:\/\/easypicky-555036211.imgix.net\/wp-content\/uploads\/2024\/05\/4.png?auto=format%2Cenhance%2Ccompress\" alt=\"Logo L&#039;Or\u00e9al\" \/><\/figure><\/div><div class=\"swiper-slide\" role=\"group\" aria-roledescription=\"slide\" aria-label=\"3 de 8\"><figure class=\"swiper-slide-inner\"><img decoding=\"async\" class=\"swiper-slide-image\" src=\"https:\/\/easypicky-555036211.imgix.net\/wp-content\/uploads\/2024\/05\/5.png?auto=format%2Cenhance%2Ccompress\" alt=\"Logo Mondelez\" \/><\/figure><\/div><div class=\"swiper-slide\" role=\"group\" aria-roledescription=\"slide\" aria-label=\"4 de 8\"><figure class=\"swiper-slide-inner\"><img decoding=\"async\" class=\"swiper-slide-image\" src=\"https:\/\/easypicky-555036211.imgix.net\/wp-content\/uploads\/2024\/05\/6.png?auto=format%2Cenhance%2Ccompress\" alt=\"Logo Mars\" \/><\/figure><\/div><div class=\"swiper-slide\" role=\"group\" aria-roledescription=\"slide\" aria-label=\"5 de 8\"><figure class=\"swiper-slide-inner\"><img decoding=\"async\" class=\"swiper-slide-image\" src=\"https:\/\/easypicky-555036211.imgix.net\/wp-content\/uploads\/2024\/05\/7.png?auto=format%2Cenhance%2Ccompress\" alt=\"Logo henkel\" \/><\/figure><\/div><div class=\"swiper-slide\" role=\"group\" aria-roledescription=\"slide\" aria-label=\"6 de 8\"><figure class=\"swiper-slide-inner\"><img decoding=\"async\" class=\"swiper-slide-image\" src=\"https:\/\/easypicky-555036211.imgix.net\/wp-content\/uploads\/2024\/05\/1.png?auto=format%2Cenhance%2Ccompress\" alt=\"Logo Danone\" \/><\/figure><\/div><div class=\"swiper-slide\" role=\"group\" aria-roledescription=\"slide\" aria-label=\"7 de 8\"><figure class=\"swiper-slide-inner\"><img decoding=\"async\" class=\"swiper-slide-image\" src=\"https:\/\/easypicky-555036211.imgix.net\/wp-content\/uploads\/2024\/05\/2.png?auto=format%2Cenhance%2Ccompress\" alt=\"Logo Nestl\u00e9\" \/><\/figure><\/div><div class=\"swiper-slide\" role=\"group\" aria-roledescription=\"slide\" aria-label=\"8 de 8\"><figure class=\"swiper-slide-inner\"><img decoding=\"async\" class=\"swiper-slide-image\" src=\"https:\/\/easypicky-555036211.imgix.net\/wp-content\/uploads\/2024\/05\/Logo-site-web-1.png?auto=format%2Cenhance%2Ccompress\" alt=\"Logo Unilever\" \/><\/figure><\/div>\t\t\t<\/div>\n\t\t\t\t\t\t\t\n\t\t\t\t\t\t\t\t\t<\/div>\n\t\t\t\t\t\t<\/div>\n\t\t\t\t<\/div>\n\t\t\t\t\t<\/div>\n\t\t<\/div>\n\t\t\t\t\t<\/div>\n\t\t<\/section>\n\t\t\t\t<\/div>\n\t\t","protected":false},"excerpt":{"rendered":"<p>Solicite una demostraci\u00f3n Descubra por qu\u00e9 la soluci\u00f3n EasyPicky es el aliado perfecto para la ejecuci\u00f3n perfecta de su tienda. En EasyPicky, [&hellip;]<\/p>\n","protected":false},"author":3,"featured_media":0,"parent":0,"menu_order":0,"comment_status":"closed","ping_status":"closed","template":"","meta":{"_seopress_robots_primary_cat":"","_seopress_titles_title":"Solicite una demostraci\u00f3n personalizada con EasyPicky","_seopress_titles_desc":"Descubra c\u00f3mo EasyPicky mejora la ejecuci\u00f3n de su tienda perfecta. Solicite una demostraci\u00f3n personalizada para sus productos. ","_seopress_robots_index":"","content-type":"","footnotes":""},"class_list":["post-14560","page","type-page","status-publish","hentry"],"_links":{"self":[{"href":"https:\/\/easypicky.com\/es\/wp-json\/wp\/v2\/pages\/14560","targetHints":{"allow":["GET"]}}],"collection":[{"href":"https:\/\/easypicky.com\/es\/wp-json\/wp\/v2\/pages"}],"about":[{"href":"https:\/\/easypicky.com\/es\/wp-json\/wp\/v2\/types\/page"}],"author":[{"embeddable":true,"href":"https:\/\/easypicky.com\/es\/wp-json\/wp\/v2\/users\/3"}],"replies":[{"embeddable":true,"href":"https:\/\/easypicky.com\/es\/wp-json\/wp\/v2\/comments?post=14560"}],"version-history":[{"count":12,"href":"https:\/\/easypicky.com\/es\/wp-json\/wp\/v2\/pages\/14560\/revisions"}],"predecessor-version":[{"id":15374,"href":"https:\/\/easypicky.com\/es\/wp-json\/wp\/v2\/pages\/14560\/revisions\/15374"}],"wp:attachment":[{"href":"https:\/\/easypicky.com\/es\/wp-json\/wp\/v2\/media?parent=14560"}],"curies":[{"name":"wp","href":"https:\/\/api.w.org\/{rel}","templated":true}]}}