{"id":5048,"date":"2023-06-28T16:11:08","date_gmt":"2023-06-28T14:11:08","guid":{"rendered":"https:\/\/easypicky.com\/privacy-policy\/"},"modified":"2025-03-18T15:21:45","modified_gmt":"2025-03-18T14:21:45","slug":"privacy-policy","status":"publish","type":"page","link":"https:\/\/easypicky.com\/en\/privacy-policy\/","title":{"rendered":"Privacy policy"},"content":{"rendered":"\t\t<div data-elementor-type=\"wp-page\" data-elementor-id=\"5048\" class=\"elementor elementor-5048 elementor-3\">\n\t\t\t\t\t\t<section class=\"elementor-section elementor-top-section elementor-element elementor-element-abc92e0 elementor-section-boxed elementor-section-height-default elementor-section-height-default exad-glass-effect-no exad-sticky-section-no\" data-id=\"abc92e0\" data-element_type=\"section\" data-e-type=\"section\">\n\t\t\t\t\t\t<div class=\"elementor-container elementor-column-gap-default\">\n\t\t\t\t\t<div class=\"elementor-column elementor-col-100 elementor-top-column elementor-element elementor-element-3a670ae exad-glass-effect-no exad-sticky-section-no\" data-id=\"3a670ae\" data-element_type=\"column\" data-e-type=\"column\">\n\t\t\t<div class=\"elementor-widget-wrap elementor-element-populated\">\n\t\t\t\t\t\t<div class=\"elementor-element elementor-element-b365df5 exad-sticky-section-no exad-glass-effect-no elementor-widget elementor-widget-heading\" data-id=\"b365df5\" data-element_type=\"widget\" data-e-type=\"widget\" data-widget_type=\"heading.default\">\n\t\t\t\t<div class=\"elementor-widget-container\">\n\t\t\t\t\t<h1 class=\"elementor-heading-title elementor-size-default\">Politique de confidentialit\u00e9<\/h1>\t\t\t\t<\/div>\n\t\t\t\t<\/div>\n\t\t\t\t<div class=\"elementor-element elementor-element-73c1d01 exad-sticky-section-no exad-glass-effect-no elementor-widget elementor-widget-heading\" data-id=\"73c1d01\" data-element_type=\"widget\" data-e-type=\"widget\" data-widget_type=\"heading.default\">\n\t\t\t\t<div class=\"elementor-widget-container\">\n\t\t\t\t\t<h2 class=\"elementor-heading-title elementor-size-default\">Pr\u00e9ambule<\/h2>\t\t\t\t<\/div>\n\t\t\t\t<\/div>\n\t\t\t\t<div class=\"elementor-element elementor-element-6840c3c exad-sticky-section-no exad-glass-effect-no elementor-widget elementor-widget-text-editor\" data-id=\"6840c3c\" data-element_type=\"widget\" data-e-type=\"widget\" data-widget_type=\"text-editor.default\">\n\t\t\t\t<div class=\"elementor-widget-container\">\n\t\t\t\t\t\t\t\t\t<div>Merci de visiter le site internet d\u2019EasyPicky et de prendre connaissance de sa politique de confidentialit\u00e9.\u00a0<\/div>\n<div>\u00a0<\/div>\n<div>En naviguant sur notre site internet ou en utilisant nos services, vous reconnaissez\u00a0avoir lu et compris la pr\u00e9sente politique et consentez \u00e0 ce que vos donn\u00e9es et renseignement personnels soient trait\u00e9s en conformit\u00e9 avec cette derni\u00e8re le cas \u00e9ch\u00e9ant.\u00a0<\/div>\n<div>\u00a0<\/div>\n<div>La pr\u00e9sente politique de confidentialit\u00e9 est compos\u00e9e des \u00e9l\u00e9ments suivants :<\/div>\n<div>\n<ul>\n<li>Objectifs de la politique de la confidentialit\u00e9,<\/li>\n<li>Entr\u00e9e en vigueur,<\/li>\n<li>Modalit\u00e9s de recueil du consentement,<\/li>\n<li>Objectifs de la collecte de donn\u00e9es,<\/li>\n<li>Finalit\u00e9s de traitements de donn\u00e9es,<\/li>\n<li>Donn\u00e9es collect\u00e9es,<\/li>\n<li>Conservation des renseignements personnels<\/li>\n<li>Droit d\u2019opposition, de retrait, d\u2019acc\u00e8s, de rectification et de suppression<\/li>\n<\/ul>\n<\/div>\n\t\t\t\t\t\t\t\t<\/div>\n\t\t\t\t<\/div>\n\t\t\t\t<div class=\"elementor-element elementor-element-b1c837b exad-sticky-section-no exad-glass-effect-no elementor-widget elementor-widget-heading\" data-id=\"b1c837b\" data-element_type=\"widget\" data-e-type=\"widget\" data-widget_type=\"heading.default\">\n\t\t\t\t<div class=\"elementor-widget-container\">\n\t\t\t\t\t<h2 class=\"elementor-heading-title elementor-size-default\">Objectifs de la politique de confidentialit\u00e9 <\/h2>\t\t\t\t<\/div>\n\t\t\t\t<\/div>\n\t\t\t\t<div class=\"elementor-element elementor-element-0d04285 exad-sticky-section-no exad-glass-effect-no elementor-widget elementor-widget-text-editor\" data-id=\"0d04285\" data-element_type=\"widget\" data-e-type=\"widget\" data-widget_type=\"text-editor.default\">\n\t\t\t\t<div class=\"elementor-widget-container\">\n\t\t\t\t\t\t\t\t\t<div>Le respect de la vie priv\u00e9e ainsi que la protection des renseignements personnels sont essentiels pour nous, par la pr\u00e9sente Politique, nous entendons prot\u00e9ger ceux-ci conform\u00e9ment aux lois en vigueur.<\/div>\n<div>Afin d\u2019assurer cette protection, EasyPicky s\u2019engage \u00e0 ne collecter, traiter et partager une information permettant d\u2019identifier un individu que lorsque ce dernier y a consenti, \u00e0 moins que cela ne soit permis ou requis par la loi, auquel cas votre consentement ne sera pas n\u00e9cessaire.<\/div>\n<div>La Politique a pour objectif d\u2019informer les utilisateurs des raisons et de la fa\u00e7on dont EasyPicky, ou toute personne agissant en son nom, va collecter et utiliser leurs renseignements personnels. Elle se veut \u00eatre en langage clair afin de s\u2019assurer un consentement \u00e9clair\u00e9 des utilisateurs.<\/div>\n<div>Aux fins de la pr\u00e9sente Politique, on entend par \u00ab\u00a0renseignements personnels\u00a0\u00bb tous les renseignements sur une personne identifiable ou permettant d\u2019identifier une personne.<\/div>\n\t\t\t\t\t\t\t\t<\/div>\n\t\t\t\t<\/div>\n\t\t\t\t<div class=\"elementor-element elementor-element-d63c7dd exad-sticky-section-no exad-glass-effect-no elementor-widget elementor-widget-heading\" data-id=\"d63c7dd\" data-element_type=\"widget\" data-e-type=\"widget\" data-widget_type=\"heading.default\">\n\t\t\t\t<div class=\"elementor-widget-container\">\n\t\t\t\t\t<h2 class=\"elementor-heading-title elementor-size-default\">Entr\u00e9e en vigueur <\/h2>\t\t\t\t<\/div>\n\t\t\t\t<\/div>\n\t\t\t\t<div class=\"elementor-element elementor-element-c2ee120 exad-sticky-section-no exad-glass-effect-no elementor-widget elementor-widget-text-editor\" data-id=\"c2ee120\" data-element_type=\"widget\" data-e-type=\"widget\" data-widget_type=\"text-editor.default\">\n\t\t\t\t<div class=\"elementor-widget-container\">\n\t\t\t\t\t\t\t\t\t<p>La pr\u00e9sente Politique s\u2019applique \u00e0 partir du 08\/08\/2023.<\/p>\n\t\t\t\t\t\t\t\t<\/div>\n\t\t\t\t<\/div>\n\t\t\t\t<div class=\"elementor-element elementor-element-c836bfa exad-sticky-section-no exad-glass-effect-no elementor-widget elementor-widget-heading\" data-id=\"c836bfa\" data-element_type=\"widget\" data-e-type=\"widget\" data-widget_type=\"heading.default\">\n\t\t\t\t<div class=\"elementor-widget-container\">\n\t\t\t\t\t<h2 class=\"elementor-heading-title elementor-size-default\">Les modalit\u00e9s du recueil du consentement <\/h2>\t\t\t\t<\/div>\n\t\t\t\t<\/div>\n\t\t\t\t<div class=\"elementor-element elementor-element-2750ba9 exad-sticky-section-no exad-glass-effect-no elementor-widget elementor-widget-text-editor\" data-id=\"2750ba9\" data-element_type=\"widget\" data-e-type=\"widget\" data-widget_type=\"text-editor.default\">\n\t\t\t\t<div class=\"elementor-widget-container\">\n\t\t\t\t\t\t\t\t\t<div>Nous nous engageons \u00e0 recueillir un consentement avant de recueillir les renseignements personnels d\u2019un individu. Le consentement peut \u00eatre explicite ou implicite et peut \u00eatre fourni directement par la personne ou par son repr\u00e9sentant autoris\u00e9.<\/div>\n<div>Nous privil\u00e9gions l\u2019obtention d\u2019un consentement explicite, que ce soit verbalement, par voie \u00e9lectronique ou par \u00e9crit. Toutefois le consentement implicite peut-\u00eatre raisonnablement d\u00e9duit de l\u2019action ou l\u2019inaction d\u2019une personne. Par exemple, le fait de fournir une adresse mail pour recevoir une newsletter ou un nom, un pr\u00e9nom, une adresse mail et un num\u00e9ro de t\u00e9l\u00e9phone pour une prise de contact est consid\u00e9r\u00e9 comme un consentement implicite \u00e0 la collecte d\u2019information contenant des renseignements personnels. Pour d\u00e9terminer le type de consentement appropri\u00e9, nous tenons compte de la sensibilit\u00e9 des renseignements personnels en cause, des fins auxquelles ils sont recueillis et des attentes raisonnables d\u2019une personne plac\u00e9 en situation similaire.<\/div>\n<div>Si nous voulons utiliser vos renseignements personnels \u00e0 une nouvelle fin, nous d\u00e9crirons l\u2019utilisation pr\u00e9vue et demanderons \u00e0 nouveau le consentement.<\/div>\n\t\t\t\t\t\t\t\t<\/div>\n\t\t\t\t<\/div>\n\t\t\t\t<div class=\"elementor-element elementor-element-774de01 exad-sticky-section-no exad-glass-effect-no elementor-widget elementor-widget-heading\" data-id=\"774de01\" data-element_type=\"widget\" data-e-type=\"widget\" data-widget_type=\"heading.default\">\n\t\t\t\t<div class=\"elementor-widget-container\">\n\t\t\t\t\t<h2 class=\"elementor-heading-title elementor-size-default\">Objectifs de la collecte de donn\u00e9es<\/h2>\t\t\t\t<\/div>\n\t\t\t\t<\/div>\n\t\t\t\t<div class=\"elementor-element elementor-element-9b1c92d exad-sticky-section-no exad-glass-effect-no elementor-widget elementor-widget-text-editor\" data-id=\"9b1c92d\" data-element_type=\"widget\" data-e-type=\"widget\" data-widget_type=\"text-editor.default\">\n\t\t\t\t<div class=\"elementor-widget-container\">\n\t\t\t\t\t\t\t\t\t<div>Les informations collect\u00e9es le sont conform\u00e9ment aux finalit\u00e9s et objectifs fix\u00e9s par la pr\u00e9sente politique de confidentialit\u00e9.<\/div>\n<div>Voici certaines raisons pour lesquelles nous collectons vos renseignements personnels :<\/div>\n<ul>\n<li>Mise en place et entretien de la relation commerciale : Nous allons collecter et traiter les donn\u00e9es et informations n\u00e9cessaires afin de vous contacter par mail ou par t\u00e9l\u00e9phone, dans le cadre d\u2019une d\u00e9marche commerciale ou de l\u2019envoi de newsletters.<\/li>\n<li>Pour \u00e9valuer les performances de notre site internet : afin d\u2019analyser les performances de notre site internet nous utilisons Google Analytics. Google Analytics est un service d\u2019analyse web propos\u00e9 par Google qui assure le suivi du trafic d\u2019un site web et en rend compte. Google utilise les donn\u00e9es recueillies pour suivre et surveiller l\u2019utilisation de notre Service. Ces donn\u00e9es sont partag\u00e9es avec d\u2019autres services Google. Google peut utiliser les donn\u00e9es recueillies pour contextualiser et personnaliser les annonces de son propre r\u00e9seau publicitaire. Pour plus de pr\u00e9cisions sur les pratiques de confidentialit\u00e9 de Google, merci de consulter\u00a0<a href=\"https:\/\/policies.google.com\/privacy?hl=fr\" target=\"_blank\" rel=\"noreferrer noopener\" aria-label=\"la page web Protection de la vie priv\u00e9e et conditions de Google (opens in a new tab)\">la page web Protection de la vie priv\u00e9e et conditions de Google<\/a>.<\/li>\n<\/ul>\n<div>\u00a0<\/div>\n\t\t\t\t\t\t\t\t<\/div>\n\t\t\t\t<\/div>\n\t\t\t\t<div class=\"elementor-element elementor-element-08f16be exad-sticky-section-no exad-glass-effect-no elementor-widget elementor-widget-heading\" data-id=\"08f16be\" data-element_type=\"widget\" data-e-type=\"widget\" data-widget_type=\"heading.default\">\n\t\t\t\t<div class=\"elementor-widget-container\">\n\t\t\t\t\t<h2 class=\"elementor-heading-title elementor-size-default\">Finalit\u00e9s de traitements des donn\u00e9es<\/h2>\t\t\t\t<\/div>\n\t\t\t\t<\/div>\n\t\t\t\t<div class=\"elementor-element elementor-element-108d2c8 exad-sticky-section-no exad-glass-effect-no elementor-widget elementor-widget-text-editor\" data-id=\"108d2c8\" data-element_type=\"widget\" data-e-type=\"widget\" data-widget_type=\"text-editor.default\">\n\t\t\t\t<div class=\"elementor-widget-container\">\n\t\t\t\t\t\t\t\t\t<p class=\"\">Dans l\u2019int\u00e9r\u00eat l\u00e9gitime de l\u2019entreprise et suivant les obligations l\u00e9gales en vigueur en France, EasyPicky traite vos donn\u00e9es notamment pour les finalit\u00e9s suivantes :<\/p>\n<ul>\n<li>la gestion commerciale\u00a0;<\/li>\n<li>la prospection et le marketing.\u00a0<\/li>\n<\/ul>\t\t\t\t\t\t\t\t<\/div>\n\t\t\t\t<\/div>\n\t\t\t\t<div class=\"elementor-element elementor-element-a9a6c00 exad-sticky-section-no exad-glass-effect-no elementor-widget elementor-widget-heading\" data-id=\"a9a6c00\" data-element_type=\"widget\" data-e-type=\"widget\" data-widget_type=\"heading.default\">\n\t\t\t\t<div class=\"elementor-widget-container\">\n\t\t\t\t\t<h2 class=\"elementor-heading-title elementor-size-default\">Donn\u00e9es collect\u00e9es<\/h2>\t\t\t\t<\/div>\n\t\t\t\t<\/div>\n\t\t\t\t<div class=\"elementor-element elementor-element-ae6e27f exad-sticky-section-no exad-glass-effect-no elementor-widget elementor-widget-heading\" data-id=\"ae6e27f\" data-element_type=\"widget\" data-e-type=\"widget\" data-widget_type=\"heading.default\">\n\t\t\t\t<div class=\"elementor-widget-container\">\n\t\t\t\t\t<h3 class=\"elementor-heading-title elementor-size-default\">Donn\u00e9es que vous nous communiquez<\/h3>\t\t\t\t<\/div>\n\t\t\t\t<\/div>\n\t\t\t\t<div class=\"elementor-element elementor-element-fae6906 exad-sticky-section-no exad-glass-effect-no elementor-widget elementor-widget-text-editor\" data-id=\"fae6906\" data-element_type=\"widget\" data-e-type=\"widget\" data-widget_type=\"text-editor.default\">\n\t\t\t\t<div class=\"elementor-widget-container\">\n\t\t\t\t\t\t\t\t\t<p class=\"\">Selon le formulaire utilis\u00e9, Easypicky collecte les donn\u00e9es suivantes :<\/p>\n<ul>\n<li>nom et pr\u00e9nom\u00a0;<\/li>\n<li>adresse email\u00a0;<\/li>\n<li>t\u00e9l\u00e9phone.<\/li>\n<\/ul>\t\t\t\t\t\t\t\t<\/div>\n\t\t\t\t<\/div>\n\t\t\t\t<div class=\"elementor-element elementor-element-8799b93 exad-sticky-section-no exad-glass-effect-no elementor-widget elementor-widget-heading\" data-id=\"8799b93\" data-element_type=\"widget\" data-e-type=\"widget\" data-widget_type=\"heading.default\">\n\t\t\t\t<div class=\"elementor-widget-container\">\n\t\t\t\t\t<h3 class=\"elementor-heading-title elementor-size-default\">Donn\u00e9es collect\u00e9es automatiquement<\/h3>\t\t\t\t<\/div>\n\t\t\t\t<\/div>\n\t\t\t\t<div class=\"elementor-element elementor-element-859897d exad-sticky-section-no exad-glass-effect-no elementor-widget elementor-widget-text-editor\" data-id=\"859897d\" data-element_type=\"widget\" data-e-type=\"widget\" data-widget_type=\"text-editor.default\">\n\t\t\t\t<div class=\"elementor-widget-container\">\n\t\t\t\t\t\t\t\t\t<p class=\"\">EasyPicky recueille certaines informations par le biais de fichiers journaux (log file) et de fichiers t\u00e9moins (cookies). Il s\u2019agit principalement des informations suivantes :<\/p>\n<ul>\n<li>adresse IP\u00a0;<\/li>\n<li>syst\u00e8me d\u2019exploitation, navigateur\u00a0;<\/li>\n<li>pages visit\u00e9es et requ\u00eates\u00a0;<\/li>\n<li>heure et jour de connexion\u00a0;<\/li>\n<li>mots cl\u00e9s et requ\u00eate de recherche.<\/li>\n<\/ul>\n<p class=\"\">Le recours \u00e0 ces informations nous permet d\u2019am\u00e9liorer le service et de produire des statistiques<\/p>\n\t\t\t\t\t\t\t\t<\/div>\n\t\t\t\t<\/div>\n\t\t\t\t<div class=\"elementor-element elementor-element-a371b3a exad-sticky-section-no exad-glass-effect-no elementor-widget elementor-widget-heading\" data-id=\"a371b3a\" data-element_type=\"widget\" data-e-type=\"widget\" data-widget_type=\"heading.default\">\n\t\t\t\t<div class=\"elementor-widget-container\">\n\t\t\t\t\t<h2 class=\"elementor-heading-title elementor-size-default\">Conservation des renseignements personnels <\/h2>\t\t\t\t<\/div>\n\t\t\t\t<\/div>\n\t\t\t\t<div class=\"elementor-element elementor-element-686e3dc exad-sticky-section-no exad-glass-effect-no elementor-widget elementor-widget-text-editor\" data-id=\"686e3dc\" data-element_type=\"widget\" data-e-type=\"widget\" data-widget_type=\"text-editor.default\">\n\t\t\t\t<div class=\"elementor-widget-container\">\n\t\t\t\t\t\t\t\t\t<p>Les donn\u00e9es sont conserv\u00e9es pendant une dur\u00e9e qui n\u2019exc\u00e8de pas la dur\u00e9e n\u00e9cessaire aux finalit\u00e9s pour lesquelles elles ont \u00e9t\u00e9 collect\u00e9es.<br \/>En ce qui concerne sp\u00e9cifiquement l\u2019utilisation de vos donn\u00e9es \u00e0 des fins de prospection commerciale, le point de d\u00e9part de la dur\u00e9e d\u2019utilisation des donn\u00e9es est le moment de la collecte des donn\u00e9es ou le dernier contact \u00e9manant du prospect (demande de documentation ou clic sur un lien hypertexte).<br \/>Dans tous les cas, vos donn\u00e9es ne seront pas utilis\u00e9es pour adresser des sollicitations commerciales au-del\u00e0 de trois ans \u00e0 compter de la collecte ou du dernier contact du prospect.<\/p>\n\t\t\t\t\t\t\t\t<\/div>\n\t\t\t\t<\/div>\n\t\t\t\t<div class=\"elementor-element elementor-element-6829dcd exad-sticky-section-no exad-glass-effect-no elementor-widget elementor-widget-heading\" data-id=\"6829dcd\" data-element_type=\"widget\" data-e-type=\"widget\" data-widget_type=\"heading.default\">\n\t\t\t\t<div class=\"elementor-widget-container\">\n\t\t\t\t\t<h2 class=\"elementor-heading-title elementor-size-default\">Droit d\u2019opposition et de retrait<\/h2>\t\t\t\t<\/div>\n\t\t\t\t<\/div>\n\t\t\t\t<div class=\"elementor-element elementor-element-2b944bb exad-sticky-section-no exad-glass-effect-no elementor-widget elementor-widget-text-editor\" data-id=\"2b944bb\" data-element_type=\"widget\" data-e-type=\"widget\" data-widget_type=\"text-editor.default\">\n\t\t\t\t<div class=\"elementor-widget-container\">\n\t\t\t\t\t\t\t\t\t<p class=\"\">We are committed to offering you a right of opposition and withdrawal with regard to your personal data. <br \/> He right of opposition is understood to be the possibility offered to Internet users to refuse that their personal information be used for certain purposes mentioned at the time of collection.<br \/> If our services allow you to exercise this right, we suggest that you tick the appropriate box when filling in a form.<\/p>\n<p> The right of withdrawal is understood to be the possibility offered to Internet users to request that their personal information no longer appears, for example, on a mailing list. <br \/>To exercise this right, you can contact us electronically at the following address: marketing@easypicky.com.<br \/>You can unsubscribe from our email dispatches by clicking on the unsubscribe link or the link for managing subscription preferences at the bottom of our messages. You may object at any time to your details being used for commercial prospecting purposes by contacting marketing@easypicky.com.<\/p>\t\t\t\t\t\t\t\t<\/div>\n\t\t\t\t<\/div>\n\t\t\t\t<div class=\"elementor-element elementor-element-7e8fa99 exad-sticky-section-no exad-glass-effect-no elementor-widget elementor-widget-heading\" data-id=\"7e8fa99\" data-element_type=\"widget\" data-e-type=\"widget\" data-widget_type=\"heading.default\">\n\t\t\t\t<div class=\"elementor-widget-container\">\n\t\t\t\t\t<h2 class=\"elementor-heading-title elementor-size-default\">Droit d\u2019acc\u00e8s, de rectification et de suppression<\/h2>\t\t\t\t<\/div>\n\t\t\t\t<\/div>\n\t\t\t\t<div class=\"elementor-element elementor-element-dd398b6 exad-sticky-section-no exad-glass-effect-no elementor-widget elementor-widget-text-editor\" data-id=\"dd398b6\" data-element_type=\"widget\" data-e-type=\"widget\" data-widget_type=\"text-editor.default\">\n\t\t\t\t<div class=\"elementor-widget-container\">\n\t\t\t\t\t\t\t\t\t<p class=\"\">Nous nous engageons \u00e0 reconna\u00eetre un droit d\u2019acc\u00e8s et de rectification aux personnes concern\u00e9es d\u00e9sireuses de consulter, modifier, voire supprimer les informations les concernant.<br \/>L\u2019exercice de ce droit se fera\u00a0:<\/p>\n<ul>\n<li>en nous \u00e9crivant \u00e0 l\u2019adresse postale suivante : Easypicky, 72 Boulevard P\u00e9n\u00e9lope, 34000 Montpellier<\/li>\n<li>par voie \u00e9lectronique : <a title=\"mailto:privacy@easypicky.com\" href=\"mailto:privacy@easypicky.com\" data-outlook-id=\"f5bf17e9-3161-4117-8f3e-0649bdd10968\">privacy@easypicky.com\u00a0<\/a><\/li>\n<\/ul>\n<p class=\"\">Selon les cas, EasyPicky ne sera pas toujours l\u00e9galement tenu de r\u00e9pondre favorablement aux demandes li\u00e9es \u00e0 ces droits.<\/p>\n\t\t\t\t\t\t\t\t<\/div>\n\t\t\t\t<\/div>\n\t\t\t\t<div class=\"elementor-element elementor-element-6c7bc8f exad-sticky-section-no exad-glass-effect-no elementor-widget elementor-widget-heading\" data-id=\"6c7bc8f\" data-element_type=\"widget\" data-e-type=\"widget\" data-widget_type=\"heading.default\">\n\t\t\t\t<div class=\"elementor-widget-container\">\n\t\t\t\t\t<h2 class=\"elementor-heading-title elementor-size-default\">L\u00e9gislation<\/h2>\t\t\t\t<\/div>\n\t\t\t\t<\/div>\n\t\t\t\t<div class=\"elementor-element elementor-element-e763467 exad-sticky-section-no exad-glass-effect-no elementor-widget elementor-widget-text-editor\" data-id=\"e763467\" data-element_type=\"widget\" data-e-type=\"widget\" data-widget_type=\"text-editor.default\">\n\t\t\t\t<div class=\"elementor-widget-container\">\n\t\t\t\t\t\t\t\t\t<p>Nous nous engageons \u00e0 respecter les dispositions l\u00e9gislatives \u00e9nonc\u00e9es dans le R\u00e8glement G\u00e9n\u00e9ral sur la Protection des Donn\u00e9es (RGPD) UE n\u00b0 2016\/679 du 26 avril 2016, et la Loi Informatique et Libert\u00e9s du 6 janvier 1978 modifi\u00e9e.<br \/>En cas de difficult\u00e9 en lien avec la gestion de vos donn\u00e9es personnelles, vous pouvez adresser une r\u00e9clamation de la CNIL.<br \/>Nous vous informons de l\u2019existence de la liste d\u2019opposition au d\u00e9marchage t\u00e9l\u00e9phonique \u00ab\u00a0Bloctel\u00a0\u00bb, sur laquelle vous pouvez vous inscrire ici\u00a0:\u00a0<a href=\"http:\/\/www.bloctel.gouv.fr\/\" target=\"_blank\" rel=\"noopener\">http:\/\/www.bloctel.gouv.fr\/<\/a>.<\/p>\n\t\t\t\t\t\t\t\t<\/div>\n\t\t\t\t<\/div>\n\t\t\t\t\t<\/div>\n\t\t<\/div>\n\t\t\t\t\t<\/div>\n\t\t<\/section>\n\t\t\t\t<\/div>\n\t\t","protected":false},"excerpt":{"rendered":"<p>Politique de confidentialit\u00e9 Pr\u00e9ambule Merci de visiter le site internet d\u2019EasyPicky et de prendre connaissance de sa politique de confidentialit\u00e9.\u00a0 \u00a0 En [&hellip;]<\/p>\n","protected":false},"author":1,"featured_media":0,"parent":0,"menu_order":0,"comment_status":"closed","ping_status":"open","template":"","meta":{"_seopress_robots_primary_cat":"","_seopress_titles_title":"Privacy Policy - EasyPicky","_seopress_titles_desc":"Discover our Privacy Policy - EasyPicky","_seopress_robots_index":"","content-type":"","footnotes":""},"class_list":["post-5048","page","type-page","status-publish","hentry"],"_links":{"self":[{"href":"https:\/\/easypicky.com\/en\/wp-json\/wp\/v2\/pages\/5048","targetHints":{"allow":["GET"]}}],"collection":[{"href":"https:\/\/easypicky.com\/en\/wp-json\/wp\/v2\/pages"}],"about":[{"href":"https:\/\/easypicky.com\/en\/wp-json\/wp\/v2\/types\/page"}],"author":[{"embeddable":true,"href":"https:\/\/easypicky.com\/en\/wp-json\/wp\/v2\/users\/1"}],"replies":[{"embeddable":true,"href":"https:\/\/easypicky.com\/en\/wp-json\/wp\/v2\/comments?post=5048"}],"version-history":[{"count":8,"href":"https:\/\/easypicky.com\/en\/wp-json\/wp\/v2\/pages\/5048\/revisions"}],"predecessor-version":[{"id":15378,"href":"https:\/\/easypicky.com\/en\/wp-json\/wp\/v2\/pages\/5048\/revisions\/15378"}],"wp:attachment":[{"href":"https:\/\/easypicky.com\/en\/wp-json\/wp\/v2\/media?parent=5048"}],"curies":[{"name":"wp","href":"https:\/\/api.w.org\/{rel}","templated":true}]}}