{"id":4559,"date":"2023-09-21T11:45:31","date_gmt":"2023-09-21T09:45:31","guid":{"rendered":"https:\/\/easypicky.com\/newsletter\/"},"modified":"2025-03-18T14:55:50","modified_gmt":"2025-03-18T13:55:50","slug":"newsletter","status":"publish","type":"page","link":"https:\/\/easypicky.com\/en\/newsletter\/","title":{"rendered":"Newsletter"},"content":{"rendered":"\t\t<div data-elementor-type=\"wp-page\" data-elementor-id=\"4559\" class=\"elementor elementor-4559 elementor-4342\">\n\t\t\t\t\t\t<section class=\"elementor-section elementor-top-section elementor-element elementor-element-93c1a6f elementor-section-boxed elementor-section-height-default elementor-section-height-default exad-glass-effect-no exad-sticky-section-no\" data-id=\"93c1a6f\" data-element_type=\"section\" data-e-type=\"section\" data-settings=\"{&quot;background_background&quot;:&quot;classic&quot;}\">\n\t\t\t\t\t\t<div class=\"elementor-container elementor-column-gap-default\">\n\t\t\t\t\t<div class=\"elementor-column elementor-col-100 elementor-top-column elementor-element elementor-element-0842966 exad-glass-effect-no exad-sticky-section-no\" data-id=\"0842966\" data-element_type=\"column\" data-e-type=\"column\">\n\t\t\t<div class=\"elementor-widget-wrap elementor-element-populated\">\n\t\t\t\t\t\t<div class=\"elementor-element elementor-element-513b86d ui-e-a-animate exad-sticky-section-no exad-glass-effect-no elementor-widget elementor-widget-highlighted-text\" data-id=\"513b86d\" data-element_type=\"widget\" data-e-type=\"widget\" data-widget_type=\"highlighted-text.default\">\n\t\t\t\t<div class=\"elementor-widget-container\">\n\t\t\t\t\t\t\t<h1 class=\"ui-e--highlighted-text\" >\r\n        <span class=\"whitespace\"> <\/span><span class=\"ui-e-headline-text ui-e-headline-stroke1\">\r\n\t\t\t\t\t\t\t<span class=\"ui-e-headline-text ui-e-headline-highlighted\">EasyNews<\/span><span class=\"uicore-svg-wrapper\"><svg xmlns=\"http:\/\/www.w3.org\/2000\/svg\" viewBox=\"0 0 500 150\" preserveAspectRatio=\"none\"><path d='M15.2,133.3L15.2,133.3c121.9-7.6,244-9.9,366.1-6.8c34.6,0.9,69.1,2.3,103.7,4'\/><\/svg><\/span><\/span><span class=\"whitespace\"> <\/span>        <\/h1>\r\n        \t\t\t\t<\/div>\n\t\t\t\t<\/div>\n\t\t\t\t\t<\/div>\n\t\t<\/div>\n\t\t\t\t\t<\/div>\n\t\t<\/section>\n\t\t\t\t<section class=\"elementor-section elementor-top-section elementor-element elementor-element-989f8c5 elementor-section-boxed elementor-section-height-default elementor-section-height-default exad-glass-effect-no exad-sticky-section-no\" data-id=\"989f8c5\" data-element_type=\"section\" data-e-type=\"section\" data-settings=\"{&quot;background_background&quot;:&quot;classic&quot;}\">\n\t\t\t\t\t\t<div class=\"elementor-container elementor-column-gap-default\">\n\t\t\t\t\t<div class=\"elementor-column elementor-col-50 elementor-top-column elementor-element elementor-element-77c8bef exad-glass-effect-no exad-sticky-section-no\" data-id=\"77c8bef\" data-element_type=\"column\" data-e-type=\"column\">\n\t\t\t<div class=\"elementor-widget-wrap elementor-element-populated\">\n\t\t\t\t\t\t<div class=\"elementor-element elementor-element-e24e7b9 exad-sticky-section-no exad-glass-effect-no elementor-widget elementor-widget-text-editor\" data-id=\"e24e7b9\" data-element_type=\"widget\" data-e-type=\"widget\" data-widget_type=\"text-editor.default\">\n\t\t\t\t<div class=\"elementor-widget-container\">\n\t\t\t\t\t\t\t\t\t<p>Visit us every month to discover our newsletter, which will inform you about :<\/p><ul><li>  Our favorite subjects: Image Recognition, AI, tech for retail<\/li><li>Optimizing field data processing in the retail sector<\/li><li>Behind the scenes at EasyPicky, solutions developed, testimonials, etc.<\/li><\/ul>\t\t\t\t\t\t\t\t<\/div>\n\t\t\t\t<\/div>\n\t\t\t\t<div class=\"elementor-element elementor-element-0a7a572 exad-sticky-section-no exad-glass-effect-no elementor-widget elementor-widget-bdt-mailchimp-for-wp\" data-id=\"0a7a572\" data-element_type=\"widget\" data-e-type=\"widget\" data-widget_type=\"bdt-mailchimp-for-wp.default\">\n\t\t\t\t<div class=\"elementor-widget-container\">\n\t\t\t\t\t<script>(function() {\n\twindow.mc4wp = window.mc4wp || {\n\t\tlisteners: [],\n\t\tforms: {\n\t\t\ton: function(evt, cb) {\n\t\t\t\twindow.mc4wp.listeners.push(\n\t\t\t\t\t{\n\t\t\t\t\t\tevent   : evt,\n\t\t\t\t\t\tcallback: cb\n\t\t\t\t\t}\n\t\t\t\t);\n\t\t\t}\n\t\t}\n\t}\n})();\n<\/script><!-- Mailchimp for WordPress v4.12.1 - https:\/\/wordpress.org\/plugins\/mailchimp-for-wp\/ --><form id=\"mc4wp-form-1\" class=\"mc4wp-form mc4wp-form-4648 mc4wp-form-basic\" method=\"post\" data-id=\"4648\" data-name=\"Newsletter FR\" ><div class=\"mc4wp-form-fields\"><p>\r\n\t<label>E-mail: \r\n    <input type=\"email\" name=\"EMAIL\" id=\"EMAIL\" required style=\"width: 50%; border-radius: 10px;\" \/>\r\n<\/label>\r\n<\/p>\r\n\r\n<mc4wp-procaptcha class=\"mc4wp-procaptcha\" style=\"display: block;\"><div class=\"mc4wp-procaptcha__captcha\"><\/div><p class=\"mc4wp-procaptcha__validation-error\" style=\"visibility: hidden;color:red;line-height:1;font-size: 12px;padding: 7px 0 10px 10px;margin:0;\">Please verify that you are human.<\/p><\/mc4wp-procaptcha>\r\n\r\n<p>\r\n\t<input type=\"submit\" value=\"Subscribe\" style=\"background-color: #e72f7a; border-radius: 10px; border: none;\" \/>\r\n<\/p>\r\n<\/div><label style=\"display: none !important;\">Leave this field empty if you're human: <input type=\"text\" name=\"_mc4wp_honeypot\" value=\"\" tabindex=\"-1\" autocomplete=\"off\" \/><\/label><input type=\"hidden\" name=\"_mc4wp_timestamp\" value=\"1776267638\" \/><input type=\"hidden\" name=\"_mc4wp_form_id\" value=\"4648\" \/><input type=\"hidden\" name=\"_mc4wp_form_element_id\" value=\"mc4wp-form-1\" \/><div class=\"mc4wp-response\"><\/div><\/form><!-- \/ Mailchimp for WordPress Plugin -->\t\t\t\t<\/div>\n\t\t\t\t<\/div>\n\t\t\t\t<div class=\"elementor-element elementor-element-316b37e exad-sticky-section-no exad-glass-effect-no elementor-widget elementor-widget-text-editor\" data-id=\"316b37e\" data-element_type=\"widget\" data-e-type=\"widget\" data-widget_type=\"text-editor.default\">\n\t\t\t\t<div class=\"elementor-widget-container\">\n\t\t\t\t\t\t\t\t\t<p>By clicking on \u2018Subscribe\u2019, you agree to receive our e-mails and confirm that you have read our privacy policy. <a href=\"https:\/\/easypicky.com\/en\/privacy-policy\/\">politique de confidentialit\u00e9<\/a>.<\/p>\n<p><label class=\"entry__error entry__error--primary\"><\/label><label class=\"entry__specification\">Vous pouvez vous d\u00e9sinscrire \u00e0 tout moment en cliquant sur le lien pr\u00e9sent dans nos emails.<\/label><\/p>\n\t\t\t\t\t\t\t\t<\/div>\n\t\t\t\t<\/div>\n\t\t\t\t\t<\/div>\n\t\t<\/div>\n\t\t\t\t<div class=\"elementor-column elementor-col-50 elementor-top-column elementor-element elementor-element-8ada003 exad-glass-effect-no exad-sticky-section-no\" data-id=\"8ada003\" data-element_type=\"column\" data-e-type=\"column\">\n\t\t\t<div class=\"elementor-widget-wrap elementor-element-populated\">\n\t\t\t\t\t\t<div class=\"elementor-element elementor-element-bab3a00 exad-sticky-section-no exad-glass-effect-no elementor-widget elementor-widget-image\" data-id=\"bab3a00\" data-element_type=\"widget\" data-e-type=\"widget\" data-widget_type=\"image.default\">\n\t\t\t\t<div class=\"elementor-widget-container\">\n\t\t\t\t\t\t\t\t\t\t\t\t\t\t\t<img fetchpriority=\"high\" decoding=\"async\" width=\"1024\" height=\"1024\" src=\"https:\/\/easypicky-555036211.imgix.net\/wp-content\/uploads\/2024\/05\/Design-sans-titre-3.png?auto=format%2Cenhance%2Ccompress&amp;w=1024&amp;h=1024\" class=\"attachment-large size-large wp-image-10136\" alt=\"a women with a pink sweater holding an email\" srcset=\"https:\/\/easypicky-555036211.imgix.net\/wp-content\/uploads\/2024\/05\/Design-sans-titre-3.png?auto=format%2Cenhance%2Ccompress&amp;w=600 600w, https:\/\/easypicky-555036211.imgix.net\/wp-content\/uploads\/2024\/05\/Design-sans-titre-3.png?auto=format%2Cenhance%2Ccompress&amp;w=300 300w, https:\/\/easypicky-555036211.imgix.net\/wp-content\/uploads\/2024\/05\/Design-sans-titre-3.png?auto=format%2Cenhance%2Ccompress&amp;w=150 150w\" sizes=\"(max-width: 1024px) 100vw, 1024px\" \/>\t\t\t\t\t\t\t\t\t\t\t\t\t\t\t<\/div>\n\t\t\t\t<\/div>\n\t\t\t\t\t<\/div>\n\t\t<\/div>\n\t\t\t\t\t<\/div>\n\t\t<\/section>\n\t\t\t\t<\/div>\n\t\t","protected":false},"excerpt":{"rendered":"<p>EasyNews Visit us every month to discover our newsletter, which will inform you about : Our favorite subjects: Image Recognition, AI, tech [&hellip;]<\/p>\n","protected":false},"author":3,"featured_media":0,"parent":0,"menu_order":0,"comment_status":"closed","ping_status":"closed","template":"","meta":{"_seopress_robots_primary_cat":"","_seopress_titles_title":"Newsletter EN - EasyPicky","_seopress_titles_desc":"Discover our newsletter, which will inform you about : Image Recognition, AI, tech for retail, optimizing field data processing in the retail sector, etc. ","_seopress_robots_index":"","content-type":"","footnotes":""},"class_list":["post-4559","page","type-page","status-publish","hentry"],"_links":{"self":[{"href":"https:\/\/easypicky.com\/en\/wp-json\/wp\/v2\/pages\/4559","targetHints":{"allow":["GET"]}}],"collection":[{"href":"https:\/\/easypicky.com\/en\/wp-json\/wp\/v2\/pages"}],"about":[{"href":"https:\/\/easypicky.com\/en\/wp-json\/wp\/v2\/types\/page"}],"author":[{"embeddable":true,"href":"https:\/\/easypicky.com\/en\/wp-json\/wp\/v2\/users\/3"}],"replies":[{"embeddable":true,"href":"https:\/\/easypicky.com\/en\/wp-json\/wp\/v2\/comments?post=4559"}],"version-history":[{"count":49,"href":"https:\/\/easypicky.com\/en\/wp-json\/wp\/v2\/pages\/4559\/revisions"}],"predecessor-version":[{"id":15377,"href":"https:\/\/easypicky.com\/en\/wp-json\/wp\/v2\/pages\/4559\/revisions\/15377"}],"wp:attachment":[{"href":"https:\/\/easypicky.com\/en\/wp-json\/wp\/v2\/media?parent=4559"}],"curies":[{"name":"wp","href":"https:\/\/api.w.org\/{rel}","templated":true}]}}