{"id":14430,"date":"2024-05-02T16:30:58","date_gmt":"2024-05-02T14:30:58","guid":{"rendered":"https:\/\/easypicky.com\/success-stories\/"},"modified":"2025-04-25T14:21:36","modified_gmt":"2025-04-25T12:21:36","slug":"success-stories","status":"publish","type":"page","link":"https:\/\/easypicky.com\/de\/success-stories\/","title":{"rendered":"Success Stories"},"content":{"rendered":"\t\t<div data-elementor-type=\"wp-page\" data-elementor-id=\"14430\" class=\"elementor elementor-14430 elementor-9503\">\n\t\t\t\t\t\t<section class=\"elementor-section elementor-top-section elementor-element elementor-element-a54f2d3 elementor-section-boxed elementor-section-height-default elementor-section-height-default exad-glass-effect-no exad-sticky-section-no\" data-id=\"a54f2d3\" data-element_type=\"section\" data-e-type=\"section\" data-settings=\"{&quot;background_background&quot;:&quot;classic&quot;,&quot;shape_divider_bottom&quot;:&quot;triangle-asymmetrical&quot;,&quot;shape_divider_bottom_negative&quot;:&quot;yes&quot;}\">\n\t\t\t\t\t<div class=\"elementor-shape elementor-shape-bottom\" aria-hidden=\"true\" data-negative=\"true\">\n\t\t\t<svg xmlns=\"http:\/\/www.w3.org\/2000\/svg\" viewBox=\"0 0 1000 100\" preserveAspectRatio=\"none\">\n\t<path class=\"elementor-shape-fill\" d=\"M737.9,94.7L0,0v100h1000V0L737.9,94.7z\"\/>\n<\/svg>\t\t<\/div>\n\t\t\t\t\t<div class=\"elementor-container elementor-column-gap-default\">\n\t\t\t\t\t<div class=\"elementor-column elementor-col-50 elementor-top-column elementor-element elementor-element-84fc103 exad-glass-effect-no exad-sticky-section-no\" data-id=\"84fc103\" data-element_type=\"column\" data-e-type=\"column\">\n\t\t\t<div class=\"elementor-widget-wrap elementor-element-populated\">\n\t\t\t\t\t\t<div class=\"elementor-element elementor-element-4bbf54a ui-e-a-animate exad-sticky-section-no exad-glass-effect-no elementor-widget elementor-widget-highlighted-text\" data-id=\"4bbf54a\" data-element_type=\"widget\" data-e-type=\"widget\" data-widget_type=\"highlighted-text.default\">\n\t\t\t\t<div class=\"elementor-widget-container\">\n\t\t\t\t\t\t\t<h1 class=\"ui-e--highlighted-text\" >\r\n        <span class=\"whitespace\"> <\/span><span class=\"ui-e-headline-text ui-e-headline-stroke1\">\r\n\t\t\t\t\t\t\t<span class=\"ui-e-headline-text ui-e-headline-highlighted\">Success<\/span><span class=\"uicore-svg-wrapper\"><svg xmlns=\"http:\/\/www.w3.org\/2000\/svg\" viewBox=\"0 0 500 150\" preserveAspectRatio=\"none\"><path d='M15.2,133.3L15.2,133.3c121.9-7.6,244-9.9,366.1-6.8c34.6,0.9,69.1,2.3,103.7,4'\/><\/svg><\/span><\/span><span class=\"whitespace\"> <\/span><span class=\"ui-e-headline-text\">stories<\/span>        <\/h1>\r\n        \t\t\t\t<\/div>\n\t\t\t\t<\/div>\n\t\t\t\t<div class=\"elementor-element elementor-element-20e395b exad-sticky-section-no exad-glass-effect-no elementor-widget elementor-widget-text-editor\" data-id=\"20e395b\" data-element_type=\"widget\" data-e-type=\"widget\" data-widget_type=\"text-editor.default\">\n\t\t\t\t<div class=\"elementor-widget-container\">\n\t\t\t\t\t\t\t\t\t<p>Wir bei EasyPicky sind besonders stolz darauf, die R\u00fcckmeldungen und Erfolge unserer Kunden teilen zu k\u00f6nnen, die die Leistungsf\u00e4higkeit unserer L\u00f6sung belegen.<\/p>\n<p>Erfahren Sie, wie EasyPicky die Art und Weise ver\u00e4ndert hat, wie diese Unternehmen ihre Felddaten sammeln und auswerten, um ihre Wettbewerbsvorteile zu erhalten.<\/p>\n\t\t\t\t\t\t\t\t<\/div>\n\t\t\t\t<\/div>\n\t\t\t\t\t<\/div>\n\t\t<\/div>\n\t\t\t\t<div class=\"elementor-column elementor-col-50 elementor-top-column elementor-element elementor-element-847a490 exad-glass-effect-no exad-sticky-section-no\" data-id=\"847a490\" data-element_type=\"column\" data-e-type=\"column\">\n\t\t\t<div class=\"elementor-widget-wrap elementor-element-populated\">\n\t\t\t\t\t\t<div class=\"elementor-element elementor-element-4d27ff6 exad-sticky-section-no exad-glass-effect-no elementor-widget elementor-widget-image\" data-id=\"4d27ff6\" data-element_type=\"widget\" data-e-type=\"widget\" data-widget_type=\"image.default\">\n\t\t\t\t<div class=\"elementor-widget-container\">\n\t\t\t\t\t\t\t\t\t\t\t\t\t\t\t<img fetchpriority=\"high\" decoding=\"async\" width=\"1024\" height=\"1024\" src=\"https:\/\/easypicky.com\/wp-content\/uploads\/2024\/05\/Success-Stories.webp?w=1024&amp;h=1024\" class=\"attachment-large size-large wp-image-14431\" alt=\"\" \/>\t\t\t\t\t\t\t\t\t\t\t\t\t\t\t<\/div>\n\t\t\t\t<\/div>\n\t\t\t\t\t<\/div>\n\t\t<\/div>\n\t\t\t\t\t<\/div>\n\t\t<\/section>\n\t\t\t\t<section class=\"elementor-section elementor-top-section elementor-element elementor-element-852bd83 elementor-section-boxed elementor-section-height-default elementor-section-height-default exad-glass-effect-no exad-sticky-section-no\" data-id=\"852bd83\" data-element_type=\"section\" data-e-type=\"section\">\n\t\t\t\t\t\t<div class=\"elementor-container elementor-column-gap-default\">\n\t\t\t\t\t<div class=\"elementor-column elementor-col-100 elementor-top-column elementor-element elementor-element-a8817dd exad-glass-effect-no exad-sticky-section-no\" data-id=\"a8817dd\" data-element_type=\"column\" data-e-type=\"column\">\n\t\t\t<div class=\"elementor-widget-wrap elementor-element-populated\">\n\t\t\t\t\t\t<section class=\"elementor-section elementor-inner-section elementor-element elementor-element-9b689f6 elementor-section-boxed elementor-section-height-default elementor-section-height-default exad-glass-effect-no exad-sticky-section-no\" data-id=\"9b689f6\" data-element_type=\"section\" data-e-type=\"section\">\n\t\t\t\t\t\t<div class=\"elementor-container elementor-column-gap-default\">\n\t\t\t\t\t<div class=\"elementor-column elementor-col-100 elementor-inner-column elementor-element elementor-element-36159e0 exad-glass-effect-no exad-sticky-section-no\" data-id=\"36159e0\" data-element_type=\"column\" data-e-type=\"column\">\n\t\t\t<div class=\"elementor-widget-wrap elementor-element-populated\">\n\t\t\t\t\t\t<div class=\"elementor-element elementor-element-81c5d85 exad-sticky-section-no exad-glass-effect-no elementor-widget elementor-widget-image-carousel\" data-id=\"81c5d85\" data-element_type=\"widget\" data-e-type=\"widget\" data-settings=\"{&quot;slides_to_show&quot;:&quot;7&quot;,&quot;navigation&quot;:&quot;none&quot;,&quot;autoplay_speed&quot;:3000,&quot;slides_to_show_tablet&quot;:&quot;6&quot;,&quot;slides_to_show_mobile&quot;:&quot;4&quot;,&quot;slides_to_scroll&quot;:&quot;1&quot;,&quot;autoplay&quot;:&quot;yes&quot;,&quot;pause_on_hover&quot;:&quot;yes&quot;,&quot;pause_on_interaction&quot;:&quot;yes&quot;,&quot;infinite&quot;:&quot;yes&quot;,&quot;speed&quot;:500}\" data-widget_type=\"image-carousel.default\">\n\t\t\t\t<div class=\"elementor-widget-container\">\n\t\t\t\t\t\t\t<div class=\"elementor-image-carousel-wrapper swiper\" role=\"region\" aria-roledescription=\"carousel\" aria-label=\"Bild Karussell\" dir=\"ltr\">\n\t\t\t<div class=\"elementor-image-carousel swiper-wrapper\" aria-live=\"off\">\n\t\t\t\t\t\t\t\t<div class=\"swiper-slide\" role=\"group\" aria-roledescription=\"slide\" aria-label=\"1 von 8\"><figure class=\"swiper-slide-inner\"><img decoding=\"async\" class=\"swiper-slide-image\" src=\"https:\/\/easypicky-555036211.imgix.net\/wp-content\/uploads\/2024\/04\/1-2-1.png?auto=format%2Cenhance%2Ccompress\" alt=\"1-2-1.png\" \/><\/figure><\/div><div class=\"swiper-slide\" role=\"group\" aria-roledescription=\"slide\" aria-label=\"2 von 8\"><figure class=\"swiper-slide-inner\"><img decoding=\"async\" class=\"swiper-slide-image\" src=\"https:\/\/easypicky-555036211.imgix.net\/wp-content\/uploads\/2024\/04\/5-2-1.png?auto=format%2Cenhance%2Ccompress\" alt=\"5-2-1.png\" \/><\/figure><\/div><div class=\"swiper-slide\" role=\"group\" aria-roledescription=\"slide\" aria-label=\"3 von 8\"><figure class=\"swiper-slide-inner\"><img decoding=\"async\" class=\"swiper-slide-image\" src=\"https:\/\/easypicky-555036211.imgix.net\/wp-content\/uploads\/2024\/04\/2-2-1.png?auto=format%2Cenhance%2Ccompress\" alt=\"2-2-1.png\" \/><\/figure><\/div><div class=\"swiper-slide\" role=\"group\" aria-roledescription=\"slide\" aria-label=\"4 von 8\"><figure class=\"swiper-slide-inner\"><img decoding=\"async\" class=\"swiper-slide-image\" src=\"https:\/\/easypicky-555036211.imgix.net\/wp-content\/uploads\/2024\/04\/6-2-1.png?auto=format%2Cenhance%2Ccompress\" alt=\"6-2-1.png\" \/><\/figure><\/div><div class=\"swiper-slide\" role=\"group\" aria-roledescription=\"slide\" aria-label=\"5 von 8\"><figure class=\"swiper-slide-inner\"><img decoding=\"async\" class=\"swiper-slide-image\" src=\"https:\/\/easypicky-555036211.imgix.net\/wp-content\/uploads\/2024\/04\/3-2-1.png?auto=format%2Cenhance%2Ccompress\" alt=\"3-2-1.png\" \/><\/figure><\/div><div class=\"swiper-slide\" role=\"group\" aria-roledescription=\"slide\" aria-label=\"6 von 8\"><figure class=\"swiper-slide-inner\"><img decoding=\"async\" class=\"swiper-slide-image\" src=\"https:\/\/easypicky-555036211.imgix.net\/wp-content\/uploads\/2024\/04\/4-2-1.png?auto=format%2Cenhance%2Ccompress\" alt=\"4-2-1.png\" \/><\/figure><\/div><div class=\"swiper-slide\" role=\"group\" aria-roledescription=\"slide\" aria-label=\"7 von 8\"><figure class=\"swiper-slide-inner\"><img decoding=\"async\" class=\"swiper-slide-image\" src=\"https:\/\/easypicky-555036211.imgix.net\/wp-content\/uploads\/2024\/04\/7-2-1.png?auto=format%2Cenhance%2Ccompress\" alt=\"7-2-1.png\" \/><\/figure><\/div><div class=\"swiper-slide\" role=\"group\" aria-roledescription=\"slide\" aria-label=\"8 von 8\"><figure class=\"swiper-slide-inner\"><img decoding=\"async\" class=\"swiper-slide-image\" src=\"https:\/\/easypicky-555036211.imgix.net\/wp-content\/uploads\/2024\/04\/8-2-1.png?auto=format%2Cenhance%2Ccompress\" alt=\"8-2-1.png\" \/><\/figure><\/div>\t\t\t<\/div>\n\t\t\t\t\t\t\t\n\t\t\t\t\t\t\t\t\t<\/div>\n\t\t\t\t\t\t<\/div>\n\t\t\t\t<\/div>\n\t\t\t\t\t<\/div>\n\t\t<\/div>\n\t\t\t\t\t<\/div>\n\t\t<\/section>\n\t\t\t\t\t<\/div>\n\t\t<\/div>\n\t\t\t\t\t<\/div>\n\t\t<\/section>\n\t\t\t\t<section class=\"elementor-section elementor-top-section elementor-element elementor-element-3a61656 elementor-section-boxed elementor-section-height-default elementor-section-height-default exad-glass-effect-no exad-sticky-section-no\" data-id=\"3a61656\" data-element_type=\"section\" data-e-type=\"section\">\n\t\t\t\t\t\t<div class=\"elementor-container elementor-column-gap-default\">\n\t\t\t\t\t<div class=\"elementor-column elementor-col-100 elementor-top-column elementor-element elementor-element-5f6c262 exad-glass-effect-no exad-sticky-section-no\" data-id=\"5f6c262\" data-element_type=\"column\" data-e-type=\"column\">\n\t\t\t<div class=\"elementor-widget-wrap elementor-element-populated\">\n\t\t\t\t\t\t<div class=\"elementor-element elementor-element-b86b71f exad-sticky-section-no exad-glass-effect-no elementor-widget elementor-widget-uicore-post-grid\" data-id=\"b86b71f\" data-element_type=\"widget\" data-e-type=\"widget\" data-widget_type=\"uicore-post-grid.default\">\n\t\t\t\t<div class=\"elementor-widget-container\">\n\t\t\t\t\t<div class=\"uicore-grid-container uicore-blog-grid uicore-grid-row uicore-grid uicore-landscape-ratio uicore-large-space animate-3 ui-st-simple uicore-blog-widget\">\r\n            <div class=\"uicore-grid-item uicore-col-md-6 uicore-col-lg-4  uicore-zoom uicore-animate post-18157 post type-post status-publish format-standard has-post-thumbnail hentry category-success-stories\" >\r\n                <article class=\"uicore-post\">\r\n                    <div class=\"uicore-post-wrapper\">\r\n\r\n                        <a href=\"https:\/\/easypicky.com\/de\/mondelez-benelux-schnellere-intelligentere-store-execution\/\" title=\" View Post: Warum Mondelez Benelux auf EasyPicky umgestiegen ist \u2013 und wie die L\u00f6sung eine schnellere und intelligentere Store Execution erm\u00f6glicht hat\" >  <div class=\"uicore-blog-img-container uicore-zoom-wrapper\">\r\n                                            <div class=\"uicore-cover-img\" style=\"background-image: url(https:\/\/easypicky-555036211.imgix.net\/wp-content\/uploads\/2026\/03\/Mondelez_Benelux_Success_Story_Thumbnail-V2.png?auto=format%2Cenhance%2Ccompress&w=650&h=650)\"><\/div>\r\n                                        <\/div><\/a>\r\n                        <div class=\"uicore-post-info\">\r\n                            <div class=\"uicore-post-info-wrapper\">\r\n                                <a href=\"https:\/\/easypicky.com\/de\/mondelez-benelux-schnellere-intelligentere-store-execution\/\" title=\"View Post: Warum Mondelez Benelux auf EasyPicky umgestiegen ist \u2013 und wie die L\u00f6sung eine schnellere und intelligentere Store Execution erm\u00f6glicht hat \">                              <h4 class=\"uicore-post-title\"><span>Warum Mondelez Benelux auf EasyPicky umgestiegen ist \u2013 und wie die L\u00f6sung eine schnellere und intelligentere Store Execution erm\u00f6glicht hat<\/span><\/h4>\r\n                              <\/a><p>Im hochkompetitiven FMCG\u2011Umfeld ist die Umsetzung im Handel entscheidend f\u00fcr die Performance. F\u00fcr Mondelez Benelux bestand die Herausforderung nicht darin, bei null [&hellip;]<\/p>                            <\/div>\r\n                        <\/div>\r\n\r\n                    <\/div>\r\n                <\/article>\r\n            <\/div>\r\n        \r\n            <div class=\"uicore-grid-item uicore-col-md-6 uicore-col-lg-4  uicore-zoom uicore-animate post-17470 post type-post status-publish format-standard has-post-thumbnail hentry category-success-stories\" >\r\n                <article class=\"uicore-post\">\r\n                    <div class=\"uicore-post-wrapper\">\r\n\r\n                        <a href=\"https:\/\/easypicky.com\/de\/wie-easypicky-sich-an-den-deutschen-markt-anpasste-massgeschneiderte-implementierung-bei-nestle-deutschland\/\" title=\" View Post: Wie EasyPicky sich an den deutschen Markt anpasste: ma\u00dfgeschneiderte Implementierung bei Nestl\u00e9 Deutschland\" >  <div class=\"uicore-blog-img-container uicore-zoom-wrapper\">\r\n                                            <div class=\"uicore-cover-img\" style=\"background-image: url(https:\/\/easypicky.com\/wp-content\/uploads\/2025\/12\/Site-web-Article-blog-35.webp?w=650&h=650)\"><\/div>\r\n                                        <\/div><\/a>\r\n                        <div class=\"uicore-post-info\">\r\n                            <div class=\"uicore-post-info-wrapper\">\r\n                                <a href=\"https:\/\/easypicky.com\/de\/wie-easypicky-sich-an-den-deutschen-markt-anpasste-massgeschneiderte-implementierung-bei-nestle-deutschland\/\" title=\"View Post: Wie EasyPicky sich an den deutschen Markt anpasste: ma\u00dfgeschneiderte Implementierung bei Nestl\u00e9 Deutschland \">                              <h4 class=\"uicore-post-title\"><span>Wie EasyPicky sich an den deutschen Markt anpasste: ma\u00dfgeschneiderte Implementierung bei Nestl\u00e9 Deutschland<\/span><\/h4>\r\n                              <\/a><p>https:\/\/youtu.be\/cVhOGbktjq0 Als Nestl\u00e9 Deutschland daran ging, seinen Ansatz f\u00fcr Regal\u00fcberpr\u00fcfungen zu modernisieren, wurde schnell klar: Es wurde eine L\u00f6sung ben\u00f6tigt, die nicht [&hellip;]<\/p>                            <\/div>\r\n                        <\/div>\r\n\r\n                    <\/div>\r\n                <\/article>\r\n            <\/div>\r\n        \r\n            <div class=\"uicore-grid-item uicore-col-md-6 uicore-col-lg-4  uicore-zoom uicore-animate post-16900 post type-post status-publish format-standard has-post-thumbnail hentry category-success-stories category-unkategorisiert\" >\r\n                <article class=\"uicore-post\">\r\n                    <div class=\"uicore-post-wrapper\">\r\n\r\n                        <a href=\"https:\/\/easypicky.com\/de\/eckes-granini-und-easypicky-innovation-im-dienste-der-vertriebseffizienz\/\" title=\" View Post: Eckes-Granini und EasyPicky: Innovation im Dienste der Vertriebseffizienz\" >  <div class=\"uicore-blog-img-container uicore-zoom-wrapper\">\r\n                                            <div class=\"uicore-cover-img\" style=\"background-image: url(https:\/\/easypicky-555036211.imgix.net\/wp-content\/uploads\/2025\/10\/Eckes-miniature.png?auto=format%2Cenhance%2Ccompress&w=650&h=650)\"><\/div>\r\n                                        <\/div><\/a>\r\n                        <div class=\"uicore-post-info\">\r\n                            <div class=\"uicore-post-info-wrapper\">\r\n                                <a href=\"https:\/\/easypicky.com\/de\/eckes-granini-und-easypicky-innovation-im-dienste-der-vertriebseffizienz\/\" title=\"View Post: Eckes-Granini und EasyPicky: Innovation im Dienste der Vertriebseffizienz \">                              <h4 class=\"uicore-post-title\"><span>Eckes-Granini und EasyPicky: Innovation im Dienste der Vertriebseffizienz<\/span><\/h4>\r\n                              <\/a><p>https:\/\/youtu.be\/mZOkioNtfLU Innovieren, um besser zu performen In einem sich st\u00e4ndig wandelnden Gesch\u00e4ftsumfeld hat Eckes-Granini, f\u00fchrend im Bereich Premium-Fruchts\u00e4fte, beschlossen, seine Arbeitsweisen neu [&hellip;]<\/p>                            <\/div>\r\n                        <\/div>\r\n\r\n                    <\/div>\r\n                <\/article>\r\n            <\/div>\r\n        <\/div>\t\t\t\t<\/div>\n\t\t\t\t<\/div>\n\t\t\t\t\t<\/div>\n\t\t<\/div>\n\t\t\t\t\t<\/div>\n\t\t<\/section>\n\t\t\t\t<section class=\"elementor-section elementor-top-section elementor-element elementor-element-fdebb05 elementor-section-boxed elementor-section-height-default elementor-section-height-default exad-glass-effect-no exad-sticky-section-no\" data-id=\"fdebb05\" data-element_type=\"section\" data-e-type=\"section\">\n\t\t\t\t\t\t<div class=\"elementor-container elementor-column-gap-default\">\n\t\t\t\t\t<div class=\"elementor-column elementor-col-100 elementor-top-column elementor-element elementor-element-c7a697c exad-glass-effect-no exad-sticky-section-no\" data-id=\"c7a697c\" data-element_type=\"column\" data-e-type=\"column\">\n\t\t\t<div class=\"elementor-widget-wrap elementor-element-populated\">\n\t\t\t\t\t\t<div class=\"elementor-element elementor-element-6549998 elementor-align-center exad-sticky-section-no exad-glass-effect-no elementor-widget elementor-widget-button\" data-id=\"6549998\" data-element_type=\"widget\" data-e-type=\"widget\" data-widget_type=\"button.default\">\n\t\t\t\t<div class=\"elementor-widget-container\">\n\t\t\t\t\t\t\t\t\t<div class=\"elementor-button-wrapper\">\n\t\t\t\t\t<a class=\"elementor-button elementor-button-link elementor-size-md\" href=\"https:\/\/easypicky.com\/de\/unser-fachwissen\/\">\n\t\t\t\t\t\t<span class=\"elementor-button-content-wrapper\">\n\t\t\t\t\t\t\t\t\t<span class=\"elementor-button-text\">Erfahren Sie mehr \u00fcber die EasyPicky-L\u00f6sung<\/span>\n\t\t\t\t\t<\/span>\n\t\t\t\t\t<\/a>\n\t\t\t\t<\/div>\n\t\t\t\t\t\t\t\t<\/div>\n\t\t\t\t<\/div>\n\t\t\t\t\t<\/div>\n\t\t<\/div>\n\t\t\t\t\t<\/div>\n\t\t<\/section>\n\t\t\t\t<\/div>\n\t\t","protected":false},"excerpt":{"rendered":"<p>Success stories Wir bei EasyPicky sind besonders stolz darauf, die R\u00fcckmeldungen und Erfolge unserer Kunden teilen zu k\u00f6nnen, die die Leistungsf\u00e4higkeit unserer [&hellip;]<\/p>\n","protected":false},"author":3,"featured_media":0,"parent":0,"menu_order":0,"comment_status":"closed","ping_status":"closed","template":"","meta":{"_seopress_robots_primary_cat":"","_seopress_titles_title":"Entdecken Sie unsere Erfolgsgeschichten - EasyPicky","_seopress_titles_desc":"Erfahren Sie, wie EasyPicky die Art und Weise ver\u00e4ndert, wie seine Kunden ihre Felddaten sammeln und nutzen.","_seopress_robots_index":"","content-type":"","footnotes":""},"class_list":["post-14430","page","type-page","status-publish","hentry"],"_links":{"self":[{"href":"https:\/\/easypicky.com\/de\/wp-json\/wp\/v2\/pages\/14430","targetHints":{"allow":["GET"]}}],"collection":[{"href":"https:\/\/easypicky.com\/de\/wp-json\/wp\/v2\/pages"}],"about":[{"href":"https:\/\/easypicky.com\/de\/wp-json\/wp\/v2\/types\/page"}],"author":[{"embeddable":true,"href":"https:\/\/easypicky.com\/de\/wp-json\/wp\/v2\/users\/3"}],"replies":[{"embeddable":true,"href":"https:\/\/easypicky.com\/de\/wp-json\/wp\/v2\/comments?post=14430"}],"version-history":[{"count":18,"href":"https:\/\/easypicky.com\/de\/wp-json\/wp\/v2\/pages\/14430\/revisions"}],"predecessor-version":[{"id":15969,"href":"https:\/\/easypicky.com\/de\/wp-json\/wp\/v2\/pages\/14430\/revisions\/15969"}],"wp:attachment":[{"href":"https:\/\/easypicky.com\/de\/wp-json\/wp\/v2\/media?parent=14430"}],"curies":[{"name":"wp","href":"https:\/\/api.w.org\/{rel}","templated":true}]}}