{"id":14425,"date":"2024-06-04T15:53:04","date_gmt":"2024-06-04T13:53:04","guid":{"rendered":"https:\/\/easypicky.com\/whitepaper-was-waere-wenn-kuenstliche-intelligenz-den-einzelhandel-neu-erfinden-wuerde\/"},"modified":"2025-03-17T16:15:40","modified_gmt":"2025-03-17T15:15:40","slug":"whitepaper-was-waere-wenn-kuenstliche-intelligenz-den-einzelhandel-neu-erfinden-wuerde","status":"publish","type":"page","link":"https:\/\/easypicky.com\/de\/whitepaper-was-waere-wenn-kuenstliche-intelligenz-den-einzelhandel-neu-erfinden-wuerde\/","title":{"rendered":"Whitepaper: Was w\u00e4re, wenn K\u00fcnstliche Intelligenz den Einzelhandel neu erfinden w\u00fcrde?"},"content":{"rendered":"\t\t<div data-elementor-type=\"wp-page\" data-elementor-id=\"14425\" class=\"elementor elementor-14425 elementor-9532\">\n\t\t\t\t\t\t<section class=\"elementor-section elementor-top-section elementor-element elementor-element-7c0e852 elementor-section-boxed elementor-section-height-default elementor-section-height-default exad-glass-effect-no exad-sticky-section-no\" data-id=\"7c0e852\" data-element_type=\"section\" data-e-type=\"section\" data-settings=\"{&quot;background_background&quot;:&quot;classic&quot;,&quot;shape_divider_bottom&quot;:&quot;triangle-asymmetrical&quot;,&quot;shape_divider_bottom_negative&quot;:&quot;yes&quot;}\">\n\t\t\t\t\t<div class=\"elementor-shape elementor-shape-bottom\" aria-hidden=\"true\" data-negative=\"true\">\n\t\t\t<svg xmlns=\"http:\/\/www.w3.org\/2000\/svg\" viewBox=\"0 0 1000 100\" preserveAspectRatio=\"none\">\n\t<path class=\"elementor-shape-fill\" d=\"M737.9,94.7L0,0v100h1000V0L737.9,94.7z\"\/>\n<\/svg>\t\t<\/div>\n\t\t\t\t\t<div class=\"elementor-container elementor-column-gap-default\">\n\t\t\t\t\t<div class=\"elementor-column elementor-col-50 elementor-top-column elementor-element elementor-element-9a4364a exad-glass-effect-no exad-sticky-section-no\" data-id=\"9a4364a\" data-element_type=\"column\" data-e-type=\"column\">\n\t\t\t<div class=\"elementor-widget-wrap elementor-element-populated\">\n\t\t\t\t\t\t<div class=\"elementor-element elementor-element-6646730 ui-e-a-animate exad-sticky-section-no exad-glass-effect-no elementor-widget elementor-widget-highlighted-text\" data-id=\"6646730\" data-element_type=\"widget\" data-e-type=\"widget\" data-widget_type=\"highlighted-text.default\">\n\t\t\t\t<div class=\"elementor-widget-container\">\n\t\t\t\t\t\t\t<h1 class=\"ui-e--highlighted-text\" >\r\n        <span class=\"ui-e-headline-text\">Whitepaper - <\/span><span class=\"ui-e-headline-text\">Was w\u00e4re,<\/span><span class=\"whitespace\"> <\/span><span class=\"ui-e-headline-text ui-e-headline-stroke1\">\r\n\t\t\t\t\t\t\t<span class=\"ui-e-headline-text ui-e-headline-highlighted\">wenn KI den <\/span><span class=\"uicore-svg-wrapper\"><svg xmlns=\"http:\/\/www.w3.org\/2000\/svg\" viewBox=\"0 0 500 150\" preserveAspectRatio=\"none\"><path d='M15.2,133.3L15.2,133.3c121.9-7.6,244-9.9,366.1-6.8c34.6,0.9,69.1,2.3,103.7,4'\/><\/svg><\/span><\/span><span class=\"whitespace\"> <\/span><span class=\"ui-e-headline-text\">Einzelhandel neu<\/span><span class=\"whitespace\"> <\/span><span class=\"ui-e-headline-text ui-e-headline-stroke1\">\r\n\t\t\t\t\t\t\t<span class=\"ui-e-headline-text ui-e-headline-highlighted\">erfinden w\u00fcrde?<\/span><span class=\"uicore-svg-wrapper\"><svg xmlns=\"http:\/\/www.w3.org\/2000\/svg\" viewBox=\"0 0 500 150\" preserveAspectRatio=\"none\"><path d='M15.2,133.3L15.2,133.3c121.9-7.6,244-9.9,366.1-6.8c34.6,0.9,69.1,2.3,103.7,4'\/><\/svg><\/span><\/span><span class=\"whitespace\"> <\/span>        <\/h1>\r\n        \t\t\t\t<\/div>\n\t\t\t\t<\/div>\n\t\t\t\t<div class=\"elementor-element elementor-element-3d45346 exad-sticky-section-no exad-glass-effect-no elementor-widget elementor-widget-heading\" data-id=\"3d45346\" data-element_type=\"widget\" data-e-type=\"widget\" data-widget_type=\"heading.default\">\n\t\t\t\t<div class=\"elementor-widget-container\">\n\t\t\t\t\t<h2 class=\"elementor-heading-title elementor-size-default\">Greifen Sie auf das Dokument zu, indem Sie das folgende Formular ausf\u00fcllen: <\/h2>\t\t\t\t<\/div>\n\t\t\t\t<\/div>\n\t\t\t\t<div class=\"elementor-element elementor-element-036231a exad-sticky-section-no exad-glass-effect-no elementor-widget elementor-widget-hubspot-form\" data-id=\"036231a\" data-element_type=\"widget\" data-e-type=\"widget\" data-widget_type=\"hubspot-form.default\">\n\t\t\t\t<div class=\"elementor-widget-container\">\n\t\t\t\t\t\n\t\t\t\t\t\t<script>\n\t\t\t\t\t\t\twindow.hsFormsOnReady = window.hsFormsOnReady || [];\n\t\t\t\t\t\t\twindow.hsFormsOnReady.push(()=>{\n\t\t\t\t\t\t\t\thbspt.forms.create({\n\t\t\t\t\t\t\t\t\tportalId: 25577102,\n\t\t\t\t\t\t\t\t\tformId: \"59dcea13-8531-454d-bbf6-3bbacafc2eee\",\n\t\t\t\t\t\t\t\t\ttarget: \"#hbspt-form-1775407525000-0126300719\",\n\t\t\t\t\t\t\t\t\tregion: \"eu1\",\n\t\t\t\t\t\t\t\t\t\n\t\t\t\t\t\t\t})});\n\t\t\t\t\t\t<\/script>\n\t\t\t\t\t\t<div class=\"hbspt-form\" id=\"hbspt-form-1775407525000-0126300719\"><\/div>\t\t\t\t<\/div>\n\t\t\t\t<\/div>\n\t\t\t\t<div class=\"elementor-element elementor-element-eefbd9e exad-sticky-section-no exad-glass-effect-no elementor-widget elementor-widget-hubspot-form\" data-id=\"eefbd9e\" data-element_type=\"widget\" data-e-type=\"widget\" data-widget_type=\"hubspot-form.default\">\n\t\t\t\t<div class=\"elementor-widget-container\">\n\t\t\t\t\t\n\t\t\t\t\t\t<script>\n\t\t\t\t\t\t\twindow.hsFormsOnReady = window.hsFormsOnReady || [];\n\t\t\t\t\t\t\twindow.hsFormsOnReady.push(()=>{\n\t\t\t\t\t\t\t\thbspt.forms.create({\n\t\t\t\t\t\t\t\t\tportalId: 25577102,\n\t\t\t\t\t\t\t\t\tformId: \"3dde5f88-d2fa-437e-bb5c-aac658126be0\",\n\t\t\t\t\t\t\t\t\ttarget: \"#hbspt-form-1775407525000-1493817612\",\n\t\t\t\t\t\t\t\t\tregion: \"eu1\",\n\t\t\t\t\t\t\t\t\t\n\t\t\t\t\t\t\t})});\n\t\t\t\t\t\t<\/script>\n\t\t\t\t\t\t<div class=\"hbspt-form\" id=\"hbspt-form-1775407525000-1493817612\"><\/div>\t\t\t\t<\/div>\n\t\t\t\t<\/div>\n\t\t\t\t\t<\/div>\n\t\t<\/div>\n\t\t\t\t<div class=\"elementor-column elementor-col-50 elementor-top-column elementor-element elementor-element-2b4dbf8 exad-glass-effect-no\" data-id=\"2b4dbf8\" data-element_type=\"column\" data-e-type=\"column\">\n\t\t\t<div class=\"elementor-widget-wrap elementor-element-populated\">\n\t\t\t\t\t\t<div class=\"elementor-element elementor-element-9aa6e8c exad-sticky-section-yes exad-glass-effect-no elementor-widget elementor-widget-image\" data-id=\"9aa6e8c\" data-element_type=\"widget\" data-e-type=\"widget\" data-settings=\"{&quot;exad_sticky_top_spacing&quot;:20}\" data-widget_type=\"image.default\">\n\t\t\t\t<div class=\"elementor-widget-container\">\n\t\t\t\t\t\t\t\t\t\t\t\t\t\t\t<img fetchpriority=\"high\" decoding=\"async\" width=\"1200\" height=\"1200\" src=\"https:\/\/easypicky-555036211.imgix.net\/wp-content\/uploads\/2025\/03\/Webinaire-livre-blanc-8.png?auto=format%2Cenhance%2Ccompress\" class=\"attachment-full size-full wp-image-15204\" alt=\"\" srcset=\"https:\/\/easypicky-555036211.imgix.net\/wp-content\/uploads\/2025\/03\/Webinaire-livre-blanc-8.png?auto=format%2Cenhance%2Ccompress&amp;w=1200 1200w, https:\/\/easypicky-555036211.imgix.net\/wp-content\/uploads\/2025\/03\/Webinaire-livre-blanc-8.png?auto=format%2Cenhance%2Ccompress&amp;w=300 300w, https:\/\/easypicky-555036211.imgix.net\/wp-content\/uploads\/2025\/03\/Webinaire-livre-blanc-8.png?auto=format%2Cenhance%2Ccompress&amp;w=1024 1024w, https:\/\/easypicky-555036211.imgix.net\/wp-content\/uploads\/2025\/03\/Webinaire-livre-blanc-8.png?auto=format%2Cenhance%2Ccompress&amp;w=150 150w, https:\/\/easypicky-555036211.imgix.net\/wp-content\/uploads\/2025\/03\/Webinaire-livre-blanc-8.png?auto=format%2Cenhance%2Ccompress&amp;w=768 768w, https:\/\/easypicky-555036211.imgix.net\/wp-content\/uploads\/2025\/03\/Webinaire-livre-blanc-8.png?auto=format%2Cenhance%2Ccompress&amp;w=650 650w\" sizes=\"(max-width: 1200px) 100vw, 1200px\" \/>\t\t\t\t\t\t\t\t\t\t\t\t\t\t\t<\/div>\n\t\t\t\t<\/div>\n\t\t\t\t\t<\/div>\n\t\t<\/div>\n\t\t\t\t\t<\/div>\n\t\t<\/section>\n\t\t\t\t<section class=\"elementor-section elementor-top-section elementor-element elementor-element-9cf9094 elementor-section-boxed elementor-section-height-default elementor-section-height-default exad-glass-effect-no exad-sticky-section-no\" data-id=\"9cf9094\" data-element_type=\"section\" data-e-type=\"section\">\n\t\t\t\t\t\t<div class=\"elementor-container elementor-column-gap-default\">\n\t\t\t\t\t<div class=\"elementor-column elementor-col-100 elementor-top-column elementor-element elementor-element-a0ceb3d exad-glass-effect-no exad-sticky-section-no\" data-id=\"a0ceb3d\" data-element_type=\"column\" data-e-type=\"column\">\n\t\t\t<div class=\"elementor-widget-wrap elementor-element-populated\">\n\t\t\t\t\t\t<div class=\"elementor-element elementor-element-59bbe6c exad-sticky-section-no exad-glass-effect-no elementor-widget elementor-widget-heading\" data-id=\"59bbe6c\" data-element_type=\"widget\" data-e-type=\"widget\" data-widget_type=\"heading.default\">\n\t\t\t\t<div class=\"elementor-widget-container\">\n\t\t\t\t\t<h2 class=\"elementor-heading-title elementor-size-default\">Angesprochene Themen :<\/h2>\t\t\t\t<\/div>\n\t\t\t\t<\/div>\n\t\t\t\t<section class=\"elementor-section elementor-inner-section elementor-element elementor-element-3087399 elementor-section-boxed elementor-section-height-default elementor-section-height-default exad-glass-effect-no exad-sticky-section-no\" data-id=\"3087399\" data-element_type=\"section\" data-e-type=\"section\">\n\t\t\t\t\t\t<div class=\"elementor-container elementor-column-gap-default\">\n\t\t\t\t\t<div class=\"elementor-column elementor-col-50 elementor-inner-column elementor-element elementor-element-63da6c1 exad-glass-effect-no exad-sticky-section-no\" data-id=\"63da6c1\" data-element_type=\"column\" data-e-type=\"column\">\n\t\t\t<div class=\"elementor-widget-wrap elementor-element-populated\">\n\t\t\t\t\t\t<div class=\"elementor-element elementor-element-7868aa5 exad-sticky-section-no exad-glass-effect-no elementor-widget elementor-widget-text-editor\" data-id=\"7868aa5\" data-element_type=\"widget\" data-e-type=\"widget\" data-widget_type=\"text-editor.default\">\n\t\t\t\t<div class=\"elementor-widget-container\">\n\t\t\t\t\t\t\t\t\t<ul>\n<li><span class=\"OYPEnA text-decoration-none text-strikethrough-none\">Definition von KI f\u00fcr den Einzelhandel<\/span><\/li>\n<li><span class=\"OYPEnA text-decoration-none text-strikethrough-none\">KI &amp; Optimierung der Kundenerfahrung <\/span><\/li>\n<li><span class=\"OYPEnA text-decoration-none text-strikethrough-none\">KI zur Verbesserung der betrieblichen Effizienz<\/span><\/li>\n<li><span class=\"OYPEnA text-decoration-none text-strikethrough-none\">Schaffung neuer Einkommensm\u00f6glichkeiten<\/span><\/li>\n<li><span class=\"OYPEnA text-decoration-none text-strikethrough-none\">Herausforderungen und ethische \u00dcberlegungen<\/span><\/li>\n<li>Konkrete Fallbeispiele f\u00fcr den Einsatz von KI in gro\u00dfen Unternehmen<\/li>\n<\/ul>\n\t\t\t\t\t\t\t\t<\/div>\n\t\t\t\t<\/div>\n\t\t\t\t\t<\/div>\n\t\t<\/div>\n\t\t\t\t<div class=\"elementor-column elementor-col-50 elementor-inner-column elementor-element elementor-element-3b266e4 exad-glass-effect-no exad-sticky-section-no\" data-id=\"3b266e4\" data-element_type=\"column\" data-e-type=\"column\">\n\t\t\t<div class=\"elementor-widget-wrap elementor-element-populated\">\n\t\t\t\t\t\t<div class=\"elementor-element elementor-element-76e9f46 exad-sticky-section-no exad-glass-effect-no elementor-widget elementor-widget-image\" data-id=\"76e9f46\" data-element_type=\"widget\" data-e-type=\"widget\" data-widget_type=\"image.default\">\n\t\t\t\t<div class=\"elementor-widget-container\">\n\t\t\t\t\t\t\t\t\t\t\t\t\t\t\t<img decoding=\"async\" width=\"300\" height=\"300\" src=\"https:\/\/easypicky-555036211.imgix.net\/wp-content\/uploads\/2024\/02\/Illustration-webinaire-1.png?auto=format%2Cenhance%2Ccompress&amp;w=300&amp;h=300\" class=\"attachment-medium size-medium wp-image-14402\" alt=\"\" \/>\t\t\t\t\t\t\t\t\t\t\t\t\t\t\t<\/div>\n\t\t\t\t<\/div>\n\t\t\t\t\t<\/div>\n\t\t<\/div>\n\t\t\t\t\t<\/div>\n\t\t<\/section>\n\t\t\t\t\t<\/div>\n\t\t<\/div>\n\t\t\t\t\t<\/div>\n\t\t<\/section>\n\t\t\t\t<section class=\"elementor-section elementor-top-section elementor-element elementor-element-3b4d75f elementor-section-boxed elementor-section-height-default elementor-section-height-default exad-glass-effect-no exad-sticky-section-no\" data-id=\"3b4d75f\" data-element_type=\"section\" data-e-type=\"section\">\n\t\t\t\t\t\t<div class=\"elementor-container elementor-column-gap-default\">\n\t\t\t\t\t<div class=\"elementor-column elementor-col-100 elementor-top-column elementor-element elementor-element-eb30cd7 exad-glass-effect-no exad-sticky-section-no\" data-id=\"eb30cd7\" data-element_type=\"column\" data-e-type=\"column\">\n\t\t\t<div class=\"elementor-widget-wrap elementor-element-populated\">\n\t\t\t\t\t\t<div class=\"elementor-element elementor-element-6408496 exad-sticky-section-no exad-glass-effect-no elementor-widget elementor-widget-heading\" data-id=\"6408496\" data-element_type=\"widget\" data-e-type=\"widget\" data-widget_type=\"heading.default\">\n\t\t\t\t<div class=\"elementor-widget-container\">\n\t\t\t\t\t<h2 class=\"elementor-heading-title elementor-size-default\">Sie nutzen KI - und Sie?<\/h2>\t\t\t\t<\/div>\n\t\t\t\t<\/div>\n\t\t\t\t<section class=\"elementor-section elementor-inner-section elementor-element elementor-element-1e81bb2 elementor-section-boxed elementor-section-height-default elementor-section-height-default exad-glass-effect-no exad-sticky-section-no\" data-id=\"1e81bb2\" data-element_type=\"section\" data-e-type=\"section\">\n\t\t\t\t\t\t<div class=\"elementor-container elementor-column-gap-default\">\n\t\t\t\t\t<div class=\"elementor-column elementor-col-100 elementor-inner-column elementor-element elementor-element-fede5b0 exad-glass-effect-no exad-sticky-section-no\" data-id=\"fede5b0\" data-element_type=\"column\" data-e-type=\"column\">\n\t\t\t<div class=\"elementor-widget-wrap elementor-element-populated\">\n\t\t\t\t\t\t<div class=\"elementor-element elementor-element-609db90 exad-sticky-section-no exad-glass-effect-no elementor-widget elementor-widget-image-carousel\" data-id=\"609db90\" data-element_type=\"widget\" data-e-type=\"widget\" data-settings=\"{&quot;slides_to_show&quot;:&quot;7&quot;,&quot;navigation&quot;:&quot;none&quot;,&quot;slides_to_show_tablet&quot;:&quot;6&quot;,&quot;slides_to_show_mobile&quot;:&quot;4&quot;,&quot;autoplay&quot;:&quot;yes&quot;,&quot;pause_on_hover&quot;:&quot;yes&quot;,&quot;pause_on_interaction&quot;:&quot;yes&quot;,&quot;autoplay_speed&quot;:5000,&quot;infinite&quot;:&quot;yes&quot;,&quot;speed&quot;:500}\" data-widget_type=\"image-carousel.default\">\n\t\t\t\t<div class=\"elementor-widget-container\">\n\t\t\t\t\t\t\t<div class=\"elementor-image-carousel-wrapper swiper\" role=\"region\" aria-roledescription=\"carousel\" aria-label=\"Bild Karussell\" dir=\"ltr\">\n\t\t\t<div class=\"elementor-image-carousel swiper-wrapper\" aria-live=\"off\">\n\t\t\t\t\t\t\t\t<div class=\"swiper-slide\" role=\"group\" aria-roledescription=\"slide\" aria-label=\"1 von 7\"><figure class=\"swiper-slide-inner\"><img decoding=\"async\" class=\"swiper-slide-image\" src=\"https:\/\/easypicky-555036211.imgix.net\/wp-content\/uploads\/2023\/07\/bledina-color-blue.png?auto=format%2Cenhance%2Ccompress\" alt=\"Logo Bl\u00e9dina\" \/><\/figure><\/div><div class=\"swiper-slide\" role=\"group\" aria-roledescription=\"slide\" aria-label=\"2 von 7\"><figure class=\"swiper-slide-inner\"><img decoding=\"async\" class=\"swiper-slide-image\" src=\"https:\/\/easypicky-555036211.imgix.net\/wp-content\/uploads\/2023\/07\/danone-color-blue.png?auto=format%2Cenhance%2Ccompress\" alt=\"Logo Danone\" \/><\/figure><\/div><div class=\"swiper-slide\" role=\"group\" aria-roledescription=\"slide\" aria-label=\"3 von 7\"><figure class=\"swiper-slide-inner\"><img decoding=\"async\" class=\"swiper-slide-image\" src=\"https:\/\/easypicky-555036211.imgix.net\/wp-content\/uploads\/2023\/07\/gsk-color-blue.png?auto=format%2Cenhance%2Ccompress\" alt=\"Logo gsk\" \/><\/figure><\/div><div class=\"swiper-slide\" role=\"group\" aria-roledescription=\"slide\" aria-label=\"4 von 7\"><figure class=\"swiper-slide-inner\"><img decoding=\"async\" class=\"swiper-slide-image\" src=\"https:\/\/easypicky-555036211.imgix.net\/wp-content\/uploads\/2023\/07\/Henkel-color-blue.png?auto=format%2Cenhance%2Ccompress\" alt=\"Logo Henkel\" \/><\/figure><\/div><div class=\"swiper-slide\" role=\"group\" aria-roledescription=\"slide\" aria-label=\"5 von 7\"><figure class=\"swiper-slide-inner\"><img decoding=\"async\" class=\"swiper-slide-image\" src=\"https:\/\/easypicky-555036211.imgix.net\/wp-content\/uploads\/2023\/07\/loreal-color-blue.png?auto=format%2Cenhance%2Ccompress\" alt=\"Logo L&#039;Or\u00e9al\" \/><\/figure><\/div><div class=\"swiper-slide\" role=\"group\" aria-roledescription=\"slide\" aria-label=\"6 von 7\"><figure class=\"swiper-slide-inner\"><img decoding=\"async\" class=\"swiper-slide-image\" src=\"https:\/\/easypicky-555036211.imgix.net\/wp-content\/uploads\/2023\/07\/mondelez-color-blue.png?auto=format%2Cenhance%2Ccompress\" alt=\"Logo Mondelez\" \/><\/figure><\/div><div class=\"swiper-slide\" role=\"group\" aria-roledescription=\"slide\" aria-label=\"7 von 7\"><figure class=\"swiper-slide-inner\"><img decoding=\"async\" class=\"swiper-slide-image\" src=\"https:\/\/easypicky-555036211.imgix.net\/wp-content\/uploads\/2023\/07\/unilever-color-blue.png?auto=format%2Cenhance%2Ccompress\" alt=\"Logo Unilever\" \/><\/figure><\/div>\t\t\t<\/div>\n\t\t\t\t\t\t\t\n\t\t\t\t\t\t\t\t\t<\/div>\n\t\t\t\t\t\t<\/div>\n\t\t\t\t<\/div>\n\t\t\t\t\t<\/div>\n\t\t<\/div>\n\t\t\t\t\t<\/div>\n\t\t<\/section>\n\t\t\t\t\t<\/div>\n\t\t<\/div>\n\t\t\t\t\t<\/div>\n\t\t<\/section>\n\t\t\t\t<\/div>\n\t\t","protected":false},"excerpt":{"rendered":"<p>Whitepaper &#8211; Was w\u00e4re, wenn KI den Einzelhandel neu erfinden w\u00fcrde? Greifen Sie auf das Dokument zu, indem Sie das folgende Formular [&hellip;]<\/p>\n","protected":false},"author":3,"featured_media":0,"parent":0,"menu_order":0,"comment_status":"closed","ping_status":"closed","template":"","meta":{"_seopress_robots_primary_cat":"","_seopress_titles_title":"Whitepaper: Was w\u00e4re, wenn K\u00fcnstliche Intelligenz den Einzelhandel neu erfinden w\u00fcrde?","_seopress_titles_desc":"KI ist ein echter Leistungshebel f\u00fcr den Einzelhandel. Sie ist nicht Teil der Zukunft des Einzelhandels, sondern bereits da. Lesen Sie unser Whitepaper. ","_seopress_robots_index":"","content-type":"","footnotes":""},"class_list":["post-14425","page","type-page","status-publish","hentry"],"_links":{"self":[{"href":"https:\/\/easypicky.com\/de\/wp-json\/wp\/v2\/pages\/14425","targetHints":{"allow":["GET"]}}],"collection":[{"href":"https:\/\/easypicky.com\/de\/wp-json\/wp\/v2\/pages"}],"about":[{"href":"https:\/\/easypicky.com\/de\/wp-json\/wp\/v2\/types\/page"}],"author":[{"embeddable":true,"href":"https:\/\/easypicky.com\/de\/wp-json\/wp\/v2\/users\/3"}],"replies":[{"embeddable":true,"href":"https:\/\/easypicky.com\/de\/wp-json\/wp\/v2\/comments?post=14425"}],"version-history":[{"count":10,"href":"https:\/\/easypicky.com\/de\/wp-json\/wp\/v2\/pages\/14425\/revisions"}],"predecessor-version":[{"id":15211,"href":"https:\/\/easypicky.com\/de\/wp-json\/wp\/v2\/pages\/14425\/revisions\/15211"}],"wp:attachment":[{"href":"https:\/\/easypicky.com\/de\/wp-json\/wp\/v2\/media?parent=14425"}],"curies":[{"name":"wp","href":"https:\/\/api.w.org\/{rel}","templated":true}]}}