{"id":14421,"date":"2025-01-16T14:57:19","date_gmt":"2025-01-16T13:57:19","guid":{"rendered":"https:\/\/easypicky.com\/whitepaper-die-wichtigsten-retail-trends-2025\/"},"modified":"2025-09-08T10:36:49","modified_gmt":"2025-09-08T08:36:49","slug":"whitepaper-die-wichtigsten-retail-trends-2025","status":"publish","type":"page","link":"https:\/\/easypicky.com\/de\/whitepaper-die-wichtigsten-retail-trends-2025\/","title":{"rendered":"Whitepaper: Die wichtigsten Retail-Trends 2025"},"content":{"rendered":"\t\t<div data-elementor-type=\"wp-page\" data-elementor-id=\"14421\" class=\"elementor elementor-14421 elementor-13648\">\n\t\t\t\t\t\t<section class=\"elementor-section elementor-top-section elementor-element elementor-element-9d75d02 elementor-section-boxed elementor-section-height-default elementor-section-height-default exad-glass-effect-no exad-sticky-section-no\" data-id=\"9d75d02\" data-element_type=\"section\" data-e-type=\"section\" data-settings=\"{&quot;background_background&quot;:&quot;classic&quot;}\">\n\t\t\t\t\t\t<div class=\"elementor-container elementor-column-gap-default\">\n\t\t\t\t\t<div class=\"elementor-column elementor-col-50 elementor-top-column elementor-element elementor-element-7514f6e exad-glass-effect-no exad-sticky-section-no\" data-id=\"7514f6e\" data-element_type=\"column\" data-e-type=\"column\">\n\t\t\t<div class=\"elementor-widget-wrap elementor-element-populated\">\n\t\t\t\t\t\t<div class=\"elementor-element elementor-element-98306eb ui-e-a-animate exad-sticky-section-no exad-glass-effect-no elementor-widget elementor-widget-highlighted-text\" data-id=\"98306eb\" data-element_type=\"widget\" data-e-type=\"widget\" data-widget_type=\"highlighted-text.default\">\n\t\t\t\t<div class=\"elementor-widget-container\">\n\t\t\t\t\t\t\t<h1 class=\"ui-e--highlighted-text\" >\r\n        <span class=\"ui-e-headline-text\">Die wichtigsten<\/span><span class=\"whitespace\"> <\/span><span class=\"ui-e-headline-text ui-e-headline-stroke1\">\r\n\t\t\t\t\t\t\t<span class=\"ui-e-headline-text ui-e-headline-highlighted\">Retail-Trends <\/span><span class=\"uicore-svg-wrapper\"><svg xmlns=\"http:\/\/www.w3.org\/2000\/svg\" viewBox=\"0 0 500 150\" preserveAspectRatio=\"none\"><path d='M15.2,133.3L15.2,133.3c121.9-7.6,244-9.9,366.1-6.8c34.6,0.9,69.1,2.3,103.7,4'\/><\/svg><\/span><\/span><span class=\"whitespace\"> <\/span><span class=\"ui-e-headline-text\">2025<\/span>        <\/h1>\r\n        \t\t\t\t<\/div>\n\t\t\t\t<\/div>\n\t\t\t\t<div class=\"elementor-element elementor-element-6abfa7e exad-sticky-section-no exad-glass-effect-no elementor-widget elementor-widget-hubspot-form\" data-id=\"6abfa7e\" data-element_type=\"widget\" data-e-type=\"widget\" data-widget_type=\"hubspot-form.default\">\n\t\t\t\t<div class=\"elementor-widget-container\">\n\t\t\t\t\t\n\t\t\t\t\t\t<script>\n\t\t\t\t\t\t\twindow.hsFormsOnReady = window.hsFormsOnReady || [];\n\t\t\t\t\t\t\twindow.hsFormsOnReady.push(()=>{\n\t\t\t\t\t\t\t\thbspt.forms.create({\n\t\t\t\t\t\t\t\t\tportalId: 25577102,\n\t\t\t\t\t\t\t\t\tformId: \"c19291a7-aba1-4ab1-9a7d-622c6639501c\",\n\t\t\t\t\t\t\t\t\ttarget: \"#hbspt-form-1775594182000-7473935301\",\n\t\t\t\t\t\t\t\t\tregion: \"eu1\",\n\t\t\t\t\t\t\t\t\t\n\t\t\t\t\t\t\t})});\n\t\t\t\t\t\t<\/script>\n\t\t\t\t\t\t<div class=\"hbspt-form\" id=\"hbspt-form-1775594182000-7473935301\"><\/div>\t\t\t\t<\/div>\n\t\t\t\t<\/div>\n\t\t\t\t\t<\/div>\n\t\t<\/div>\n\t\t\t\t<div class=\"elementor-column elementor-col-50 elementor-top-column elementor-element elementor-element-449644b exad-glass-effect-no exad-sticky-section-no\" data-id=\"449644b\" data-element_type=\"column\" data-e-type=\"column\">\n\t\t\t<div class=\"elementor-widget-wrap elementor-element-populated\">\n\t\t\t\t\t\t<div class=\"elementor-element elementor-element-d1bf705 exad-sticky-section-no exad-glass-effect-no elementor-widget elementor-widget-image\" data-id=\"d1bf705\" data-element_type=\"widget\" data-e-type=\"widget\" data-widget_type=\"image.default\">\n\t\t\t\t<div class=\"elementor-widget-container\">\n\t\t\t\t\t\t\t\t\t\t\t\t\t\t\t<img fetchpriority=\"high\" decoding=\"async\" width=\"1024\" height=\"1024\" src=\"https:\/\/easypicky-555036211.imgix.net\/wp-content\/uploads\/2025\/03\/Webinaire-livre-blanc-9.png?auto=format%2Cenhance%2Ccompress&amp;w=1024&amp;h=1024\" class=\"attachment-large size-large wp-image-15212\" alt=\"\" srcset=\"https:\/\/easypicky-555036211.imgix.net\/wp-content\/uploads\/2025\/03\/Webinaire-livre-blanc-9.png?auto=format%2Cenhance%2Ccompress&amp;w=1200 1200w, https:\/\/easypicky-555036211.imgix.net\/wp-content\/uploads\/2025\/03\/Webinaire-livre-blanc-9.png?auto=format%2Cenhance%2Ccompress&amp;w=300 300w, https:\/\/easypicky-555036211.imgix.net\/wp-content\/uploads\/2025\/03\/Webinaire-livre-blanc-9.png?auto=format%2Cenhance%2Ccompress&amp;w=1024 1024w, https:\/\/easypicky-555036211.imgix.net\/wp-content\/uploads\/2025\/03\/Webinaire-livre-blanc-9.png?auto=format%2Cenhance%2Ccompress&amp;w=150 150w, https:\/\/easypicky-555036211.imgix.net\/wp-content\/uploads\/2025\/03\/Webinaire-livre-blanc-9.png?auto=format%2Cenhance%2Ccompress&amp;w=768 768w, https:\/\/easypicky-555036211.imgix.net\/wp-content\/uploads\/2025\/03\/Webinaire-livre-blanc-9.png?auto=format%2Cenhance%2Ccompress&amp;w=650 650w\" sizes=\"(max-width: 1024px) 100vw, 1024px\" \/>\t\t\t\t\t\t\t\t\t\t\t\t\t\t\t<\/div>\n\t\t\t\t<\/div>\n\t\t\t\t\t<\/div>\n\t\t<\/div>\n\t\t\t\t\t<\/div>\n\t\t<\/section>\n\t\t\t\t<section class=\"elementor-section elementor-top-section elementor-element elementor-element-6d6dbd5 elementor-section-boxed elementor-section-height-default elementor-section-height-default exad-glass-effect-no exad-sticky-section-no\" data-id=\"6d6dbd5\" data-element_type=\"section\" data-e-type=\"section\">\n\t\t\t\t\t\t<div class=\"elementor-container elementor-column-gap-default\">\n\t\t\t\t\t<div class=\"elementor-column elementor-col-100 elementor-top-column elementor-element elementor-element-8fa1892 exad-glass-effect-no exad-sticky-section-no\" data-id=\"8fa1892\" data-element_type=\"column\" data-e-type=\"column\">\n\t\t\t<div class=\"elementor-widget-wrap elementor-element-populated\">\n\t\t\t\t\t\t<div class=\"elementor-element elementor-element-c1ee882 exad-sticky-section-no exad-glass-effect-no elementor-widget elementor-widget-heading\" data-id=\"c1ee882\" data-element_type=\"widget\" data-e-type=\"widget\" data-widget_type=\"heading.default\">\n\t\t\t\t<div class=\"elementor-widget-container\">\n\t\t\t\t\t<h2 class=\"elementor-heading-title elementor-size-default\">Angesprochene Themen :<\/h2>\t\t\t\t<\/div>\n\t\t\t\t<\/div>\n\t\t\t\t\t<\/div>\n\t\t<\/div>\n\t\t\t\t\t<\/div>\n\t\t<\/section>\n\t\t\t\t<section class=\"elementor-section elementor-top-section elementor-element elementor-element-b060313 elementor-section-boxed elementor-section-height-default elementor-section-height-default exad-glass-effect-no exad-sticky-section-no\" data-id=\"b060313\" data-element_type=\"section\" data-e-type=\"section\">\n\t\t\t\t\t\t<div class=\"elementor-container elementor-column-gap-default\">\n\t\t\t\t\t<div class=\"elementor-column elementor-col-50 elementor-top-column elementor-element elementor-element-000bf31 exad-glass-effect-no exad-sticky-section-no\" data-id=\"000bf31\" data-element_type=\"column\" data-e-type=\"column\">\n\t\t\t<div class=\"elementor-widget-wrap elementor-element-populated\">\n\t\t\t\t\t\t<div class=\"elementor-element elementor-element-795c02d exad-sticky-section-no exad-glass-effect-no elementor-widget elementor-widget-text-editor\" data-id=\"795c02d\" data-element_type=\"widget\" data-e-type=\"widget\" data-widget_type=\"text-editor.default\">\n\t\t\t\t<div class=\"elementor-widget-container\">\n\t\t\t\t\t\t\t\t\t<ul>\n<li><strong>Transformation des Einzelhandels:<\/strong> Im Jahr 2025 steht der Einzelhandel vor gro\u00dfen Ver\u00e4nderungen, die von Innovationen, \u00f6kologischen Anforderungen und steigenden Erwartungen der Verbraucher getrieben werden.<\/li>\n<li><strong>Schl\u00fcsseltrends:<\/strong> F\u00fcnf Dynamiken werden den Handel neu definieren: Hyperpersonalisierung, Omnichannel, Nachhaltigkeit, Automatisierung und Cybersicherheit.<\/li>\n<li><strong>Anpassung erforderlich:<\/strong> Die Unternehmen m\u00fcssen diese Trends integrieren, um wettbewerbsf\u00e4hig zu bleiben und den neuen Markterwartungen gerecht zu werden.<\/li>\n<\/ul>\n\t\t\t\t\t\t\t\t<\/div>\n\t\t\t\t<\/div>\n\t\t\t\t\t<\/div>\n\t\t<\/div>\n\t\t\t\t<div class=\"elementor-column elementor-col-50 elementor-top-column elementor-element elementor-element-2be0824 exad-glass-effect-no exad-sticky-section-no\" data-id=\"2be0824\" data-element_type=\"column\" data-e-type=\"column\">\n\t\t\t<div class=\"elementor-widget-wrap elementor-element-populated\">\n\t\t\t\t\t\t<div class=\"elementor-element elementor-element-dcd0aa1 exad-sticky-section-no exad-glass-effect-no elementor-widget elementor-widget-image\" data-id=\"dcd0aa1\" data-element_type=\"widget\" data-e-type=\"widget\" data-widget_type=\"image.default\">\n\t\t\t\t<div class=\"elementor-widget-container\">\n\t\t\t\t\t\t\t\t\t\t\t\t\t\t\t<img decoding=\"async\" width=\"300\" height=\"300\" src=\"https:\/\/easypicky-555036211.imgix.net\/wp-content\/uploads\/2024\/06\/Illustration-webinaire-1.png?auto=format%2Cenhance%2Ccompress&amp;w=300&amp;h=300\" class=\"attachment-medium size-medium wp-image-10676\" alt=\"illustration d&#039;un homme qui tient un stylo\" \/>\t\t\t\t\t\t\t\t\t\t\t\t\t\t\t<\/div>\n\t\t\t\t<\/div>\n\t\t\t\t\t<\/div>\n\t\t<\/div>\n\t\t\t\t\t<\/div>\n\t\t<\/section>\n\t\t\t\t<section class=\"elementor-section elementor-top-section elementor-element elementor-element-77e1ee8 elementor-section-boxed elementor-section-height-default elementor-section-height-default exad-glass-effect-no exad-sticky-section-no\" data-id=\"77e1ee8\" data-element_type=\"section\" data-e-type=\"section\">\n\t\t\t\t\t\t<div class=\"elementor-container elementor-column-gap-default\">\n\t\t\t\t\t<div class=\"elementor-column elementor-col-100 elementor-top-column elementor-element elementor-element-0657b58 exad-glass-effect-no exad-sticky-section-no\" data-id=\"0657b58\" data-element_type=\"column\" data-e-type=\"column\">\n\t\t\t<div class=\"elementor-widget-wrap elementor-element-populated\">\n\t\t\t\t\t\t<div class=\"elementor-element elementor-element-0ee4de7 exad-sticky-section-no exad-glass-effect-no elementor-widget elementor-widget-heading\" data-id=\"0ee4de7\" data-element_type=\"widget\" data-e-type=\"widget\" data-widget_type=\"heading.default\">\n\t\t\t\t<div class=\"elementor-widget-container\">\n\t\t\t\t\t<h2 class=\"elementor-heading-title elementor-size-default\">Sie nutzen KI - und Sie?<\/h2>\t\t\t\t<\/div>\n\t\t\t\t<\/div>\n\t\t\t\t<div class=\"elementor-element elementor-element-138901d exad-sticky-section-no exad-glass-effect-no elementor-widget elementor-widget-image-carousel\" data-id=\"138901d\" data-element_type=\"widget\" data-e-type=\"widget\" data-settings=\"{&quot;slides_to_show&quot;:&quot;6&quot;,&quot;navigation&quot;:&quot;none&quot;,&quot;autoplay&quot;:&quot;yes&quot;,&quot;pause_on_hover&quot;:&quot;yes&quot;,&quot;pause_on_interaction&quot;:&quot;yes&quot;,&quot;autoplay_speed&quot;:5000,&quot;infinite&quot;:&quot;yes&quot;,&quot;speed&quot;:500}\" data-widget_type=\"image-carousel.default\">\n\t\t\t\t<div class=\"elementor-widget-container\">\n\t\t\t\t\t\t\t<div class=\"elementor-image-carousel-wrapper swiper\" role=\"region\" aria-roledescription=\"carousel\" aria-label=\"Image Carousel\" dir=\"ltr\">\n\t\t\t<div class=\"elementor-image-carousel swiper-wrapper\" aria-live=\"off\">\n\t\t\t\t\t\t\t\t<div class=\"swiper-slide\" role=\"group\" aria-roledescription=\"slide\" aria-label=\"1 von 10\"><figure class=\"swiper-slide-inner\"><img decoding=\"async\" class=\"swiper-slide-image\" src=\"https:\/\/easypicky-555036211.imgix.net\/wp-content\/uploads\/2024\/12\/Logo-site-web-3.png?auto=format%2Cenhance%2Ccompress&amp;w=150&amp;h=150\" alt=\"logo eckes granini\" \/><\/figure><\/div><div class=\"swiper-slide\" role=\"group\" aria-roledescription=\"slide\" aria-label=\"2 von 10\"><figure class=\"swiper-slide-inner\"><img decoding=\"async\" class=\"swiper-slide-image\" src=\"https:\/\/easypicky-555036211.imgix.net\/wp-content\/uploads\/2024\/11\/Logo-site-web-3.png?auto=format%2Cenhance%2Ccompress&amp;w=150&amp;h=150\" alt=\"Logo_client_CFP Brand\" \/><\/figure><\/div><div class=\"swiper-slide\" role=\"group\" aria-roledescription=\"slide\" aria-label=\"3 von 10\"><figure class=\"swiper-slide-inner\"><img decoding=\"async\" class=\"swiper-slide-image\" src=\"https:\/\/easypicky-555036211.imgix.net\/wp-content\/uploads\/2024\/05\/Logo-site-web-1-1.png?auto=format%2Cenhance%2Ccompress&amp;w=150&amp;h=150\" alt=\"Logo-site-web-1.png\" \/><\/figure><\/div><div class=\"swiper-slide\" role=\"group\" aria-roledescription=\"slide\" aria-label=\"4 von 10\"><figure class=\"swiper-slide-inner\"><img decoding=\"async\" class=\"swiper-slide-image\" src=\"https:\/\/easypicky-555036211.imgix.net\/wp-content\/uploads\/2024\/05\/2-1.png?auto=format%2Cenhance%2Ccompress&amp;w=150&amp;h=150\" alt=\"2.png\" \/><\/figure><\/div><div class=\"swiper-slide\" role=\"group\" aria-roledescription=\"slide\" aria-label=\"5 von 10\"><figure class=\"swiper-slide-inner\"><img decoding=\"async\" class=\"swiper-slide-image\" src=\"https:\/\/easypicky-555036211.imgix.net\/wp-content\/uploads\/2024\/05\/1-1.png?auto=format%2Cenhance%2Ccompress&amp;w=150&amp;h=150\" alt=\"1.png\" \/><\/figure><\/div><div class=\"swiper-slide\" role=\"group\" aria-roledescription=\"slide\" aria-label=\"6 von 10\"><figure class=\"swiper-slide-inner\"><img decoding=\"async\" class=\"swiper-slide-image\" src=\"https:\/\/easypicky-555036211.imgix.net\/wp-content\/uploads\/2024\/05\/7-1.png?auto=format%2Cenhance%2Ccompress&amp;w=150&amp;h=150\" alt=\"7.png\" \/><\/figure><\/div><div class=\"swiper-slide\" role=\"group\" aria-roledescription=\"slide\" aria-label=\"7 von 10\"><figure class=\"swiper-slide-inner\"><img decoding=\"async\" class=\"swiper-slide-image\" src=\"https:\/\/easypicky-555036211.imgix.net\/wp-content\/uploads\/2024\/05\/6-1.png?auto=format%2Cenhance%2Ccompress&amp;w=150&amp;h=150\" alt=\"6.png\" \/><\/figure><\/div><div class=\"swiper-slide\" role=\"group\" aria-roledescription=\"slide\" aria-label=\"8 von 10\"><figure class=\"swiper-slide-inner\"><img decoding=\"async\" class=\"swiper-slide-image\" src=\"https:\/\/easypicky-555036211.imgix.net\/wp-content\/uploads\/2024\/05\/5-1.png?auto=format%2Cenhance%2Ccompress&amp;w=150&amp;h=150\" alt=\"5.png\" \/><\/figure><\/div><div class=\"swiper-slide\" role=\"group\" aria-roledescription=\"slide\" aria-label=\"9 von 10\"><figure class=\"swiper-slide-inner\"><img decoding=\"async\" class=\"swiper-slide-image\" src=\"https:\/\/easypicky-555036211.imgix.net\/wp-content\/uploads\/2024\/05\/4-1.png?auto=format%2Cenhance%2Ccompress&amp;w=150&amp;h=150\" alt=\"4.png\" \/><\/figure><\/div><div class=\"swiper-slide\" role=\"group\" aria-roledescription=\"slide\" aria-label=\"10 von 10\"><figure class=\"swiper-slide-inner\"><img decoding=\"async\" class=\"swiper-slide-image\" src=\"https:\/\/easypicky-555036211.imgix.net\/wp-content\/uploads\/2024\/05\/Logo-site-web-2.png?auto=format%2Cenhance%2Ccompress&amp;w=150&amp;h=150\" alt=\"Logo-site-web.png\" \/><\/figure><\/div>\t\t\t<\/div>\n\t\t\t\t\t\t\t\n\t\t\t\t\t\t\t\t\t<\/div>\n\t\t\t\t\t\t<\/div>\n\t\t\t\t<\/div>\n\t\t\t\t\t<\/div>\n\t\t<\/div>\n\t\t\t\t\t<\/div>\n\t\t<\/section>\n\t\t\t\t<\/div>\n\t\t","protected":false},"excerpt":{"rendered":"<p>Die wichtigsten Retail-Trends 2025 Angesprochene Themen : Transformation des Einzelhandels: Im Jahr 2025 steht der Einzelhandel vor gro\u00dfen Ver\u00e4nderungen, die von Innovationen, [&hellip;]<\/p>\n","protected":false},"author":3,"featured_media":0,"parent":0,"menu_order":0,"comment_status":"closed","ping_status":"closed","template":"","meta":{"_seopress_robots_primary_cat":"","_seopress_titles_title":"Die gro\u00dfen Retail-Trends 2025","_seopress_titles_desc":"Entdecken Sie die f\u00fcnf gro\u00dfen Trends, die den Einzelhandel im Jahr 2025 neu definieren werden: Hyperpersonalisierung, Omnichannel, Nachhaltigkeit, Automatisierung und Cybersicherheit. ","_seopress_robots_index":"","content-type":"","footnotes":""},"class_list":["post-14421","page","type-page","status-publish","hentry"],"_links":{"self":[{"href":"https:\/\/easypicky.com\/de\/wp-json\/wp\/v2\/pages\/14421","targetHints":{"allow":["GET"]}}],"collection":[{"href":"https:\/\/easypicky.com\/de\/wp-json\/wp\/v2\/pages"}],"about":[{"href":"https:\/\/easypicky.com\/de\/wp-json\/wp\/v2\/types\/page"}],"author":[{"embeddable":true,"href":"https:\/\/easypicky.com\/de\/wp-json\/wp\/v2\/users\/3"}],"replies":[{"embeddable":true,"href":"https:\/\/easypicky.com\/de\/wp-json\/wp\/v2\/comments?post=14421"}],"version-history":[{"count":14,"href":"https:\/\/easypicky.com\/de\/wp-json\/wp\/v2\/pages\/14421\/revisions"}],"predecessor-version":[{"id":16679,"href":"https:\/\/easypicky.com\/de\/wp-json\/wp\/v2\/pages\/14421\/revisions\/16679"}],"wp:attachment":[{"href":"https:\/\/easypicky.com\/de\/wp-json\/wp\/v2\/media?parent=14421"}],"curies":[{"name":"wp","href":"https:\/\/api.w.org\/{rel}","templated":true}]}}