{"id":14382,"date":"2024-05-16T11:14:43","date_gmt":"2024-05-16T09:14:43","guid":{"rendered":"https:\/\/easypicky.com\/webinare\/"},"modified":"2025-03-17T16:02:23","modified_gmt":"2025-03-17T15:02:23","slug":"webinare","status":"publish","type":"page","link":"https:\/\/easypicky.com\/de\/webinare\/","title":{"rendered":"Webinare"},"content":{"rendered":"\t\t<div data-elementor-type=\"wp-page\" data-elementor-id=\"14382\" class=\"elementor elementor-14382 elementor-9827\">\n\t\t\t\t\t\t<section class=\"elementor-section elementor-top-section elementor-element elementor-element-eabd253 elementor-section-boxed elementor-section-height-default elementor-section-height-default exad-glass-effect-no exad-sticky-section-no\" data-id=\"eabd253\" data-element_type=\"section\" data-e-type=\"section\" data-settings=\"{&quot;background_background&quot;:&quot;classic&quot;,&quot;shape_divider_bottom&quot;:&quot;triangle-asymmetrical&quot;,&quot;shape_divider_bottom_negative&quot;:&quot;yes&quot;}\">\n\t\t\t\t\t<div class=\"elementor-shape elementor-shape-bottom\" aria-hidden=\"true\" data-negative=\"true\">\n\t\t\t<svg xmlns=\"http:\/\/www.w3.org\/2000\/svg\" viewBox=\"0 0 1000 100\" preserveAspectRatio=\"none\">\n\t<path class=\"elementor-shape-fill\" d=\"M737.9,94.7L0,0v100h1000V0L737.9,94.7z\"\/>\n<\/svg>\t\t<\/div>\n\t\t\t\t\t<div class=\"elementor-container elementor-column-gap-default\">\n\t\t\t\t\t<div class=\"elementor-column elementor-col-50 elementor-top-column elementor-element elementor-element-d987e9a exad-glass-effect-no exad-sticky-section-no\" data-id=\"d987e9a\" data-element_type=\"column\" data-e-type=\"column\">\n\t\t\t<div class=\"elementor-widget-wrap elementor-element-populated\">\n\t\t\t\t\t\t<div class=\"elementor-element elementor-element-1da7e45 ui-e-a-animate exad-sticky-section-no exad-glass-effect-no elementor-widget elementor-widget-highlighted-text\" data-id=\"1da7e45\" data-element_type=\"widget\" data-e-type=\"widget\" data-widget_type=\"highlighted-text.default\">\n\t\t\t\t<div class=\"elementor-widget-container\">\n\t\t\t\t\t\t\t<h1 class=\"ui-e--highlighted-text\" >\r\n        <span class=\"ui-e-headline-text\">Entdecken Sie<\/span><span class=\"whitespace\"> <\/span><span class=\"ui-e-headline-text ui-e-headline-stroke1\">\r\n\t\t\t\t\t\t\t<span class=\"ui-e-headline-text ui-e-headline-highlighted\">unsere Webinare<\/span><span class=\"uicore-svg-wrapper\"><svg xmlns=\"http:\/\/www.w3.org\/2000\/svg\" viewBox=\"0 0 500 150\" preserveAspectRatio=\"none\"><path d='M15.2,133.3L15.2,133.3c121.9-7.6,244-9.9,366.1-6.8c34.6,0.9,69.1,2.3,103.7,4'\/><\/svg><\/span><\/span><span class=\"whitespace\"> <\/span>        <\/h1>\r\n        \t\t\t\t<\/div>\n\t\t\t\t<\/div>\n\t\t\t\t<div class=\"elementor-element elementor-element-5bbfc71 exad-sticky-section-no exad-glass-effect-no elementor-widget elementor-widget-text-editor\" data-id=\"5bbfc71\" data-element_type=\"widget\" data-e-type=\"widget\" data-widget_type=\"text-editor.default\">\n\t\t\t\t<div class=\"elementor-widget-container\">\n\t\t\t\t\t\t\t\t\t<p>EasyPicky ist Spezialist f\u00fcr Bilderkennung, Erfassung und Analyse von Felddaten und bietet Ihnen exklusive Webinare an.<\/p>\n<p>Erforschen Sie die neuesten Innovationen im Einzelhandel, entdecken Sie die Trends der Branche, verfolgen Sie die M\u00f6glichkeiten der K\u00fcnstlichen Intelligenz und erhalten Sie wertvolle Tipps von unseren Experten, CRM-Partnern und Beratungsfirmen.<\/p>\n\t\t\t\t\t\t\t\t<\/div>\n\t\t\t\t<\/div>\n\t\t\t\t\t<\/div>\n\t\t<\/div>\n\t\t\t\t<div class=\"elementor-column elementor-col-50 elementor-top-column elementor-element elementor-element-550693e exad-glass-effect-no\" data-id=\"550693e\" data-element_type=\"column\" data-e-type=\"column\">\n\t\t\t<div class=\"elementor-widget-wrap elementor-element-populated\">\n\t\t\t\t\t\t<div class=\"elementor-element elementor-element-635383d exad-sticky-section-no exad-glass-effect-no elementor-widget elementor-widget-image\" data-id=\"635383d\" data-element_type=\"widget\" data-e-type=\"widget\" data-widget_type=\"image.default\">\n\t\t\t\t<div class=\"elementor-widget-container\">\n\t\t\t\t\t\t\t\t\t\t\t\t\t\t\t<img fetchpriority=\"high\" decoding=\"async\" width=\"650\" height=\"650\" src=\"https:\/\/easypicky-555036211.imgix.net\/wp-content\/uploads\/2024\/05\/DrawKit-Vector-Illustration-Team-Work-15.png?auto=format%2Cenhance%2Ccompress&amp;w=650&amp;h=650\" class=\"attachment-uicore-medium size-uicore-medium wp-image-14384\" alt=\"\" \/>\t\t\t\t\t\t\t\t\t\t\t\t\t\t\t<\/div>\n\t\t\t\t<\/div>\n\t\t\t\t\t<\/div>\n\t\t<\/div>\n\t\t\t\t\t<\/div>\n\t\t<\/section>\n\t\t\t\t<section class=\"elementor-section elementor-top-section elementor-element elementor-element-f3c04e4 elementor-section-boxed elementor-section-height-default elementor-section-height-default exad-glass-effect-no exad-sticky-section-no\" data-id=\"f3c04e4\" data-element_type=\"section\" data-e-type=\"section\">\n\t\t\t\t\t\t<div class=\"elementor-container elementor-column-gap-default\">\n\t\t\t\t\t<div class=\"elementor-column elementor-col-50 elementor-top-column elementor-element elementor-element-ab8be0e exad-glass-effect-no exad-sticky-section-no\" data-id=\"ab8be0e\" data-element_type=\"column\" data-e-type=\"column\">\n\t\t\t<div class=\"elementor-widget-wrap elementor-element-populated\">\n\t\t\t\t\t\t<div class=\"elementor-element elementor-element-6ca366b exad-sticky-section-no exad-glass-effect-no elementor-widget elementor-widget-image\" data-id=\"6ca366b\" data-element_type=\"widget\" data-e-type=\"widget\" data-widget_type=\"image.default\">\n\t\t\t\t<div class=\"elementor-widget-container\">\n\t\t\t\t\t\t\t\t\t\t\t\t\t\t\t<img decoding=\"async\" width=\"768\" src=\"https:\/\/easypicky-555036211.imgix.net\/wp-content\/uploads\/2025\/03\/Webinaire-livre-blanc-2.png?auto=format%2Cenhance%2Ccompress&amp;w=768\" class=\"attachment-medium_large size-medium_large wp-image-15069\" alt=\"Webinaire Havea\" srcset=\"https:\/\/easypicky-555036211.imgix.net\/wp-content\/uploads\/2025\/03\/Webinaire-livre-blanc-2.png?w=1200 1200w, https:\/\/easypicky-555036211.imgix.net\/wp-content\/uploads\/2025\/03\/Webinaire-livre-blanc-2.png?w=300 300w, https:\/\/easypicky-555036211.imgix.net\/wp-content\/uploads\/2025\/03\/Webinaire-livre-blanc-2.png?w=1024 1024w, https:\/\/easypicky-555036211.imgix.net\/wp-content\/uploads\/2025\/03\/Webinaire-livre-blanc-2.png?w=150 150w, https:\/\/easypicky-555036211.imgix.net\/wp-content\/uploads\/2025\/03\/Webinaire-livre-blanc-2.png?w=768 768w, https:\/\/easypicky-555036211.imgix.net\/wp-content\/uploads\/2025\/03\/Webinaire-livre-blanc-2.png?w=650 650w\" sizes=\"(max-width: 1200px) 100vw, 1200px\" \/>\t\t\t\t\t\t\t\t\t\t\t\t\t\t\t<\/div>\n\t\t\t\t<\/div>\n\t\t\t\t<div class=\"elementor-element elementor-element-72fec16 exad-sticky-section-no exad-glass-effect-no elementor-widget elementor-widget-heading\" data-id=\"72fec16\" data-element_type=\"widget\" data-e-type=\"widget\" data-widget_type=\"heading.default\">\n\t\t\t\t<div class=\"elementor-widget-container\">\n\t\t\t\t\t<h2 class=\"elementor-heading-title elementor-size-medium\">CRM &amp; Image Recognition,<br>das Feedback von Havea<\/h2>\t\t\t\t<\/div>\n\t\t\t\t<\/div>\n\t\t\t\t<div class=\"elementor-element elementor-element-b5af955 exad-sticky-section-no exad-glass-effect-no elementor-widget elementor-widget-heading\" data-id=\"b5af955\" data-element_type=\"widget\" data-e-type=\"widget\" data-widget_type=\"heading.default\">\n\t\t\t\t<div class=\"elementor-widget-container\">\n\t\t\t\t\t<h3 class=\"elementor-heading-title elementor-size-default\">Havea x ChapsVision x EasyPicky <\/h3>\t\t\t\t<\/div>\n\t\t\t\t<\/div>\n\t\t\t\t<div class=\"elementor-element elementor-element-f047c3e exad-sticky-section-no exad-glass-effect-no elementor-widget elementor-widget-text-editor\" data-id=\"f047c3e\" data-element_type=\"widget\" data-e-type=\"widget\" data-widget_type=\"text-editor.default\">\n\t\t\t\t<div class=\"elementor-widget-container\">\n\t\t\t\t\t\t\t\t\t<p>Erfahren Sie, <span style=\"color: var(--uicore-typography--p-c,'#070707'); font-family: var(--uicore-typography--p-f,'Inter'); font-style: var(--uicore-typography--p-st,'normal'); font-weight: var(--uicore-typography--p-w,'600'); letter-spacing: var(--uicore-typography--p-ls,'-0.027em'); text-transform: var(--uicore-typography--p-t,'none');\">wie ChapsVision und EasyPicky in Haveas Bem\u00fchungen um eine Optimierung der Gesch\u00e4ftsstrategie eingebunden sind?<\/span><\/p>\n\t\t\t\t\t\t\t\t<\/div>\n\t\t\t\t<\/div>\n\t\t\t\t<div class=\"elementor-element elementor-element-f98f327 elementor-align-center exad-sticky-section-no exad-glass-effect-no elementor-widget elementor-widget-button\" data-id=\"f98f327\" data-element_type=\"widget\" data-e-type=\"widget\" data-widget_type=\"button.default\">\n\t\t\t\t<div class=\"elementor-widget-container\">\n\t\t\t\t\t\t\t\t\t<div class=\"elementor-button-wrapper\">\n\t\t\t\t\t<a class=\"elementor-button elementor-button-link elementor-size-sm\" href=\"https:\/\/easypicky.com\/de\/webinar-crm-image-recognition-das-feedback-von-havea\/\" target=\"_blank\">\n\t\t\t\t\t\t<span class=\"elementor-button-content-wrapper\">\n\t\t\t\t\t\t\t\t\t<span class=\"elementor-button-text\">Zum Replay des Webinars<\/span>\n\t\t\t\t\t<\/span>\n\t\t\t\t\t<\/a>\n\t\t\t\t<\/div>\n\t\t\t\t\t\t\t\t<\/div>\n\t\t\t\t<\/div>\n\t\t\t\t\t<\/div>\n\t\t<\/div>\n\t\t\t\t<div class=\"elementor-column elementor-col-50 elementor-top-column elementor-element elementor-element-e613d8c exad-glass-effect-no exad-sticky-section-no\" data-id=\"e613d8c\" data-element_type=\"column\" data-e-type=\"column\">\n\t\t\t<div class=\"elementor-widget-wrap elementor-element-populated\">\n\t\t\t\t\t\t<div class=\"elementor-element elementor-element-b69edbd exad-sticky-section-no exad-glass-effect-no elementor-widget elementor-widget-image\" data-id=\"b69edbd\" data-element_type=\"widget\" data-e-type=\"widget\" data-widget_type=\"image.default\">\n\t\t\t\t<div class=\"elementor-widget-container\">\n\t\t\t\t\t\t\t\t\t\t\t\t\t\t\t<img decoding=\"async\" width=\"650\" height=\"650\" src=\"https:\/\/easypicky-555036211.imgix.net\/wp-content\/uploads\/2025\/03\/Webinaire-livre-blanc-6.png?auto=format%2Cenhance%2Ccompress&amp;w=650&amp;h=650\" class=\"attachment-uicore-medium size-uicore-medium wp-image-15179\" alt=\"\" srcset=\"https:\/\/easypicky-555036211.imgix.net\/wp-content\/uploads\/2025\/03\/Webinaire-livre-blanc-6.png?auto=format%2Cenhance%2Ccompress&amp;w=1200 1200w, https:\/\/easypicky-555036211.imgix.net\/wp-content\/uploads\/2025\/03\/Webinaire-livre-blanc-6.png?auto=format%2Cenhance%2Ccompress&amp;w=300 300w, https:\/\/easypicky-555036211.imgix.net\/wp-content\/uploads\/2025\/03\/Webinaire-livre-blanc-6.png?auto=format%2Cenhance%2Ccompress&amp;w=1024 1024w, https:\/\/easypicky-555036211.imgix.net\/wp-content\/uploads\/2025\/03\/Webinaire-livre-blanc-6.png?auto=format%2Cenhance%2Ccompress&amp;w=150 150w, https:\/\/easypicky-555036211.imgix.net\/wp-content\/uploads\/2025\/03\/Webinaire-livre-blanc-6.png?auto=format%2Cenhance%2Ccompress&amp;w=768 768w, https:\/\/easypicky-555036211.imgix.net\/wp-content\/uploads\/2025\/03\/Webinaire-livre-blanc-6.png?auto=format%2Cenhance%2Ccompress&amp;w=650 650w\" sizes=\"(max-width: 650px) 100vw, 650px\" \/>\t\t\t\t\t\t\t\t\t\t\t\t\t\t\t<\/div>\n\t\t\t\t<\/div>\n\t\t\t\t<div class=\"elementor-element elementor-element-e4c3836 exad-sticky-section-no exad-glass-effect-no elementor-widget elementor-widget-heading\" data-id=\"e4c3836\" data-element_type=\"widget\" data-e-type=\"widget\" data-widget_type=\"heading.default\">\n\t\t\t\t<div class=\"elementor-widget-container\">\n\t\t\t\t\t<h2 class=\"elementor-heading-title elementor-size-medium\">Die Integration von EasyPicky in<br>von innovativen L\u00f6sungen<\/h2>\t\t\t\t<\/div>\n\t\t\t\t<\/div>\n\t\t\t\t<div class=\"elementor-element elementor-element-aca3fdf exad-sticky-section-no exad-glass-effect-no elementor-widget elementor-widget-heading\" data-id=\"aca3fdf\" data-element_type=\"widget\" data-e-type=\"widget\" data-widget_type=\"heading.default\">\n\t\t\t\t<div class=\"elementor-widget-container\">\n\t\t\t\t\t<h3 class=\"elementor-heading-title elementor-size-default\">EasyPicky x SalesForce x Peak &amp; Peak<\/h3>\t\t\t\t<\/div>\n\t\t\t\t<\/div>\n\t\t\t\t<div class=\"elementor-element elementor-element-5df9f77 exad-sticky-section-no exad-glass-effect-no elementor-widget elementor-widget-text-editor\" data-id=\"5df9f77\" data-element_type=\"widget\" data-e-type=\"widget\" data-widget_type=\"text-editor.default\">\n\t\t\t\t<div class=\"elementor-widget-container\">\n\t\t\t\t\t\t\t\t\t<p>Sehen Sie sich unser n\u00e4chstes Webinar mit unseren Partnern SalesForces und Peak &amp; Peak an, in dem es um die Integration von Image Recognition in innovative L\u00f6sungen geht. <\/p>\n\t\t\t\t\t\t\t\t<\/div>\n\t\t\t\t<\/div>\n\t\t\t\t<div class=\"elementor-element elementor-element-32d0cfd elementor-align-center exad-sticky-section-no exad-glass-effect-no elementor-widget elementor-widget-button\" data-id=\"32d0cfd\" data-element_type=\"widget\" data-e-type=\"widget\" data-widget_type=\"button.default\">\n\t\t\t\t<div class=\"elementor-widget-container\">\n\t\t\t\t\t\t\t\t\t<div class=\"elementor-button-wrapper\">\n\t\t\t\t\t<a class=\"elementor-button elementor-button-link elementor-size-sm\" href=\"https:\/\/easypicky.com\/de\/newsletter\/\">\n\t\t\t\t\t\t<span class=\"elementor-button-content-wrapper\">\n\t\t\t\t\t\t<span class=\"elementor-button-icon\">\n\t\t\t\t<i aria-hidden=\"true\" class=\"far fa-bell\"><\/i>\t\t\t<\/span>\n\t\t\t\t\t\t\t\t\t<span class=\"elementor-button-text\">Zur Anmeldung benachrichtigt werden<\/span>\n\t\t\t\t\t<\/span>\n\t\t\t\t\t<\/a>\n\t\t\t\t<\/div>\n\t\t\t\t\t\t\t\t<\/div>\n\t\t\t\t<\/div>\n\t\t\t\t\t<\/div>\n\t\t<\/div>\n\t\t\t\t\t<\/div>\n\t\t<\/section>\n\t\t\t\t<section class=\"elementor-section elementor-top-section elementor-element elementor-element-a5dc24b elementor-section-boxed elementor-section-height-default elementor-section-height-default exad-glass-effect-no exad-sticky-section-no\" data-id=\"a5dc24b\" data-element_type=\"section\" data-e-type=\"section\">\n\t\t\t\t\t\t<div class=\"elementor-container elementor-column-gap-default\">\n\t\t\t\t\t<div class=\"elementor-column elementor-col-50 elementor-top-column elementor-element elementor-element-c9e57b4 exad-glass-effect-no exad-sticky-section-no\" data-id=\"c9e57b4\" data-element_type=\"column\" data-e-type=\"column\">\n\t\t\t<div class=\"elementor-widget-wrap elementor-element-populated\">\n\t\t\t\t\t\t<div class=\"elementor-element elementor-element-6f44b25 exad-sticky-section-no exad-glass-effect-no elementor-widget elementor-widget-image\" data-id=\"6f44b25\" data-element_type=\"widget\" data-e-type=\"widget\" data-widget_type=\"image.default\">\n\t\t\t\t<div class=\"elementor-widget-container\">\n\t\t\t\t\t\t\t\t\t\t\t\t\t\t\t<img decoding=\"async\" width=\"650\" height=\"650\" src=\"https:\/\/easypicky-555036211.imgix.net\/wp-content\/uploads\/2025\/03\/Webinaire-livre-blanc-3.png?auto=format%2Cenhance%2Ccompress&amp;w=650&amp;h=650\" class=\"attachment-uicore-medium size-uicore-medium wp-image-15077\" alt=\"Webinaire Nomadia\" srcset=\"https:\/\/easypicky-555036211.imgix.net\/wp-content\/uploads\/2025\/03\/Webinaire-livre-blanc-3.png?auto=format%2Cenhance%2Ccompress&amp;w=1200 1200w, https:\/\/easypicky-555036211.imgix.net\/wp-content\/uploads\/2025\/03\/Webinaire-livre-blanc-3.png?auto=format%2Cenhance%2Ccompress&amp;w=300 300w, https:\/\/easypicky-555036211.imgix.net\/wp-content\/uploads\/2025\/03\/Webinaire-livre-blanc-3.png?auto=format%2Cenhance%2Ccompress&amp;w=1024 1024w, https:\/\/easypicky-555036211.imgix.net\/wp-content\/uploads\/2025\/03\/Webinaire-livre-blanc-3.png?auto=format%2Cenhance%2Ccompress&amp;w=150 150w, https:\/\/easypicky-555036211.imgix.net\/wp-content\/uploads\/2025\/03\/Webinaire-livre-blanc-3.png?auto=format%2Cenhance%2Ccompress&amp;w=768 768w, https:\/\/easypicky-555036211.imgix.net\/wp-content\/uploads\/2025\/03\/Webinaire-livre-blanc-3.png?auto=format%2Cenhance%2Ccompress&amp;w=650 650w\" sizes=\"(max-width: 650px) 100vw, 650px\" \/>\t\t\t\t\t\t\t\t\t\t\t\t\t\t\t<\/div>\n\t\t\t\t<\/div>\n\t\t\t\t<div class=\"elementor-element elementor-element-157d189 exad-sticky-section-no exad-glass-effect-no elementor-widget elementor-widget-heading\" data-id=\"157d189\" data-element_type=\"widget\" data-e-type=\"widget\" data-widget_type=\"heading.default\">\n\t\t\t\t<div class=\"elementor-widget-container\">\n\t\t\t\t\t<h2 class=\"elementor-heading-title elementor-size-medium\">K\u00fcnstliche Intelligenz im Dienste der Verkaufskr\u00e4fte<\/h2>\t\t\t\t<\/div>\n\t\t\t\t<\/div>\n\t\t\t\t<div class=\"elementor-element elementor-element-deed5b3 exad-sticky-section-no exad-glass-effect-no elementor-widget elementor-widget-heading\" data-id=\"deed5b3\" data-element_type=\"widget\" data-e-type=\"widget\" data-widget_type=\"heading.default\">\n\t\t\t\t<div class=\"elementor-widget-container\">\n\t\t\t\t\t<h3 class=\"elementor-heading-title elementor-size-default\">EasyPicky x Nomadia<\/h3>\t\t\t\t<\/div>\n\t\t\t\t<\/div>\n\t\t\t\t<div class=\"elementor-element elementor-element-10e4aa4 exad-sticky-section-no exad-glass-effect-no elementor-widget elementor-widget-text-editor\" data-id=\"10e4aa4\" data-element_type=\"widget\" data-e-type=\"widget\" data-widget_type=\"text-editor.default\">\n\t\t\t\t<div class=\"elementor-widget-container\">\n\t\t\t\t\t\t\t\t\t<p>Erfahren Sie mehr \u00fcber innovative L\u00f6sungen f\u00fcr Ihre Vertriebsmitarbeiter, die neuesten KI-Funktionen, die Ihre Strategien ankurbeln, und die Nutzung Ihrer Felddaten.<\/p>\n\t\t\t\t\t\t\t\t<\/div>\n\t\t\t\t<\/div>\n\t\t\t\t<div class=\"elementor-element elementor-element-20d7a7a elementor-align-center exad-sticky-section-no exad-glass-effect-no elementor-widget elementor-widget-button\" data-id=\"20d7a7a\" data-element_type=\"widget\" data-e-type=\"widget\" data-widget_type=\"button.default\">\n\t\t\t\t<div class=\"elementor-widget-container\">\n\t\t\t\t\t\t\t\t\t<div class=\"elementor-button-wrapper\">\n\t\t\t\t\t<a class=\"elementor-button elementor-button-link elementor-size-sm\" href=\"https:\/\/easypicky.com\/de\/webinar-easypicky-x-nomadia\/\">\n\t\t\t\t\t\t<span class=\"elementor-button-content-wrapper\">\n\t\t\t\t\t\t\t\t\t<span class=\"elementor-button-text\">Zum Replay des Webinars<\/span>\n\t\t\t\t\t<\/span>\n\t\t\t\t\t<\/a>\n\t\t\t\t<\/div>\n\t\t\t\t\t\t\t\t<\/div>\n\t\t\t\t<\/div>\n\t\t\t\t\t<\/div>\n\t\t<\/div>\n\t\t\t\t<div class=\"elementor-column elementor-col-50 elementor-top-column elementor-element elementor-element-44fd46d exad-glass-effect-no exad-sticky-section-no\" data-id=\"44fd46d\" data-element_type=\"column\" data-e-type=\"column\">\n\t\t\t<div class=\"elementor-widget-wrap elementor-element-populated\">\n\t\t\t\t\t\t<div class=\"elementor-element elementor-element-53c68e5 exad-sticky-section-no exad-glass-effect-no elementor-widget elementor-widget-image\" data-id=\"53c68e5\" data-element_type=\"widget\" data-e-type=\"widget\" data-widget_type=\"image.default\">\n\t\t\t\t<div class=\"elementor-widget-container\">\n\t\t\t\t\t\t\t\t\t\t\t\t\t\t\t<img loading=\"lazy\" decoding=\"async\" width=\"650\" height=\"650\" src=\"https:\/\/easypicky-555036211.imgix.net\/wp-content\/uploads\/2025\/03\/Webinaire-livre-blanc-4.png?auto=format%2Cenhance%2Ccompress&amp;w=650&amp;h=650\" class=\"attachment-uicore-medium size-uicore-medium wp-image-15085\" alt=\"Webinar - Gesti\u00f3n de la transformaci\u00f3n digital en el comercio minorista\" srcset=\"https:\/\/easypicky-555036211.imgix.net\/wp-content\/uploads\/2025\/03\/Webinaire-livre-blanc-4.png?auto=format%2Cenhance%2Ccompress&amp;w=1200 1200w, https:\/\/easypicky-555036211.imgix.net\/wp-content\/uploads\/2025\/03\/Webinaire-livre-blanc-4.png?auto=format%2Cenhance%2Ccompress&amp;w=300 300w, https:\/\/easypicky-555036211.imgix.net\/wp-content\/uploads\/2025\/03\/Webinaire-livre-blanc-4.png?auto=format%2Cenhance%2Ccompress&amp;w=1024 1024w, https:\/\/easypicky-555036211.imgix.net\/wp-content\/uploads\/2025\/03\/Webinaire-livre-blanc-4.png?auto=format%2Cenhance%2Ccompress&amp;w=150 150w, https:\/\/easypicky-555036211.imgix.net\/wp-content\/uploads\/2025\/03\/Webinaire-livre-blanc-4.png?auto=format%2Cenhance%2Ccompress&amp;w=768 768w, https:\/\/easypicky-555036211.imgix.net\/wp-content\/uploads\/2025\/03\/Webinaire-livre-blanc-4.png?auto=format%2Cenhance%2Ccompress&amp;w=650 650w\" sizes=\"(max-width: 650px) 100vw, 650px\" \/>\t\t\t\t\t\t\t\t\t\t\t\t\t\t\t<\/div>\n\t\t\t\t<\/div>\n\t\t\t\t<div class=\"elementor-element elementor-element-3d7b305 exad-sticky-section-no exad-glass-effect-no elementor-widget elementor-widget-heading\" data-id=\"3d7b305\" data-element_type=\"widget\" data-e-type=\"widget\" data-widget_type=\"heading.default\">\n\t\t\t\t<div class=\"elementor-widget-container\">\n\t\t\t\t\t<h2 class=\"elementor-heading-title elementor-size-medium\">Management der digitalen Transformation im Einzelhandel<\/h2>\t\t\t\t<\/div>\n\t\t\t\t<\/div>\n\t\t\t\t<div class=\"elementor-element elementor-element-62e7a81 exad-sticky-section-no exad-glass-effect-no elementor-widget elementor-widget-heading\" data-id=\"62e7a81\" data-element_type=\"widget\" data-e-type=\"widget\" data-widget_type=\"heading.default\">\n\t\t\t\t<div class=\"elementor-widget-container\">\n\t\t\t\t\t<h3 class=\"elementor-heading-title elementor-size-default\">EasyPicky x Retail-Experten<\/h3>\t\t\t\t<\/div>\n\t\t\t\t<\/div>\n\t\t\t\t<div class=\"elementor-element elementor-element-11a1cd4 exad-sticky-section-no exad-glass-effect-no elementor-widget elementor-widget-text-editor\" data-id=\"11a1cd4\" data-element_type=\"widget\" data-e-type=\"widget\" data-widget_type=\"text-editor.default\">\n\t\t\t\t<div class=\"elementor-widget-container\">\n\t\t\t\t\t\t\t\t\t<p>Erfahren Sie, wie Sie den digitalen Wandel bew\u00e4ltigen k\u00f6nnen, und tauchen Sie mit unseren Experten Lydie Signeux, Mike Price und Renaud Pacull in die Zukunft des Einzelhandels ein.<\/p>\n\t\t\t\t\t\t\t\t<\/div>\n\t\t\t\t<\/div>\n\t\t\t\t<div class=\"elementor-element elementor-element-a4cdb0d elementor-align-center exad-sticky-section-no exad-glass-effect-no elementor-widget elementor-widget-button\" data-id=\"a4cdb0d\" data-element_type=\"widget\" data-e-type=\"widget\" data-widget_type=\"button.default\">\n\t\t\t\t<div class=\"elementor-widget-container\">\n\t\t\t\t\t\t\t\t\t<div class=\"elementor-button-wrapper\">\n\t\t\t\t\t<a class=\"elementor-button elementor-button-link elementor-size-sm\" href=\"https:\/\/easypicky.com\/de\/webinar-management-der-digitalen-transformation-im-einzelhandel\/\">\n\t\t\t\t\t\t<span class=\"elementor-button-content-wrapper\">\n\t\t\t\t\t\t\t\t\t<span class=\"elementor-button-text\">Zum Replay des Webinars<\/span>\n\t\t\t\t\t<\/span>\n\t\t\t\t\t<\/a>\n\t\t\t\t<\/div>\n\t\t\t\t\t\t\t\t<\/div>\n\t\t\t\t<\/div>\n\t\t\t\t\t<\/div>\n\t\t<\/div>\n\t\t\t\t\t<\/div>\n\t\t<\/section>\n\t\t\t\t<section class=\"elementor-section elementor-top-section elementor-element elementor-element-5a77b8e elementor-section-boxed elementor-section-height-default elementor-section-height-default exad-glass-effect-no exad-sticky-section-no\" data-id=\"5a77b8e\" data-element_type=\"section\" data-e-type=\"section\" data-settings=\"{&quot;background_background&quot;:&quot;classic&quot;}\">\n\t\t\t\t\t\t<div class=\"elementor-container elementor-column-gap-default\">\n\t\t\t\t\t<div class=\"elementor-column elementor-col-100 elementor-top-column elementor-element elementor-element-352a619 exad-glass-effect-no exad-sticky-section-no\" data-id=\"352a619\" data-element_type=\"column\" data-e-type=\"column\">\n\t\t\t<div class=\"elementor-widget-wrap elementor-element-populated\">\n\t\t\t\t\t\t<div class=\"elementor-element elementor-element-2253f71 exad-sticky-section-no exad-glass-effect-no elementor-widget elementor-widget-heading\" data-id=\"2253f71\" data-element_type=\"widget\" data-e-type=\"widget\" data-widget_type=\"heading.default\">\n\t\t\t\t<div class=\"elementor-widget-container\">\n\t\t\t\t\t<h2 class=\"elementor-heading-title elementor-size-default\">M\u00f6chten Sie \u00fcber die neuesten Nachrichten aus dem Einzelhandel auf dem Laufenden bleiben? <\/h2>\t\t\t\t<\/div>\n\t\t\t\t<\/div>\n\t\t\t\t<div class=\"elementor-element elementor-element-4caf54a exad-sticky-section-no exad-glass-effect-no elementor-widget elementor-widget-text-editor\" data-id=\"4caf54a\" data-element_type=\"widget\" data-e-type=\"widget\" data-widget_type=\"text-editor.default\">\n\t\t\t\t<div class=\"elementor-widget-container\">\n\t\t\t\t\t\t\t\t\t<p>Erhalten Sie jeden Monat unseren Newsletter, der Sie informiert \u00fcber :<\/p>\n<ul>\n<li>Die Termine des kommenden Monats: exklusive Inhalte (Webinare, Wei\u00dfb\u00fccher usw.) und Messen, die Sie nicht verpassen sollten<\/li>\n<li>Unsere Lieblingsthemen: die Entwicklung der Image Recognition, KI, Tech im Dienste des Einzelhandels<\/li>\n<li>\u00dcberlegungen zur Optimierung der Verarbeitung von Felddaten im Einzelhandel<\/li>\n<li>Blick hinter die Kulissen von EasyPicky: neue Funktionen, Kundenstimmen, etc.<\/li>\n<\/ul>\n\t\t\t\t\t\t\t\t<\/div>\n\t\t\t\t<\/div>\n\t\t\t\t<div class=\"elementor-element elementor-element-c5571c4 elementor-align-center exad-sticky-section-no exad-glass-effect-no elementor-widget elementor-widget-button\" data-id=\"c5571c4\" data-element_type=\"widget\" data-e-type=\"widget\" data-widget_type=\"button.default\">\n\t\t\t\t<div class=\"elementor-widget-container\">\n\t\t\t\t\t\t\t\t\t<div class=\"elementor-button-wrapper\">\n\t\t\t\t\t<a class=\"elementor-button elementor-button-link elementor-size-sm\" href=\"https:\/\/easypicky.com\/de\/newsletter\/\">\n\t\t\t\t\t\t<span class=\"elementor-button-content-wrapper\">\n\t\t\t\t\t\t\t\t\t<span class=\"elementor-button-text\">Ich abonniere den EasyPicky-Newsletter<\/span>\n\t\t\t\t\t<\/span>\n\t\t\t\t\t<\/a>\n\t\t\t\t<\/div>\n\t\t\t\t\t\t\t\t<\/div>\n\t\t\t\t<\/div>\n\t\t\t\t\t<\/div>\n\t\t<\/div>\n\t\t\t\t\t<\/div>\n\t\t<\/section>\n\t\t\t\t<\/div>\n\t\t","protected":false},"excerpt":{"rendered":"<p>Entdecken Sie unsere Webinare EasyPicky ist Spezialist f\u00fcr Bilderkennung, Erfassung und Analyse von Felddaten und bietet Ihnen exklusive Webinare an. Erforschen Sie [&hellip;]<\/p>\n","protected":false},"author":3,"featured_media":0,"parent":0,"menu_order":0,"comment_status":"closed","ping_status":"closed","template":"","meta":{"_seopress_robots_primary_cat":"","_seopress_titles_title":"Webinare - EasyPicky","_seopress_titles_desc":"EasyPicky ist Spezialist f\u00fcr Bilderkennung, Erfassung und Analyse von Felddaten und bietet Ihnen exklusive Webinare an.","_seopress_robots_index":"","content-type":"","footnotes":""},"class_list":["post-14382","page","type-page","status-publish","hentry"],"_links":{"self":[{"href":"https:\/\/easypicky.com\/de\/wp-json\/wp\/v2\/pages\/14382","targetHints":{"allow":["GET"]}}],"collection":[{"href":"https:\/\/easypicky.com\/de\/wp-json\/wp\/v2\/pages"}],"about":[{"href":"https:\/\/easypicky.com\/de\/wp-json\/wp\/v2\/types\/page"}],"author":[{"embeddable":true,"href":"https:\/\/easypicky.com\/de\/wp-json\/wp\/v2\/users\/3"}],"replies":[{"embeddable":true,"href":"https:\/\/easypicky.com\/de\/wp-json\/wp\/v2\/comments?post=14382"}],"version-history":[{"count":10,"href":"https:\/\/easypicky.com\/de\/wp-json\/wp\/v2\/pages\/14382\/revisions"}],"predecessor-version":[{"id":15186,"href":"https:\/\/easypicky.com\/de\/wp-json\/wp\/v2\/pages\/14382\/revisions\/15186"}],"wp:attachment":[{"href":"https:\/\/easypicky.com\/de\/wp-json\/wp\/v2\/media?parent=14382"}],"curies":[{"name":"wp","href":"https:\/\/api.w.org\/{rel}","templated":true}]}}