{"id":14283,"date":"2023-06-28T16:11:08","date_gmt":"2023-06-28T14:11:08","guid":{"rendered":"https:\/\/easypicky.com\/datenschutzrichtlinie\/"},"modified":"2025-02-27T15:24:39","modified_gmt":"2025-02-27T14:24:39","slug":"datenschutzrichtlinie","status":"publish","type":"page","link":"https:\/\/easypicky.com\/de\/datenschutzrichtlinie\/","title":{"rendered":"Datenschutzrichtlinie"},"content":{"rendered":"\t\t<div data-elementor-type=\"wp-page\" data-elementor-id=\"14283\" class=\"elementor elementor-14283 elementor-3\">\n\t\t\t\t\t\t<section class=\"elementor-section elementor-top-section elementor-element elementor-element-abc92e0 elementor-section-boxed elementor-section-height-default elementor-section-height-default exad-glass-effect-no exad-sticky-section-no\" data-id=\"abc92e0\" data-element_type=\"section\" data-e-type=\"section\">\n\t\t\t\t\t\t<div class=\"elementor-container elementor-column-gap-default\">\n\t\t\t\t\t<div class=\"elementor-column elementor-col-100 elementor-top-column elementor-element elementor-element-3a670ae exad-glass-effect-no exad-sticky-section-no\" data-id=\"3a670ae\" data-element_type=\"column\" data-e-type=\"column\">\n\t\t\t<div class=\"elementor-widget-wrap elementor-element-populated\">\n\t\t\t\t\t\t<div class=\"elementor-element elementor-element-b365df5 exad-sticky-section-no exad-glass-effect-no elementor-widget elementor-widget-heading\" data-id=\"b365df5\" data-element_type=\"widget\" data-e-type=\"widget\" data-widget_type=\"heading.default\">\n\t\t\t\t<div class=\"elementor-widget-container\">\n\t\t\t\t\t<h1 class=\"elementor-heading-title elementor-size-default\">Datenschutzrichtlinie<\/h1>\t\t\t\t<\/div>\n\t\t\t\t<\/div>\n\t\t\t\t<div class=\"elementor-element elementor-element-73c1d01 exad-sticky-section-no exad-glass-effect-no elementor-widget elementor-widget-heading\" data-id=\"73c1d01\" data-element_type=\"widget\" data-e-type=\"widget\" data-widget_type=\"heading.default\">\n\t\t\t\t<div class=\"elementor-widget-container\">\n\t\t\t\t\t<h2 class=\"elementor-heading-title elementor-size-default\">Pr\u00e4ambel<\/h2>\t\t\t\t<\/div>\n\t\t\t\t<\/div>\n\t\t\t\t<div class=\"elementor-element elementor-element-6840c3c exad-sticky-section-no exad-glass-effect-no elementor-widget elementor-widget-text-editor\" data-id=\"6840c3c\" data-element_type=\"widget\" data-e-type=\"widget\" data-widget_type=\"text-editor.default\">\n\t\t\t\t<div class=\"elementor-widget-container\">\n\t\t\t\t\t\t\t\t\t<div>Vielen Dank, dass Sie die Website von EasyPicky besuchen und die Datenschutzbestimmungen zur Kenntnis nehmen. <\/div>\n<div> <\/div>\n<div>Durch das Surfen auf unserer Website oder die Nutzung unserer Dienste best\u00e4tigen Sie, dass Sie diese Richtlinie gelesen und verstanden haben und dass Sie damit einverstanden sind, dass Ihre pers\u00f6nlichen Daten und Informationen gegebenenfalls in \u00dcbereinstimmung mit dieser Richtlinie verarbeitet werden. <\/div>\n<div> <\/div>\n<div>Diese Datenschutzrichtlinie besteht aus den folgenden Elementen:<\/div>\n<div>\n<ul>\n<li>Ziele der Datenschutzrichtlinie,<\/li>\n<li>Inkrafttreten,<\/li>\n<li>Modalit\u00e4ten der Einholung der Zustimmung,<\/li>\n<li>Ziele der Datenerhebung,<\/li>\n<li>Zwecke der Datenverarbeitung,<\/li>\n<li>Gesammelte Daten,<\/li>\n<li>Aufbewahrung von pers\u00f6nlichen Informationen<\/li>\n<li>Recht auf Widerspruch, R\u00fccknahme, Zugang, Berichtigung und L\u00f6schung<\/li>\n<\/ul>\n<\/div>\n\t\t\t\t\t\t\t\t<\/div>\n\t\t\t\t<\/div>\n\t\t\t\t<div class=\"elementor-element elementor-element-b1c837b exad-sticky-section-no exad-glass-effect-no elementor-widget elementor-widget-heading\" data-id=\"b1c837b\" data-element_type=\"widget\" data-e-type=\"widget\" data-widget_type=\"heading.default\">\n\t\t\t\t<div class=\"elementor-widget-container\">\n\t\t\t\t\t<h2 class=\"elementor-heading-title elementor-size-default\">Ziele der Datenschutzrichtlinie <\/h2>\t\t\t\t<\/div>\n\t\t\t\t<\/div>\n\t\t\t\t<div class=\"elementor-element elementor-element-0d04285 exad-sticky-section-no exad-glass-effect-no elementor-widget elementor-widget-text-editor\" data-id=\"0d04285\" data-element_type=\"widget\" data-e-type=\"widget\" data-widget_type=\"text-editor.default\">\n\t\t\t\t<div class=\"elementor-widget-container\">\n\t\t\t\t\t\t\t\t\t<div>Die Achtung der Privatsph\u00e4re sowie der Schutz pers\u00f6nlicher Informationen sind f\u00fcr uns von entscheidender Bedeutung. Mit dieser Richtlinie beabsichtigen wir, diese Informationen in \u00dcbereinstimmung mit den geltenden Gesetzen zu sch\u00fctzen.<\/div>\n<div>Um diesen Schutz zu gew\u00e4hrleisten, wird EasyPicky Informationen, die eine Person identifizieren, nur dann sammeln, verarbeiten und weitergeben, wenn diese Person ihre Zustimmung gegeben hat, es sei denn, dies ist gesetzlich erlaubt oder vorgeschrieben, in welchem Fall Ihre Zustimmung nicht erforderlich ist.<\/div>\n<div>Die Richtlinie soll die Nutzer \u00fcber die Gr\u00fcnde und die Art und Weise informieren, wie EasyPicky oder jede in seinem Namen handelnde Person ihre pers\u00f6nlichen Daten sammelt und verwendet. Sie ist in klarer Sprache verfasst, um eine informierte Zustimmung der Nutzer zu gew\u00e4hrleisten. <\/div>\n<div>F\u00fcr die Zwecke dieser Richtlinie bezeichnet \u201epers\u00f6nliche Daten\u201c alle Informationen \u00fcber eine identifizierbare Person oder solche, die die Identifizierung einer Person erm\u00f6glichen.<\/div>\n\t\t\t\t\t\t\t\t<\/div>\n\t\t\t\t<\/div>\n\t\t\t\t<div class=\"elementor-element elementor-element-d63c7dd exad-sticky-section-no exad-glass-effect-no elementor-widget elementor-widget-heading\" data-id=\"d63c7dd\" data-element_type=\"widget\" data-e-type=\"widget\" data-widget_type=\"heading.default\">\n\t\t\t\t<div class=\"elementor-widget-container\">\n\t\t\t\t\t<h2 class=\"elementor-heading-title elementor-size-default\">Inkrafttreten <\/h2>\t\t\t\t<\/div>\n\t\t\t\t<\/div>\n\t\t\t\t<div class=\"elementor-element elementor-element-c2ee120 exad-sticky-section-no exad-glass-effect-no elementor-widget elementor-widget-text-editor\" data-id=\"c2ee120\" data-element_type=\"widget\" data-e-type=\"widget\" data-widget_type=\"text-editor.default\">\n\t\t\t\t<div class=\"elementor-widget-container\">\n\t\t\t\t\t\t\t\t\t<p>Diese Richtlinie gilt ab dem 08.08.2023.<\/p>\n\t\t\t\t\t\t\t\t<\/div>\n\t\t\t\t<\/div>\n\t\t\t\t<div class=\"elementor-element elementor-element-c836bfa exad-sticky-section-no exad-glass-effect-no elementor-widget elementor-widget-heading\" data-id=\"c836bfa\" data-element_type=\"widget\" data-e-type=\"widget\" data-widget_type=\"heading.default\">\n\t\t\t\t<div class=\"elementor-widget-container\">\n\t\t\t\t\t<h2 class=\"elementor-heading-title elementor-size-default\">Die Bedingungen der Einholung der Einwilligung <\/h2>\t\t\t\t<\/div>\n\t\t\t\t<\/div>\n\t\t\t\t<div class=\"elementor-element elementor-element-2750ba9 exad-sticky-section-no exad-glass-effect-no elementor-widget elementor-widget-text-editor\" data-id=\"2750ba9\" data-element_type=\"widget\" data-e-type=\"widget\" data-widget_type=\"text-editor.default\">\n\t\t\t\t<div class=\"elementor-widget-container\">\n\t\t\t\t\t\t\t\t\t<div>Wir verpflichten uns, eine Einwilligung einzuholen, bevor wir pers\u00f6nliche Daten einer Person erfassen. Die Einwilligung kann ausdr\u00fccklich oder stillschweigend erfolgen und kann direkt von der Person oder von ihrem bevollm\u00e4chtigten Vertreter gegeben werden. <\/div>\n<div>Wir bevorzugen die Einholung einer ausdr\u00fccklichen Einwilligung, sei es m\u00fcndlich, elektronisch oder schriftlich. Allerdings kann eine stillschweigende Einwilligung vern\u00fcnftigerweise aus dem Handeln oder Unterlassen einer Person abgeleitet werden. Beispielsweise wird das Bereitstellen einer E-Mail-Adresse zum Erhalt eines Newsletters oder das Angeben von Name, Vorname, E-Mail-Adresse und Telefonnummer f\u00fcr eine Kontaktaufnahme als stillschweigende Einwilligung zur Erfassung personenbezogener Daten angesehen.<br \/>Um die angemessene Art der Einwilligung zu bestimmen, ber\u00fccksichtigen wir die Sensibilit\u00e4t der betreffenden personenbezogenen Daten, den Zweck ihrer Erhebung und die berechtigten Erwartungen einer Person in einer vergleichbaren Situation.   <\/div>\n<div>Wenn wir Ihre personenbezogenen Daten f\u00fcr einen neuen Zweck verwenden m\u00f6chten, werden wir die beabsichtigte Nutzung beschreiben und erneut um Ihre Einwilligung bitten.<\/div>\n\t\t\t\t\t\t\t\t<\/div>\n\t\t\t\t<\/div>\n\t\t\t\t<div class=\"elementor-element elementor-element-774de01 exad-sticky-section-no exad-glass-effect-no elementor-widget elementor-widget-heading\" data-id=\"774de01\" data-element_type=\"widget\" data-e-type=\"widget\" data-widget_type=\"heading.default\">\n\t\t\t\t<div class=\"elementor-widget-container\">\n\t\t\t\t\t<h2 class=\"elementor-heading-title elementor-size-default\">Zwecke der Datenerhebung<\/h2>\t\t\t\t<\/div>\n\t\t\t\t<\/div>\n\t\t\t\t<div class=\"elementor-element elementor-element-9b1c92d exad-sticky-section-no exad-glass-effect-no elementor-widget elementor-widget-text-editor\" data-id=\"9b1c92d\" data-element_type=\"widget\" data-e-type=\"widget\" data-widget_type=\"text-editor.default\">\n\t\t\t\t<div class=\"elementor-widget-container\">\n\t\t\t\t\t\t\t\t\t<div>Die gesammelten Informationen erfolgen in \u00dcbereinstimmung mit den Zielen und Zwecken, die in dieser Datenschutzerkl\u00e4rung festgelegt sind.<\/div>\n<div>Hier sind einige Gr\u00fcnde, warum wir Ihre personenbezogenen Daten erheben:<\/div>\n<ul>\n<li>Einrichtung und Pflege der Gesch\u00e4ftsbeziehung: Wir werden die notwendigen Daten und Informationen erheben und verarbeiten, um Sie per E-Mail oder Telefon zu kontaktieren, im Rahmen einer Gesch\u00e4ftsanfrage oder zum Versand von Newslettern.<\/li>\n<li>Zur Bewertung der Leistung unserer Website: Um die Leistung unserer Website zu analysieren, verwenden wir Google Analytics. Google Analytics ist ein Webanalyse-Service von Google, der den Website-Verkehr verfolgt und dar\u00fcber Bericht erstattet. Google nutzt die gesammelten Daten, um die Nutzung unseres Services zu \u00fcberwachen und zu analysieren. Diese Daten werden mit anderen Google-Diensten geteilt. Google kann die gesammelten Daten verwenden, um Anzeigen in seinem eigenen Werbenetzwerk zu kontextualisieren und zu personalisieren. Weitere Informationen zu den Datenschutzpraktiken von Google finden <a href=\"https:\/\/policies.google.com\/privacy?hl=fr\" target=\"_blank\" rel=\"noreferrer noopener\" aria-label=\"la page web Protection de la vie priv\u00e9e et conditions de Google (opens in a new tab)\">Sie auf der Webseite \u201eDatenschutz und Nutzungsbedingungen\u201c von Google<\/a>.     <\/li>\n<\/ul>\n<div> <\/div>\n\t\t\t\t\t\t\t\t<\/div>\n\t\t\t\t<\/div>\n\t\t\t\t<div class=\"elementor-element elementor-element-08f16be exad-sticky-section-no exad-glass-effect-no elementor-widget elementor-widget-heading\" data-id=\"08f16be\" data-element_type=\"widget\" data-e-type=\"widget\" data-widget_type=\"heading.default\">\n\t\t\t\t<div class=\"elementor-widget-container\">\n\t\t\t\t\t<h2 class=\"elementor-heading-title elementor-size-default\">Zwecke der Datenverarbeitung<\/h2>\t\t\t\t<\/div>\n\t\t\t\t<\/div>\n\t\t\t\t<div class=\"elementor-element elementor-element-108d2c8 exad-sticky-section-no exad-glass-effect-no elementor-widget elementor-widget-text-editor\" data-id=\"108d2c8\" data-element_type=\"widget\" data-e-type=\"widget\" data-widget_type=\"text-editor.default\">\n\t\t\t\t<div class=\"elementor-widget-container\">\n\t\t\t\t\t\t\t\t\t<p class=\"\">Im berechtigten Interesse des Unternehmens und gem\u00e4\u00df den in Frankreich geltenden gesetzlichen Bestimmungen verarbeitet EasyPicky Ihre Daten insbesondere zu den folgenden Zwecken:<\/p>\n<ul>\n<li>die Gesch\u00e4ftsverwaltung;<\/li>\n<li>die Prospektion und das Marketing. <\/li>\n<\/ul>\t\t\t\t\t\t\t\t<\/div>\n\t\t\t\t<\/div>\n\t\t\t\t<div class=\"elementor-element elementor-element-a9a6c00 exad-sticky-section-no exad-glass-effect-no elementor-widget elementor-widget-heading\" data-id=\"a9a6c00\" data-element_type=\"widget\" data-e-type=\"widget\" data-widget_type=\"heading.default\">\n\t\t\t\t<div class=\"elementor-widget-container\">\n\t\t\t\t\t<h2 class=\"elementor-heading-title elementor-size-default\">Gesammelte Daten<\/h2>\t\t\t\t<\/div>\n\t\t\t\t<\/div>\n\t\t\t\t<div class=\"elementor-element elementor-element-ae6e27f exad-sticky-section-no exad-glass-effect-no elementor-widget elementor-widget-heading\" data-id=\"ae6e27f\" data-element_type=\"widget\" data-e-type=\"widget\" data-widget_type=\"heading.default\">\n\t\t\t\t<div class=\"elementor-widget-container\">\n\t\t\t\t\t<h3 class=\"elementor-heading-title elementor-size-default\">Daten, die Sie uns mitteilen<\/h3>\t\t\t\t<\/div>\n\t\t\t\t<\/div>\n\t\t\t\t<div class=\"elementor-element elementor-element-fae6906 exad-sticky-section-no exad-glass-effect-no elementor-widget elementor-widget-text-editor\" data-id=\"fae6906\" data-element_type=\"widget\" data-e-type=\"widget\" data-widget_type=\"text-editor.default\">\n\t\t\t\t<div class=\"elementor-widget-container\">\n\t\t\t\t\t\t\t\t\t<p class=\"\">Je nach verwendetem Formular sammelt EasyPicky die folgenden Daten:<\/p>\n<ul>\n<li>Vorname und Nachname;<\/li>\n<li>E-Mail-Adresse;<\/li>\n<li>Telefonnummer.<\/li>\n<\/ul>\t\t\t\t\t\t\t\t<\/div>\n\t\t\t\t<\/div>\n\t\t\t\t<div class=\"elementor-element elementor-element-8799b93 exad-sticky-section-no exad-glass-effect-no elementor-widget elementor-widget-heading\" data-id=\"8799b93\" data-element_type=\"widget\" data-e-type=\"widget\" data-widget_type=\"heading.default\">\n\t\t\t\t<div class=\"elementor-widget-container\">\n\t\t\t\t\t<h3 class=\"elementor-heading-title elementor-size-default\">Automatisch gesammelte Daten<\/h3>\t\t\t\t<\/div>\n\t\t\t\t<\/div>\n\t\t\t\t<div class=\"elementor-element elementor-element-859897d exad-sticky-section-no exad-glass-effect-no elementor-widget elementor-widget-text-editor\" data-id=\"859897d\" data-element_type=\"widget\" data-e-type=\"widget\" data-widget_type=\"text-editor.default\">\n\t\t\t\t<div class=\"elementor-widget-container\">\n\t\t\t\t\t\t\t\t\t<p class=\"\">EasyPicky sammelt bestimmte Informationen \u00fcber Logdateien und Cookies. Dies betrifft haupts\u00e4chlich die folgenden Informationen: <\/p>\n<ul>\n<li>IP-Adresse;<\/li>\n<li>Betriebssystem, Browser;<\/li>\n<li>Besuchte Seiten und Anfragen;<\/li>\n<li>Uhrzeit und Tag der Verbindung;<\/li>\n<li>Schl\u00fcsselw\u00f6rter und Suchanfragen.<\/li>\n<\/ul>\n<p class=\"\">Die Nutzung dieser Informationen erm\u00f6glicht es uns, den Service zu verbessern und Statistiken zu erstellen.<\/p>\n\t\t\t\t\t\t\t\t<\/div>\n\t\t\t\t<\/div>\n\t\t\t\t<div class=\"elementor-element elementor-element-a371b3a exad-sticky-section-no exad-glass-effect-no elementor-widget elementor-widget-heading\" data-id=\"a371b3a\" data-element_type=\"widget\" data-e-type=\"widget\" data-widget_type=\"heading.default\">\n\t\t\t\t<div class=\"elementor-widget-container\">\n\t\t\t\t\t<h2 class=\"elementor-heading-title elementor-size-default\">Aufbewahrung personenbezogener Daten <\/h2>\t\t\t\t<\/div>\n\t\t\t\t<\/div>\n\t\t\t\t<div class=\"elementor-element elementor-element-686e3dc exad-sticky-section-no exad-glass-effect-no elementor-widget elementor-widget-text-editor\" data-id=\"686e3dc\" data-element_type=\"widget\" data-e-type=\"widget\" data-widget_type=\"text-editor.default\">\n\t\t\t\t<div class=\"elementor-widget-container\">\n\t\t\t\t\t\t\t\t\t<p>Die Daten werden f\u00fcr einen Zeitraum aufbewahrt, der nicht l\u00e4nger ist als erforderlich, um die Zwecke zu erf\u00fcllen, f\u00fcr die sie gesammelt wurden.<br \/>Hinsichtlich der Nutzung Ihrer Daten f\u00fcr kommerzielle Prospektion beginnt der Zeitraum der Datennutzung mit dem Zeitpunkt der Datenerhebung oder dem letzten Kontakt des Interessenten (Anforderung von Informationen oder Klick auf einen Hyperlink).<br \/>In jedem Fall werden Ihre Daten nicht f\u00fcr kommerzielle Anfragen \u00fcber einen Zeitraum von mehr als drei Jahren ab der Erhebung oder dem letzten Kontakt des Interessenten verwendet.<\/p>\n\t\t\t\t\t\t\t\t<\/div>\n\t\t\t\t<\/div>\n\t\t\t\t<div class=\"elementor-element elementor-element-6829dcd exad-sticky-section-no exad-glass-effect-no elementor-widget elementor-widget-heading\" data-id=\"6829dcd\" data-element_type=\"widget\" data-e-type=\"widget\" data-widget_type=\"heading.default\">\n\t\t\t\t<div class=\"elementor-widget-container\">\n\t\t\t\t\t<h2 class=\"elementor-heading-title elementor-size-default\">Recht auf Widerspruch und Widerruf<\/h2>\t\t\t\t<\/div>\n\t\t\t\t<\/div>\n\t\t\t\t<div class=\"elementor-element elementor-element-2b944bb exad-sticky-section-no exad-glass-effect-no elementor-widget elementor-widget-text-editor\" data-id=\"2b944bb\" data-element_type=\"widget\" data-e-type=\"widget\" data-widget_type=\"text-editor.default\">\n\t\t\t\t<div class=\"elementor-widget-container\">\n\t\t\t\t\t\t\t\t\t<p class=\"\">Wir verpflichten uns, Ihnen ein Widerspruchs- und Widerrufsrecht in Bezug auf Ihre personenbezogenen Daten zu gew\u00e4hren.<br>Das Widerspruchsrecht bedeutet die M\u00f6glichkeit f\u00fcr Internetnutzer, die Nutzung ihrer personenbezogenen Daten f\u00fcr bestimmte Zwecke abzulehnen, die bei der Erhebung angegeben wurden.<br>Falls dies in unseren Diensten vorgesehen ist, bieten wir Ihnen an, dieses Recht auszu\u00fcben, indem Sie beim Ausf\u00fcllen eines Formulars das daf\u00fcr vorgesehene K\u00e4stchen ankreuzen.<\/p>\n<p>Das Widerrufsrecht bedeutet die M\u00f6glichkeit f\u00fcr Internetnutzer, zu verlangen, dass ihre personenbezogenen Daten nicht mehr beispielsweise in einer Mailingliste aufgef\u00fchrt werden.<br>Um dieses Recht auszu\u00fcben, k\u00f6nnen Sie uns elektronisch unter der folgenden Adresse kontaktieren: marketing@easypicky.com.<br>Sie haben die M\u00f6glichkeit, sich von unseren E-Mail-Versendungen abzumelden, indem Sie auf den Abmeldelink oder den Link zur Verwaltung der Abonnementeinstellungen am Ende unserer Nachrichten klicken. Sie k\u00f6nnen jederzeit widersprechen, dass Ihre Kontaktdaten f\u00fcr kommerzielle Prospektion verwendet werden, indem Sie marketing@easypicky.com kontaktieren. <\/p>\t\t\t\t\t\t\t\t<\/div>\n\t\t\t\t<\/div>\n\t\t\t\t<div class=\"elementor-element elementor-element-7e8fa99 exad-sticky-section-no exad-glass-effect-no elementor-widget elementor-widget-heading\" data-id=\"7e8fa99\" data-element_type=\"widget\" data-e-type=\"widget\" data-widget_type=\"heading.default\">\n\t\t\t\t<div class=\"elementor-widget-container\">\n\t\t\t\t\t<h2 class=\"elementor-heading-title elementor-size-default\">Recht auf Zugang, Berichtigung und L\u00f6schung<\/h2>\t\t\t\t<\/div>\n\t\t\t\t<\/div>\n\t\t\t\t<div class=\"elementor-element elementor-element-dd398b6 exad-sticky-section-no exad-glass-effect-no elementor-widget elementor-widget-text-editor\" data-id=\"dd398b6\" data-element_type=\"widget\" data-e-type=\"widget\" data-widget_type=\"text-editor.default\">\n\t\t\t\t<div class=\"elementor-widget-container\">\n\t\t\t\t\t\t\t\t\t<p class=\"\">Wir verpflichten uns, ein Recht auf Zugang und Berichtigung f\u00fcr betroffene Personen anzuerkennen, die ihre betreffenden Informationen einsehen, \u00e4ndern oder sogar l\u00f6schen m\u00f6chten.<br \/>Die Aus\u00fcbung dieses Rechts erfolgt:<\/p>\n<ul>\n<li>indem Sie uns an die folgende Postadresse schreiben: Easypicky, 72 Boulevard P\u00e9n\u00e9lope, 34000 Montpellier<\/li>\n<li>elektronisch unter: <a title=\"mailto:privacy@easypicky.com\" href=\"mailto:privacy@easypicky.com\" data-outlook-id=\"f5bf17e9-3161-4117-8f3e-0649bdd10968\">privacy@easypicky.com <\/a> <\/li>\n<\/ul>\n<p class=\"\">Je nach Fall ist EasyPicky m\u00f6glicherweise nicht immer gesetzlich verpflichtet, den Anfragen im Zusammenhang mit diesen Rechten stattzugeben.<\/p>\n\t\t\t\t\t\t\t\t<\/div>\n\t\t\t\t<\/div>\n\t\t\t\t<div class=\"elementor-element elementor-element-6c7bc8f exad-sticky-section-no exad-glass-effect-no elementor-widget elementor-widget-heading\" data-id=\"6c7bc8f\" data-element_type=\"widget\" data-e-type=\"widget\" data-widget_type=\"heading.default\">\n\t\t\t\t<div class=\"elementor-widget-container\">\n\t\t\t\t\t<h2 class=\"elementor-heading-title elementor-size-default\">Gesetzgebung<\/h2>\t\t\t\t<\/div>\n\t\t\t\t<\/div>\n\t\t\t\t<div class=\"elementor-element elementor-element-e763467 exad-sticky-section-no exad-glass-effect-no elementor-widget elementor-widget-text-editor\" data-id=\"e763467\" data-element_type=\"widget\" data-e-type=\"widget\" data-widget_type=\"text-editor.default\">\n\t\t\t\t<div class=\"elementor-widget-container\">\n\t\t\t\t\t\t\t\t\t<p>Wir verpflichten uns, die gesetzlichen Bestimmungen gem\u00e4\u00df der Verordnung (EU) Nr. 2016\/679 vom 26. April 2016 \u00fcber den Schutz personenbezogener Daten (DSGVO) und dem ge\u00e4nderten franz\u00f6sischen Datenschutzgesetz vom 6. Januar 1978 einzuhalten.<br \/>Im Falle von Problemen im Zusammenhang mit der Verwaltung Ihrer personenbezogenen Daten k\u00f6nnen Sie eine Beschwerde bei der CNIL einreichen.<br \/>Wir informieren Sie \u00fcber die Existenz der Liste \u201eBloctel\u201c zur Telefonwerbung, bei der Sie sich hier anmelden k\u00f6nnen : <a href=\"http:\/\/www.bloctel.gouv.fr\/\" target=\"_blank\" rel=\"noopener\">http:\/\/www.bloctel.gouv.fr\/<\/a>.<\/p>\n\t\t\t\t\t\t\t\t<\/div>\n\t\t\t\t<\/div>\n\t\t\t\t\t<\/div>\n\t\t<\/div>\n\t\t\t\t\t<\/div>\n\t\t<\/section>\n\t\t\t\t<\/div>\n\t\t","protected":false},"excerpt":{"rendered":"<p>Datenschutzrichtlinie Pr\u00e4ambel Vielen Dank, dass Sie die Website von EasyPicky besuchen und die Datenschutzbestimmungen zur Kenntnis nehmen. Durch das Surfen auf unserer [&hellip;]<\/p>\n","protected":false},"author":1,"featured_media":0,"parent":0,"menu_order":0,"comment_status":"closed","ping_status":"open","template":"","meta":{"_seopress_robots_primary_cat":"","_seopress_titles_title":"Datenschutzrichtlinie - EasyPicky","_seopress_titles_desc":"Datenschutzrichtlinie - EasyPicky","_seopress_robots_index":"","content-type":"","footnotes":""},"class_list":["post-14283","page","type-page","status-publish","hentry"],"_links":{"self":[{"href":"https:\/\/easypicky.com\/de\/wp-json\/wp\/v2\/pages\/14283","targetHints":{"allow":["GET"]}}],"collection":[{"href":"https:\/\/easypicky.com\/de\/wp-json\/wp\/v2\/pages"}],"about":[{"href":"https:\/\/easypicky.com\/de\/wp-json\/wp\/v2\/types\/page"}],"author":[{"embeddable":true,"href":"https:\/\/easypicky.com\/de\/wp-json\/wp\/v2\/users\/1"}],"replies":[{"embeddable":true,"href":"https:\/\/easypicky.com\/de\/wp-json\/wp\/v2\/comments?post=14283"}],"version-history":[{"count":2,"href":"https:\/\/easypicky.com\/de\/wp-json\/wp\/v2\/pages\/14283\/revisions"}],"predecessor-version":[{"id":14303,"href":"https:\/\/easypicky.com\/de\/wp-json\/wp\/v2\/pages\/14283\/revisions\/14303"}],"wp:attachment":[{"href":"https:\/\/easypicky.com\/de\/wp-json\/wp\/v2\/media?parent=14283"}],"curies":[{"name":"wp","href":"https:\/\/api.w.org\/{rel}","templated":true}]}}