{"id":14204,"date":"2023-08-04T17:19:48","date_gmt":"2023-08-04T15:19:48","guid":{"rendered":"https:\/\/easypicky.com\/rechtliche-hinweise\/"},"modified":"2025-02-27T11:14:30","modified_gmt":"2025-02-27T10:14:30","slug":"rechtliche-hinweise","status":"publish","type":"page","link":"https:\/\/easypicky.com\/de\/rechtliche-hinweise\/","title":{"rendered":"Rechtliche Hinweise"},"content":{"rendered":"\t\t<div data-elementor-type=\"wp-page\" data-elementor-id=\"14204\" class=\"elementor elementor-14204 elementor-2663\">\n\t\t\t\t\t\t<section class=\"elementor-section elementor-top-section elementor-element elementor-element-dcc9dd6 elementor-section-boxed elementor-section-height-default elementor-section-height-default exad-glass-effect-no exad-sticky-section-no\" data-id=\"dcc9dd6\" data-element_type=\"section\" data-e-type=\"section\">\n\t\t\t\t\t\t<div class=\"elementor-container elementor-column-gap-default\">\n\t\t\t\t\t<div class=\"elementor-column elementor-col-100 elementor-top-column elementor-element elementor-element-eb9fdf9 exad-glass-effect-no exad-sticky-section-no\" data-id=\"eb9fdf9\" data-element_type=\"column\" data-e-type=\"column\">\n\t\t\t<div class=\"elementor-widget-wrap elementor-element-populated\">\n\t\t\t\t\t\t<div class=\"elementor-element elementor-element-895732c exad-sticky-section-no exad-glass-effect-no elementor-widget elementor-widget-heading\" data-id=\"895732c\" data-element_type=\"widget\" data-e-type=\"widget\" data-widget_type=\"heading.default\">\n\t\t\t\t<div class=\"elementor-widget-container\">\n\t\t\t\t\t<h1 class=\"elementor-heading-title elementor-size-default\">Rechtliche Hinweise<\/h1>\t\t\t\t<\/div>\n\t\t\t\t<\/div>\n\t\t\t\t\t<\/div>\n\t\t<\/div>\n\t\t\t\t\t<\/div>\n\t\t<\/section>\n\t\t\t\t<section class=\"elementor-section elementor-top-section elementor-element elementor-element-b402b9c elementor-section-boxed elementor-section-height-default elementor-section-height-default exad-glass-effect-no exad-sticky-section-no\" data-id=\"b402b9c\" data-element_type=\"section\" data-e-type=\"section\">\n\t\t\t\t\t\t<div class=\"elementor-container elementor-column-gap-default\">\n\t\t\t\t\t<div class=\"elementor-column elementor-col-100 elementor-top-column elementor-element elementor-element-6292995 exad-glass-effect-no exad-sticky-section-no\" data-id=\"6292995\" data-element_type=\"column\" data-e-type=\"column\">\n\t\t\t<div class=\"elementor-widget-wrap elementor-element-populated\">\n\t\t\t\t\t\t<div class=\"elementor-element elementor-element-bf4efbc exad-sticky-section-no exad-glass-effect-no elementor-widget elementor-widget-text-editor\" data-id=\"bf4efbc\" data-element_type=\"widget\" data-e-type=\"widget\" data-widget_type=\"text-editor.default\">\n\t\t\t\t<div class=\"elementor-widget-container\">\n\t\t\t\t\t\t\t\t\t<p>Herausgeber :&nbsp;EasyPicky<br>Siret-Nummer:&nbsp;&nbsp;831 341 649 000 42<br>Hauptsitz :&nbsp; EasyPicky<br>72 bld penelope<br>34 000 Montpellier<\/p>\n<p>Hoster :&nbsp;SAS OVH &#8211; http:\/\/www.ovh.com &#8211;&nbsp;2 rue Kellermann BP 80157 59100 Roubaix<\/p>\n<h2>Gesammelte pers\u00f6nliche Informationen<\/h2>\n<p>In Frankreich sind personenbezogene Daten insbesondere durch das Gesetz Nummer 78-87 vom 6. Januar 1978, das Gesetz Nummer 2004-801 vom 6. August 2004, Artikel L. 226-13 des Strafgesetzbuches und die Europ\u00e4ische Richtlinie vom 24. Oktober 1995 gesch\u00fctzt.<\/p>\n<p>EasyPicky sammelt pers\u00f6nliche Informationen \u00fcber den Benutzer (Name, E-Mail-Adresse, Telefonnummer) \u00fcber Online-Formulare oder f\u00fcr statistische Zwecke. Im Rahmen der Formulare gibt der Benutzer diese Informationen in voller Kenntnis der Sachlage an, insbesondere wenn er selbst die Eingabe vornimmt. Dem Nutzer wird dann mitgeteilt, ob die von ihm bereitgestellten Informationen obligatorisch sind oder nicht. Berichtigung&nbsp;der gesammelten namentlichen Informationen.   <\/p>\n<p>Gem\u00e4\u00df den Bestimmungen von Artikel 34 des Gesetzes Nr. 48-87 vom 6. Januar 1978 hat der Nutzer das Recht, die \u00fcber ihn gesammelten namentlichen Daten zu \u00e4ndern. Zu diesem Zweck sendet der Nutzer an EasyPicky&nbsp;:<br>Eine E-Mail an die Adresse, die im Footer der Website angegeben ist.<br>Ein Schreiben an die Adresse des Firmensitzes (wie oben angegeben) unter Angabe des Namens oder der Firma, der physischen und\/oder elektronischen Kontaktdaten. Die \u00c4nderung wird innerhalb einer angemessenen Frist nach Eingang des Antrags des Nutzers vorgenommen.  <\/p>\t\t\t\t\t\t\t\t<\/div>\n\t\t\t\t<\/div>\n\t\t\t\t\t<\/div>\n\t\t<\/div>\n\t\t\t\t\t<\/div>\n\t\t<\/section>\n\t\t\t\t<\/div>\n\t\t","protected":false},"excerpt":{"rendered":"<p>Rechtliche Hinweise Herausgeber :&nbsp;EasyPickySiret-Nummer:&nbsp;&nbsp;831 341 649 000 42Hauptsitz :&nbsp; EasyPicky72 bld penelope34 000 Montpellier Hoster :&nbsp;SAS OVH &#8211; http:\/\/www.ovh.com &#8211;&nbsp;2 rue Kellermann [&hellip;]<\/p>\n","protected":false},"author":3,"featured_media":0,"parent":0,"menu_order":0,"comment_status":"closed","ping_status":"closed","template":"","meta":{"_seopress_robots_primary_cat":"","_seopress_titles_title":"Rechtliche Hinweise - EasyPicky","_seopress_titles_desc":"Rechtliche Hinweise - EasyPicky-Website","_seopress_robots_index":"","content-type":"","footnotes":""},"class_list":["post-14204","page","type-page","status-publish","hentry"],"_links":{"self":[{"href":"https:\/\/easypicky.com\/de\/wp-json\/wp\/v2\/pages\/14204","targetHints":{"allow":["GET"]}}],"collection":[{"href":"https:\/\/easypicky.com\/de\/wp-json\/wp\/v2\/pages"}],"about":[{"href":"https:\/\/easypicky.com\/de\/wp-json\/wp\/v2\/types\/page"}],"author":[{"embeddable":true,"href":"https:\/\/easypicky.com\/de\/wp-json\/wp\/v2\/users\/3"}],"replies":[{"embeddable":true,"href":"https:\/\/easypicky.com\/de\/wp-json\/wp\/v2\/comments?post=14204"}],"version-history":[{"count":1,"href":"https:\/\/easypicky.com\/de\/wp-json\/wp\/v2\/pages\/14204\/revisions"}],"predecessor-version":[{"id":14205,"href":"https:\/\/easypicky.com\/de\/wp-json\/wp\/v2\/pages\/14204\/revisions\/14205"}],"wp:attachment":[{"href":"https:\/\/easypicky.com\/de\/wp-json\/wp\/v2\/media?parent=14204"}],"curies":[{"name":"wp","href":"https:\/\/api.w.org\/{rel}","templated":true}]}}